{"id":235692,"date":"2025-12-29T22:42:26","date_gmt":"2025-12-29T19:42:26","guid":{"rendered":"https:\/\/baldumarket.lt\/product\/erden-szafka-rtv-2d-125-bialy\/"},"modified":"2026-02-11T18:34:49","modified_gmt":"2026-02-11T15:34:49","slug":"erden-szafka-rtv-2d-125-bialy","status":"publish","type":"product","link":"https:\/\/baldumarket.lt\/lt\/product\/erden-szafka-rtv-2d-125-bialy\/","title":{"rendered":"ERDEN TV spintel\u0117 2d\/125 balta"},"content":{"rendered":"<p>Kolekcija: Erden Surinkta: Ne Plotis: 125,4 Auk\u0161tis: 50 Gylis: 36,2 Dur\u0173 skai\u010dius: 2 ERDEN 2 dur\u0173 televizoriaus spintel\u0117\/125 balta<br \/>\nDviej\u0173 dur\u0173 televizoriaus spintel\u0117 125 i\u0161 ERDEN kolekcijos, d\u0117ka savo baltos spalvos gamos, paprasto dizaino ir funkcionalumo, puikiai atrodys bet kuriame svetain\u0117je. \u0160is ma\u017eas, bet ne\u012ftik\u0117tinai naudingas baldas, be vietos televizoriui, taip pat turi dvi u\u017edaras spinteles ir atviras lentynas, kuriose savininkas gali pad\u0117ti pried\u0117l\u012f, \u017eaidim\u0173 konsol\u0119 ar nam\u0173 kino garsiakalbi\u0173 sistem\u0105. U\u017edarose spintel\u0117se galima laikyti elektroninius priedus, laidus, \u012fvairius \u012ftaisus, film\u0173 ar muzikos album\u0173 kolekcij\u0105. Spintel\u0117 puikiai der\u0117s su kitais ERDEN kolekcijos baldais.<\/p>","protected":false},"excerpt":{"rendered":"<p>Kolekcija: Erdenas<br \/>\nPlotis cm: 125,4<br \/>\nAuk\u0161tis cm: 50<br \/>\nGylis cm: 36,2<br \/>\nDur\u0173 skai\u010dius: 2<\/p>","protected":false},"featured_media":235693,"comment_status":"open","ping_status":"open","template":"","meta":[],"product_brand":[],"product_cat":[9334,2970,1175],"product_tag":[],"class_list":{"0":"post-235692","1":"product","2":"type-product","3":"status-publish","4":"has-post-thumbnail","6":"product_cat-furniture-collection-erden","7":"product_cat-mebelbos","8":"product_cat-tv-stands","10":"first","11":"instock","12":"purchasable","13":"product-type-simple"},"_links":{"self":[{"href":"https:\/\/baldumarket.lt\/lt\/wp-json\/wp\/v2\/product\/235692","targetHints":{"allow":["GET"]}}],"collection":[{"href":"https:\/\/baldumarket.lt\/lt\/wp-json\/wp\/v2\/product"}],"about":[{"href":"https:\/\/baldumarket.lt\/lt\/wp-json\/wp\/v2\/types\/product"}],"replies":[{"embeddable":true,"href":"https:\/\/baldumarket.lt\/lt\/wp-json\/wp\/v2\/comments?post=235692"}],"wp:featuredmedia":[{"embeddable":true,"href":"https:\/\/baldumarket.lt\/lt\/wp-json\/wp\/v2\/media\/235693"}],"wp:attachment":[{"href":"https:\/\/baldumarket.lt\/lt\/wp-json\/wp\/v2\/media?parent=235692"}],"wp:term":[{"taxonomy":"product_brand","embeddable":true,"href":"https:\/\/baldumarket.lt\/lt\/wp-json\/wp\/v2\/product_brand?post=235692"},{"taxonomy":"product_cat","embeddable":true,"href":"https:\/\/baldumarket.lt\/lt\/wp-json\/wp\/v2\/product_cat?post=235692"},{"taxonomy":"product_tag","embeddable":true,"href":"https:\/\/baldumarket.lt\/lt\/wp-json\/wp\/v2\/product_tag?post=235692"}],"curies":[{"name":"wp","href":"https:\/\/api.w.org\/{rel}","templated":true}]}}