{"id":235685,"date":"2025-12-29T22:42:16","date_gmt":"2025-12-29T19:42:16","guid":{"rendered":"https:\/\/baldumarket.lt\/product\/erden-witryna-1d1w1s-bialy\/"},"modified":"2026-02-11T18:34:49","modified_gmt":"2026-02-11T15:34:49","slug":"erden-witryna-1d1w1s-bialy","status":"publish","type":"product","link":"https:\/\/baldumarket.lt\/lt\/product\/erden-witryna-1d1w1s-bialy\/","title":{"rendered":"ERDEN vitrina, 1 vnt., 1 vnt., 1 vnt., balta"},"content":{"rendered":"<p>Kolekcija: Erden Surinkti baldai: Ne Plotis: 55,6 Auk\u0161tis: 210,6 Gylis: 36,2 Dur\u0173 skai\u010dius: 2 Stal\u010di\u0173 skai\u010dius: 1 Stiklo elementai: Taip ERDEN Vitrina 1D1W1S Balta<br \/>\nVitrina 1D1W1S \u2013 tai eleganti\u0161kos, baltos ERDEN kolekcijos baldas, primenantis klasikin\u012f \u201ckolon\u0105\u201d \u2013 baldas, tinkantis beveik bet kuriems namams ar butui. Paprastos linijos, balta spalva ir dizainas be ranken\u0117li\u0173 suteikia spintelei labai patraukli\u0105 i\u0161vaizd\u0105. Trys lentynos stiklin\u0117je dalyje gali b\u016bti naudojamos dekoratyviniams stalo \u012frankiams, suvenyrams, dekoratyviniams aksesuarams ir knygoms laikyti. \u0160is baldas taip pat puikiai tinka kaip unikalus baras. Stal\u010dius ir u\u017edara spintel\u0117 gali laikyti daugyb\u0119 kasdieni\u0173 daikt\u0173. Vitrina bus patrauklus svetain\u0117s, virtuv\u0117s ar net biuro papildymas. J\u0105 taip pat galima apr\u016bpinti LED ap\u0161vietimu, kuris efektyviai atskleis jos interjer\u0105. Raginame jus susikurti savo i\u0161d\u0117stym\u0105 ir ap\u017ei\u016br\u0117ti kitus EREDEN kolekcijos baldus.<br \/>\nPapildomas vitrinos ap\u0161vietimas<\/p>","protected":false},"excerpt":{"rendered":"<p>Kolekcija: Erdenas<br \/>\nPlotis cm: 55,6<br \/>\n\u016agis cm: 210,6<br \/>\nGylis cm: 36,2<br \/>\nDur\u0173 skai\u010dius: 2<br \/>\nStal\u010di\u0173 skai\u010dius: 1<\/p>","protected":false},"featured_media":235686,"comment_status":"open","ping_status":"open","template":"","meta":[],"product_brand":[],"product_cat":[9334,2970,2006],"product_tag":[],"class_list":{"0":"post-235685","1":"product","2":"type-product","3":"status-publish","4":"has-post-thumbnail","6":"product_cat-furniture-collection-erden","7":"product_cat-mebelbos","8":"product_cat-vitrines","10":"first","11":"instock","12":"purchasable","13":"product-type-simple"},"_links":{"self":[{"href":"https:\/\/baldumarket.lt\/lt\/wp-json\/wp\/v2\/product\/235685","targetHints":{"allow":["GET"]}}],"collection":[{"href":"https:\/\/baldumarket.lt\/lt\/wp-json\/wp\/v2\/product"}],"about":[{"href":"https:\/\/baldumarket.lt\/lt\/wp-json\/wp\/v2\/types\/product"}],"replies":[{"embeddable":true,"href":"https:\/\/baldumarket.lt\/lt\/wp-json\/wp\/v2\/comments?post=235685"}],"wp:featuredmedia":[{"embeddable":true,"href":"https:\/\/baldumarket.lt\/lt\/wp-json\/wp\/v2\/media\/235686"}],"wp:attachment":[{"href":"https:\/\/baldumarket.lt\/lt\/wp-json\/wp\/v2\/media?parent=235685"}],"wp:term":[{"taxonomy":"product_brand","embeddable":true,"href":"https:\/\/baldumarket.lt\/lt\/wp-json\/wp\/v2\/product_brand?post=235685"},{"taxonomy":"product_cat","embeddable":true,"href":"https:\/\/baldumarket.lt\/lt\/wp-json\/wp\/v2\/product_cat?post=235685"},{"taxonomy":"product_tag","embeddable":true,"href":"https:\/\/baldumarket.lt\/lt\/wp-json\/wp\/v2\/product_tag?post=235685"}],"curies":[{"name":"wp","href":"https:\/\/api.w.org\/{rel}","templated":true}]}}