{"id":235672,"date":"2025-12-29T22:41:58","date_gmt":"2025-12-29T19:41:58","guid":{"rendered":"https:\/\/baldumarket.lt\/product\/erden-lawa-120-bialy\/"},"modified":"2026-02-11T18:34:49","modified_gmt":"2026-02-11T15:34:49","slug":"erden-lawa-120-bialy","status":"publish","type":"product","link":"https:\/\/baldumarket.lt\/lt\/product\/erden-lawa-120-bialy\/","title":{"rendered":"ERDEN suolas 120 baltas"},"content":{"rendered":"<p>Kolekcija: Erden Surinkimas: Ne Plotis: 120 Auk\u0161tis: 50 Gylis: 57 ERDEN kolekcijos kavos staliukas 120 yra eleganti\u0161kas baldas, b\u016btinas kiekvienuose namuose. Staliukas pasi\u017eymi paprastu dizainu ir klasikine sta\u010diakampio forma. Balta spalva suteikia jam elegancijos, nepaisant tradicini\u0173 linij\u0173. Staliukas taip pat turi funkcionali\u0105 lentyn\u0105, puikiai tinkan\u010di\u0105 elektronini\u0173 prietais\u0173, \u017eurnal\u0173 ar kit\u0173 smulki\u0173 daikt\u0173 nuotolinio valdymo pultams laikyti. \u0160is baldas lengvai tilps bet kurioje erdv\u0117je. Tiems, kurie m\u0117gsta kurti savo kompozicijas, rekomenduojame kitus ERDEN kolekcijos baldus.<\/p>","protected":false},"excerpt":{"rendered":"<p>Kolekcija: Erdenas<br \/>\nPlotis cm: 120<br \/>\nAuk\u0161tis cm: 50<br \/>\nGylis cm: 57<\/p>","protected":false},"featured_media":235673,"comment_status":"open","ping_status":"open","template":"","meta":[],"product_brand":[],"product_cat":[9334,866,2970],"product_tag":[],"class_list":{"0":"post-235672","1":"product","2":"type-product","3":"status-publish","4":"has-post-thumbnail","6":"product_cat-furniture-collection-erden","7":"product_cat-coffee-tables","8":"product_cat-mebelbos","10":"first","11":"instock","12":"purchasable","13":"product-type-simple"},"_links":{"self":[{"href":"https:\/\/baldumarket.lt\/lt\/wp-json\/wp\/v2\/product\/235672","targetHints":{"allow":["GET"]}}],"collection":[{"href":"https:\/\/baldumarket.lt\/lt\/wp-json\/wp\/v2\/product"}],"about":[{"href":"https:\/\/baldumarket.lt\/lt\/wp-json\/wp\/v2\/types\/product"}],"replies":[{"embeddable":true,"href":"https:\/\/baldumarket.lt\/lt\/wp-json\/wp\/v2\/comments?post=235672"}],"wp:featuredmedia":[{"embeddable":true,"href":"https:\/\/baldumarket.lt\/lt\/wp-json\/wp\/v2\/media\/235673"}],"wp:attachment":[{"href":"https:\/\/baldumarket.lt\/lt\/wp-json\/wp\/v2\/media?parent=235672"}],"wp:term":[{"taxonomy":"product_brand","embeddable":true,"href":"https:\/\/baldumarket.lt\/lt\/wp-json\/wp\/v2\/product_brand?post=235672"},{"taxonomy":"product_cat","embeddable":true,"href":"https:\/\/baldumarket.lt\/lt\/wp-json\/wp\/v2\/product_cat?post=235672"},{"taxonomy":"product_tag","embeddable":true,"href":"https:\/\/baldumarket.lt\/lt\/wp-json\/wp\/v2\/product_tag?post=235672"}],"curies":[{"name":"wp","href":"https:\/\/api.w.org\/{rel}","templated":true}]}}