{"id":235667,"date":"2025-12-29T22:41:51","date_gmt":"2025-12-29T19:41:51","guid":{"rendered":"https:\/\/baldumarket.lt\/product\/erden-lozko-2s-90-bialy\/"},"modified":"2026-02-11T18:34:49","modified_gmt":"2026-02-11T15:34:49","slug":"erden-lozko-2s-90-bialy","status":"publish","type":"product","link":"https:\/\/baldumarket.lt\/lt\/product\/erden-lozko-2s-90-bialy\/","title":{"rendered":"ERDEN lova 2 vnt.\/90 balta"},"content":{"rendered":"<p>Auk\u0161tis cm: 71, Plotis cm: 206,4, Ilgis cm: 94,4, \u010ciu\u017einio plotas cm: 90 x 200, \u010ciu\u017einys \u012fskai\u010diuotas: Ne, R\u0117mas \u012fskai\u010diuotas: Taip, Stal\u010di\u0173 skai\u010dius: 2, Spalva: Balta, Surenkama savaime: Taip. 2S\/90 LOVA i\u0161 ERDEN kolekcijos puikiai tinka vaik\u0173 kambariams, paaugli\u0173 kambariams ar sve\u010di\u0173 miegamiesiems. D\u0117l kompakti\u0161ko dyd\u017eio ji tinka net ir ma\u017eoms erdv\u0117ms. Balta spalva papildys beveik bet kok\u012f interjer\u0105. Lova turi du erdvius stal\u010dius be ranken\u0117li\u0173 patalynei ir prakti\u0161kus galv\u016bgalius.<br \/>\nLova be \u010diu\u017einio. \u010ciu\u017einys parduodamas atskirai.<\/p>","protected":false},"excerpt":{"rendered":"<p>\u016agis cm: 71<br \/>\nPlotis cm: 206,4<br \/>\nIlgis cm: 94,4<br \/>\n\u010ciu\u017einio matmenys cm: 90 x 200<br \/>\n\u010ciu\u017einys \u012fskai\u010diuotas: Ne<br \/>\nR\u0117mas pridedamas: Taip<br \/>\nStal\u010di\u0173 skai\u010dius: 2<\/p>","protected":false},"featured_media":235668,"comment_status":"open","ping_status":"open","template":"","meta":[],"product_brand":[],"product_cat":[9334,505,2970],"product_tag":[],"class_list":{"0":"post-235667","1":"product","2":"type-product","3":"status-publish","4":"has-post-thumbnail","6":"product_cat-furniture-collection-erden","7":"product_cat-bedroom-beds","8":"product_cat-mebelbos","10":"first","11":"instock","12":"purchasable","13":"product-type-simple"},"_links":{"self":[{"href":"https:\/\/baldumarket.lt\/lt\/wp-json\/wp\/v2\/product\/235667","targetHints":{"allow":["GET"]}}],"collection":[{"href":"https:\/\/baldumarket.lt\/lt\/wp-json\/wp\/v2\/product"}],"about":[{"href":"https:\/\/baldumarket.lt\/lt\/wp-json\/wp\/v2\/types\/product"}],"replies":[{"embeddable":true,"href":"https:\/\/baldumarket.lt\/lt\/wp-json\/wp\/v2\/comments?post=235667"}],"wp:featuredmedia":[{"embeddable":true,"href":"https:\/\/baldumarket.lt\/lt\/wp-json\/wp\/v2\/media\/235668"}],"wp:attachment":[{"href":"https:\/\/baldumarket.lt\/lt\/wp-json\/wp\/v2\/media?parent=235667"}],"wp:term":[{"taxonomy":"product_brand","embeddable":true,"href":"https:\/\/baldumarket.lt\/lt\/wp-json\/wp\/v2\/product_brand?post=235667"},{"taxonomy":"product_cat","embeddable":true,"href":"https:\/\/baldumarket.lt\/lt\/wp-json\/wp\/v2\/product_cat?post=235667"},{"taxonomy":"product_tag","embeddable":true,"href":"https:\/\/baldumarket.lt\/lt\/wp-json\/wp\/v2\/product_tag?post=235667"}],"curies":[{"name":"wp","href":"https:\/\/api.w.org\/{rel}","templated":true}]}}