{"id":235649,"date":"2025-12-29T22:41:21","date_gmt":"2025-12-29T19:41:21","guid":{"rendered":"https:\/\/baldumarket.lt\/product\/esteban-polka-150-grafit-dab-evok\/"},"modified":"2026-02-11T18:34:50","modified_gmt":"2026-02-11T15:34:50","slug":"esteban-polka-150-grafit-dab-evok","status":"publish","type":"product","link":"https:\/\/baldumarket.lt\/lt\/product\/esteban-polka-150-grafit-dab-evok\/","title":{"rendered":"ESTEBAN lentyna 150 grafito \/ \u0105\u017euolo evok"},"content":{"rendered":"<p>Kolekcija: Esteban Surinkta: Ne Plotis: 150 Auk\u0161tis: 25 Gylis: 17,5 ESTEBAN Lentyna \u2013 Grafito \/ Evok \u0105\u017euolo spalvos<br \/>\nModerni grafito \/ \u201eEvok Oak\u201c spalvos ESTEBAN lentyna yra stilingas ir funkcionalus bet kokio interjero papildymas. Ji puikiai tinka knygoms, dekoracijoms ar suvenyrams, suteikdama kambariui harmonijos ir elegancijos. Pagaminta i\u0161 laminuotos bald\u0173 plok\u0161t\u0117s, ji yra patvari, lengvai valoma ir puikiai dera su kitais ESTEBAN kolekcijos baldais.<\/p>","protected":false},"excerpt":{"rendered":"<p>Kolekcija: Esteban<br \/>\nPlotis cm: 150<br \/>\nAuk\u0161tis cm: 25<br \/>\nGylis cm: 17,5<\/p>","protected":false},"featured_media":235650,"comment_status":"open","ping_status":"open","template":"","meta":[],"product_brand":[],"product_cat":[9335,1174,2970],"product_tag":[],"class_list":{"0":"post-235649","1":"product","2":"type-product","3":"status-publish","4":"has-post-thumbnail","6":"product_cat-furniture-collection-esteban","7":"product_cat-hanging-shelves","8":"product_cat-mebelbos","10":"first","11":"instock","12":"purchasable","13":"product-type-simple"},"_links":{"self":[{"href":"https:\/\/baldumarket.lt\/lt\/wp-json\/wp\/v2\/product\/235649","targetHints":{"allow":["GET"]}}],"collection":[{"href":"https:\/\/baldumarket.lt\/lt\/wp-json\/wp\/v2\/product"}],"about":[{"href":"https:\/\/baldumarket.lt\/lt\/wp-json\/wp\/v2\/types\/product"}],"replies":[{"embeddable":true,"href":"https:\/\/baldumarket.lt\/lt\/wp-json\/wp\/v2\/comments?post=235649"}],"wp:featuredmedia":[{"embeddable":true,"href":"https:\/\/baldumarket.lt\/lt\/wp-json\/wp\/v2\/media\/235650"}],"wp:attachment":[{"href":"https:\/\/baldumarket.lt\/lt\/wp-json\/wp\/v2\/media?parent=235649"}],"wp:term":[{"taxonomy":"product_brand","embeddable":true,"href":"https:\/\/baldumarket.lt\/lt\/wp-json\/wp\/v2\/product_brand?post=235649"},{"taxonomy":"product_cat","embeddable":true,"href":"https:\/\/baldumarket.lt\/lt\/wp-json\/wp\/v2\/product_cat?post=235649"},{"taxonomy":"product_tag","embeddable":true,"href":"https:\/\/baldumarket.lt\/lt\/wp-json\/wp\/v2\/product_tag?post=235649"}],"curies":[{"name":"wp","href":"https:\/\/api.w.org\/{rel}","templated":true}]}}