{"id":235631,"date":"2025-12-29T22:40:55","date_gmt":"2025-12-29T19:40:55","guid":{"rendered":"https:\/\/baldumarket.lt\/product\/esteban-szafka-na-buty-2d-grafit-dab-evo\/"},"modified":"2026-02-11T18:34:50","modified_gmt":"2026-02-11T15:34:50","slug":"esteban-szafka-na-buty-2d-grafit-dab-evo","status":"publish","type":"product","link":"https:\/\/baldumarket.lt\/lt\/product\/esteban-szafka-na-buty-2d-grafit-dab-evo\/","title":{"rendered":"ESTEBAN bat\u0173 spintel\u0117 2D grafitas \/ \u0105\u017euolas evo"},"content":{"rendered":"<p>Kolekcija: Esteban Surinkimas: Ne Plotis: 80,1 Auk\u0161tis: 48 Gylis: 36 Dur\u0173 skai\u010dius: 2 ESTEBAN 2D grafito \/ \u0105\u017euolo spalvos \u201eevok\u201c bat\u0173 spintel\u0117 \u2013 stilingas ir prakti\u0161kas sprendimas j\u016bs\u0173 prie\u0161kambariui. Pagaminta i\u0161 patvarios laminuotos plok\u0161t\u0117s, ji derina eleganti\u0161k\u0105 grafito spalv\u0105 su \u0161iltu \u201eevok\u201c \u0105\u017euolo atspalviu. Du varstomi fasadai u\u017etikrina patog\u0173 bat\u0173 laikym\u0105, o kompakti\u0161ki matmenys leid\u017eia spintelei puikiai der\u0117ti prie bet kokio interjero.<\/p>","protected":false},"excerpt":{"rendered":"<p>Kolekcija: Esteban<br \/>\nPlotis cm: 80,1<br \/>\n\u016agis cm: 48<br \/>\nGylis cm: 36<br \/>\nDur\u0173 skai\u010dius: 2<\/p>","protected":false},"featured_media":235632,"comment_status":"open","ping_status":"open","template":"","meta":[],"product_brand":[],"product_cat":[9335,2970,1997],"product_tag":[],"class_list":{"0":"post-235631","1":"product","2":"type-product","3":"status-publish","4":"has-post-thumbnail","6":"product_cat-furniture-collection-esteban","7":"product_cat-mebelbos","8":"product_cat-shoe-cabinets","10":"first","11":"instock","12":"purchasable","13":"product-type-simple"},"_links":{"self":[{"href":"https:\/\/baldumarket.lt\/lt\/wp-json\/wp\/v2\/product\/235631","targetHints":{"allow":["GET"]}}],"collection":[{"href":"https:\/\/baldumarket.lt\/lt\/wp-json\/wp\/v2\/product"}],"about":[{"href":"https:\/\/baldumarket.lt\/lt\/wp-json\/wp\/v2\/types\/product"}],"replies":[{"embeddable":true,"href":"https:\/\/baldumarket.lt\/lt\/wp-json\/wp\/v2\/comments?post=235631"}],"wp:featuredmedia":[{"embeddable":true,"href":"https:\/\/baldumarket.lt\/lt\/wp-json\/wp\/v2\/media\/235632"}],"wp:attachment":[{"href":"https:\/\/baldumarket.lt\/lt\/wp-json\/wp\/v2\/media?parent=235631"}],"wp:term":[{"taxonomy":"product_brand","embeddable":true,"href":"https:\/\/baldumarket.lt\/lt\/wp-json\/wp\/v2\/product_brand?post=235631"},{"taxonomy":"product_cat","embeddable":true,"href":"https:\/\/baldumarket.lt\/lt\/wp-json\/wp\/v2\/product_cat?post=235631"},{"taxonomy":"product_tag","embeddable":true,"href":"https:\/\/baldumarket.lt\/lt\/wp-json\/wp\/v2\/product_tag?post=235631"}],"curies":[{"name":"wp","href":"https:\/\/api.w.org\/{rel}","templated":true}]}}