{"id":235625,"date":"2025-12-29T22:40:45","date_gmt":"2025-12-29T19:40:45","guid":{"rendered":"https:\/\/baldumarket.lt\/product\/esteban-szafka-rtv-2d1s-grafit-dab-evok\/"},"modified":"2026-02-11T18:34:50","modified_gmt":"2026-02-11T15:34:50","slug":"esteban-szafka-rtv-2d1s-grafit-dab-evok","status":"publish","type":"product","link":"https:\/\/baldumarket.lt\/lt\/product\/esteban-szafka-rtv-2d1s-grafit-dab-evok\/","title":{"rendered":"ESTEBAN televizoriaus spintel\u0117 2d1s grafito \/ \u0105\u017euolo evok"},"content":{"rendered":"<p>Kolekcija: Esteban Surinkta: Ne Plotis: 150 Auk\u0161tis: 50 Gylis: 42 Dureli\u0173 skai\u010dius: 2 Stal\u010di\u0173 skai\u010dius: 1<br \/>\nESTEBAN 2D1S televizoriaus staliukas i\u0161 grafito\/evok \u0105\u017euolo spalvos yra modernus ir funkcionalus baldas, kuris puikiai papildys j\u016bs\u0173 svetain\u0119. Eleganti\u0161kos grafito ir \u0161iltos evok \u0105\u017euolo apdailos derinys suteikia interjerui jaukumo ir stilingumo.<br \/>\nStovas turi dvi rakinamas spinteles ir prakti\u0161k\u0105 stal\u010di\u0173 ant pilno i\u0161traukimo rutulini\u0173 guoli\u0173 b\u0117geli\u0173, kuriuose patogu laikyti televizoriaus \u012frang\u0105 ir priedus. Tvirta laminuota plok\u0161t\u0117 u\u017etikrina patvarum\u0105, o plastikin\u0117s rankenos ir kojel\u0117s suteikia lengvumo ir modernumo.<\/p>","protected":false},"excerpt":{"rendered":"<p>Kolekcija: Esteban<br \/>\nPlotis cm: 150<br \/>\nAuk\u0161tis cm: 50<br \/>\nGylis cm: 42<br \/>\nDur\u0173 skai\u010dius: 2<br \/>\nStal\u010di\u0173 skai\u010dius: 1<\/p>","protected":false},"featured_media":235626,"comment_status":"open","ping_status":"open","template":"","meta":[],"product_brand":[],"product_cat":[9335,2970,1175],"product_tag":[],"class_list":{"0":"post-235625","1":"product","2":"type-product","3":"status-publish","4":"has-post-thumbnail","6":"product_cat-furniture-collection-esteban","7":"product_cat-mebelbos","8":"product_cat-tv-stands","10":"first","11":"instock","12":"purchasable","13":"product-type-simple"},"_links":{"self":[{"href":"https:\/\/baldumarket.lt\/lt\/wp-json\/wp\/v2\/product\/235625","targetHints":{"allow":["GET"]}}],"collection":[{"href":"https:\/\/baldumarket.lt\/lt\/wp-json\/wp\/v2\/product"}],"about":[{"href":"https:\/\/baldumarket.lt\/lt\/wp-json\/wp\/v2\/types\/product"}],"replies":[{"embeddable":true,"href":"https:\/\/baldumarket.lt\/lt\/wp-json\/wp\/v2\/comments?post=235625"}],"wp:featuredmedia":[{"embeddable":true,"href":"https:\/\/baldumarket.lt\/lt\/wp-json\/wp\/v2\/media\/235626"}],"wp:attachment":[{"href":"https:\/\/baldumarket.lt\/lt\/wp-json\/wp\/v2\/media?parent=235625"}],"wp:term":[{"taxonomy":"product_brand","embeddable":true,"href":"https:\/\/baldumarket.lt\/lt\/wp-json\/wp\/v2\/product_brand?post=235625"},{"taxonomy":"product_cat","embeddable":true,"href":"https:\/\/baldumarket.lt\/lt\/wp-json\/wp\/v2\/product_cat?post=235625"},{"taxonomy":"product_tag","embeddable":true,"href":"https:\/\/baldumarket.lt\/lt\/wp-json\/wp\/v2\/product_tag?post=235625"}],"curies":[{"name":"wp","href":"https:\/\/api.w.org\/{rel}","templated":true}]}}