{"id":235620,"date":"2025-12-29T22:40:37","date_gmt":"2025-12-29T19:40:37","guid":{"rendered":"https:\/\/baldumarket.lt\/product\/esteban-wieszak-80-grafit-dab-evok\/"},"modified":"2026-02-11T18:34:50","modified_gmt":"2026-02-11T15:34:50","slug":"esteban-wieszak-80-grafit-dab-evok","status":"publish","type":"product","link":"https:\/\/baldumarket.lt\/lt\/product\/esteban-wieszak-80-grafit-dab-evok\/","title":{"rendered":"ESTEBAN kabykla 80 grafito \/ \u0105\u017euolo evok"},"content":{"rendered":"<p>Kolekcija: Esteban, Surinkta: Ne, Plotis: 80,1, Auk\u0161tis: 20, Gylis: 1,6<br \/>\nESTEBAN 80 grafito\/evok \u0105\u017euolo spalvos palt\u0173 kabykla yra prakti\u0161kas ir stilingas prie\u0161kambario baldas. \u012erengtas keturiais tvirtais kabliukais, jis puikiai tinka pakabinti striukes, paltus ar krep\u0161ius. Eleganti\u0161kos grafito ir \u0161iltos evok \u0105\u017euolo spalvos derinys sukuria modern\u0173 ir jauk\u0173 \u012fsp\u016bd\u012f, puikiai tinkant\u012f \u0161iuolaikiniam interjerui.<\/p>","protected":false},"excerpt":{"rendered":"<p>Kolekcija: Esteban<br \/>\nPlotis cm: 80,1<br \/>\nAuk\u0161tis cm: 20<br \/>\nGylis cm: 1,6<\/p>","protected":false},"featured_media":235621,"comment_status":"open","ping_status":"open","template":"","meta":[],"product_brand":[],"product_cat":[9335,1931,2970],"product_tag":[],"class_list":{"0":"post-235620","1":"product","2":"type-product","3":"status-publish","4":"has-post-thumbnail","6":"product_cat-furniture-collection-esteban","7":"product_cat-hangers","8":"product_cat-mebelbos","10":"first","11":"instock","12":"purchasable","13":"product-type-simple"},"_links":{"self":[{"href":"https:\/\/baldumarket.lt\/lt\/wp-json\/wp\/v2\/product\/235620","targetHints":{"allow":["GET"]}}],"collection":[{"href":"https:\/\/baldumarket.lt\/lt\/wp-json\/wp\/v2\/product"}],"about":[{"href":"https:\/\/baldumarket.lt\/lt\/wp-json\/wp\/v2\/types\/product"}],"replies":[{"embeddable":true,"href":"https:\/\/baldumarket.lt\/lt\/wp-json\/wp\/v2\/comments?post=235620"}],"wp:featuredmedia":[{"embeddable":true,"href":"https:\/\/baldumarket.lt\/lt\/wp-json\/wp\/v2\/media\/235621"}],"wp:attachment":[{"href":"https:\/\/baldumarket.lt\/lt\/wp-json\/wp\/v2\/media?parent=235620"}],"wp:term":[{"taxonomy":"product_brand","embeddable":true,"href":"https:\/\/baldumarket.lt\/lt\/wp-json\/wp\/v2\/product_brand?post=235620"},{"taxonomy":"product_cat","embeddable":true,"href":"https:\/\/baldumarket.lt\/lt\/wp-json\/wp\/v2\/product_cat?post=235620"},{"taxonomy":"product_tag","embeddable":true,"href":"https:\/\/baldumarket.lt\/lt\/wp-json\/wp\/v2\/product_tag?post=235620"}],"curies":[{"name":"wp","href":"https:\/\/api.w.org\/{rel}","templated":true}]}}