{"id":235604,"date":"2025-12-29T22:40:12","date_gmt":"2025-12-29T19:40:12","guid":{"rendered":"https:\/\/baldumarket.lt\/product\/esteban-witryna-niska-1d1w-grafit-dab-evok\/"},"modified":"2026-02-11T18:34:51","modified_gmt":"2026-02-11T15:34:51","slug":"esteban-witryna-niska-1d1w-grafit-dab-evok","status":"publish","type":"product","link":"https:\/\/baldumarket.lt\/lt\/product\/esteban-witryna-niska-1d1w-grafit-dab-evok\/","title":{"rendered":"ESTEBAN \u017eema vitrinin\u0117 spinta 1d1w grafito \/ \u0105\u017euolo evok"},"content":{"rendered":"<p>Kolekcija: Esteban, Surinkta: Ne, Plotis: 90,4, Auk\u0161tis: 146, Gylis: 42, \u017dema grafito\/evok \u0105\u017euolo spalvos spintel\u0117 ESTEBAN 1D1W yra eleganti\u0161kas ir prakti\u0161kas baldas, kuris puikiai atrodys svetain\u0117je, valgomajame ar darbo kambaryje. Tamsaus grafito ir \u0161ilto evok \u0105\u017euolo atspalvio derinys sukuria unikaliai stiling\u0105 kontrast\u0105, suteikiant\u012f interjerui modern\u0173, ta\u010diau jauk\u0173 charakter\u012f.<br \/>\n\u017dema spintel\u0117 pasi\u017eymi gr\u016bdinto stiklo priekiu, puikiai tinkan\u010diu dekoracijoms, stikliniams indams ar suvenyrams eksponuoti, ir lentynomis i\u0161 visi\u0161kai laminuotos plok\u0161t\u0117s, kurios u\u017etikrina prakti\u0161k\u0105 daikt\u0173 laikym\u0105. Dekoratyviniai frezuoti fasadai su patina pabr\u0117\u017eia unikal\u0173 dizain\u0105, o tvirta laminuotos bald\u0173 plok\u0161t\u0117s konstrukcija u\u017etikrina patvarum\u0105 ir atsparum\u0105 kasdieniam naudojimui.<br \/>\nModernios plastikin\u0117s rankenos ir kojel\u0117s u\u017ebaigia dizain\u0105, suteikia baldui lengvumo poj\u016bt\u012f ir pabr\u0117\u017eia jo eleganti\u0161k\u0105 form\u0105.<\/p>","protected":false},"excerpt":{"rendered":"<p>Kolekcija: Esteban<br \/>\nPlotis cm: 90,4<br \/>\n\u016agis cm: 146<br \/>\nGylis cm: 42<\/p>","protected":false},"featured_media":235605,"comment_status":"open","ping_status":"open","template":"","meta":[],"product_brand":[],"product_cat":[9335,2970,2006],"product_tag":[],"class_list":{"0":"post-235604","1":"product","2":"type-product","3":"status-publish","4":"has-post-thumbnail","6":"product_cat-furniture-collection-esteban","7":"product_cat-mebelbos","8":"product_cat-vitrines","10":"first","11":"instock","12":"purchasable","13":"product-type-simple"},"_links":{"self":[{"href":"https:\/\/baldumarket.lt\/lt\/wp-json\/wp\/v2\/product\/235604","targetHints":{"allow":["GET"]}}],"collection":[{"href":"https:\/\/baldumarket.lt\/lt\/wp-json\/wp\/v2\/product"}],"about":[{"href":"https:\/\/baldumarket.lt\/lt\/wp-json\/wp\/v2\/types\/product"}],"replies":[{"embeddable":true,"href":"https:\/\/baldumarket.lt\/lt\/wp-json\/wp\/v2\/comments?post=235604"}],"wp:featuredmedia":[{"embeddable":true,"href":"https:\/\/baldumarket.lt\/lt\/wp-json\/wp\/v2\/media\/235605"}],"wp:attachment":[{"href":"https:\/\/baldumarket.lt\/lt\/wp-json\/wp\/v2\/media?parent=235604"}],"wp:term":[{"taxonomy":"product_brand","embeddable":true,"href":"https:\/\/baldumarket.lt\/lt\/wp-json\/wp\/v2\/product_brand?post=235604"},{"taxonomy":"product_cat","embeddable":true,"href":"https:\/\/baldumarket.lt\/lt\/wp-json\/wp\/v2\/product_cat?post=235604"},{"taxonomy":"product_tag","embeddable":true,"href":"https:\/\/baldumarket.lt\/lt\/wp-json\/wp\/v2\/product_tag?post=235604"}],"curies":[{"name":"wp","href":"https:\/\/api.w.org\/{rel}","templated":true}]}}