{"id":235599,"date":"2025-12-29T22:40:03","date_gmt":"2025-12-29T19:40:03","guid":{"rendered":"https:\/\/baldumarket.lt\/product\/esteban-witryna-niska-2d1w-grafit-dab-evok\/"},"modified":"2026-02-11T18:34:51","modified_gmt":"2026-02-11T15:34:51","slug":"esteban-witryna-niska-2d1w-grafit-dab-evok","status":"publish","type":"product","link":"https:\/\/baldumarket.lt\/lt\/product\/esteban-witryna-niska-2d1w-grafit-dab-evok\/","title":{"rendered":"ESTEBAN \u017eema vitrinin\u0117 spinta 2d1w grafito \/ \u0105\u017euolo evok"},"content":{"rendered":"<p>Kolekcija: Esteban<br \/>\nSurinktas: Ne<br \/>\nPlotis: 90<br \/>\n\u016agis: 132<br \/>\nGylis: 34<br \/>\n\u017dema grafito\/evok \u0105\u017euolo spalvos vitrina ESTEBAN 2-D1W derina modern\u0173 elegancij\u0105 ir funkcionalum\u0105, puikiai papildydama svetain\u0117s, valgomojo ar darbo kambario interjer\u0105. Tamsaus grafito ir \u0161ilto evok \u0105\u017euolo atspalvio kontrastas sukuria harmoning\u0105 kompozicij\u0105, suteikian\u010di\u0105 interjerui jaukumo ir stilingumo.<br \/>\nSpintel\u0117s priekis pagamintas i\u0161 gr\u016bdinto stiklo, tod\u0117l puikiai tinka eksponuoti dekoracijas, stalo \u012frankius ar m\u0117gstamus suvenyrus. Prakti\u0161kos laminuoto kartono lentynos apa\u010dioje suteikia papildomos vietos daiktams susid\u0117ti.<br \/>\nI\u0161skirtiniai frezuoti fasadai su subtilia patina pabr\u0117\u017eia unikal\u0173 kolekcijos dizain\u0105, o tvirta auk\u0161tos kokyb\u0117s laminuotos plok\u0161t\u0117s konstrukcija u\u017etikrina ilgaam\u017ei\u0161kum\u0105 ir atsparum\u0105 kasdieniam naudojimui. \u0160iuolaikin\u0117s rankenos ir lengvos plastikin\u0117s kojel\u0117s u\u017ebaigia dizain\u0105, suteikdamos spintelei subtilios elegancijos.<\/p>","protected":false},"excerpt":{"rendered":"<p>Kolekcija: Esteban<br \/>\nPlotis cm: 90<br \/>\n\u016agis cm: 132<br \/>\nGylis cm: 34<\/p>","protected":false},"featured_media":235600,"comment_status":"open","ping_status":"open","template":"","meta":[],"product_brand":[],"product_cat":[9335,2970,2006],"product_tag":[],"class_list":{"0":"post-235599","1":"product","2":"type-product","3":"status-publish","4":"has-post-thumbnail","6":"product_cat-furniture-collection-esteban","7":"product_cat-mebelbos","8":"product_cat-vitrines","10":"first","11":"instock","12":"purchasable","13":"product-type-simple"},"_links":{"self":[{"href":"https:\/\/baldumarket.lt\/lt\/wp-json\/wp\/v2\/product\/235599","targetHints":{"allow":["GET"]}}],"collection":[{"href":"https:\/\/baldumarket.lt\/lt\/wp-json\/wp\/v2\/product"}],"about":[{"href":"https:\/\/baldumarket.lt\/lt\/wp-json\/wp\/v2\/types\/product"}],"replies":[{"embeddable":true,"href":"https:\/\/baldumarket.lt\/lt\/wp-json\/wp\/v2\/comments?post=235599"}],"wp:featuredmedia":[{"embeddable":true,"href":"https:\/\/baldumarket.lt\/lt\/wp-json\/wp\/v2\/media\/235600"}],"wp:attachment":[{"href":"https:\/\/baldumarket.lt\/lt\/wp-json\/wp\/v2\/media?parent=235599"}],"wp:term":[{"taxonomy":"product_brand","embeddable":true,"href":"https:\/\/baldumarket.lt\/lt\/wp-json\/wp\/v2\/product_brand?post=235599"},{"taxonomy":"product_cat","embeddable":true,"href":"https:\/\/baldumarket.lt\/lt\/wp-json\/wp\/v2\/product_cat?post=235599"},{"taxonomy":"product_tag","embeddable":true,"href":"https:\/\/baldumarket.lt\/lt\/wp-json\/wp\/v2\/product_tag?post=235599"}],"curies":[{"name":"wp","href":"https:\/\/api.w.org\/{rel}","templated":true}]}}