{"id":235592,"date":"2025-12-29T22:39:53","date_gmt":"2025-12-29T19:39:53","guid":{"rendered":"https:\/\/baldumarket.lt\/product\/esteban-witryna-wiszaca-2d1w-grafit-dab-evok\/"},"modified":"2026-02-11T18:34:51","modified_gmt":"2026-02-11T15:34:51","slug":"esteban-witryna-wiszaca-2d1w-grafit-dab-evok","status":"publish","type":"product","link":"https:\/\/baldumarket.lt\/lt\/product\/esteban-witryna-wiszaca-2d1w-grafit-dab-evok\/","title":{"rendered":"ESTEBAN pakabinama vitrina, 2 vnt., 1 vnt., grafito spalvos \/ \u0105\u017euolo spalvos, evok"},"content":{"rendered":"<p>ESTEBAN 2D1W grafito\/\u0105\u017euolo spalvos \u201eevok\u201c pakabinama vitrina derina modern\u0173 elegancij\u0105 ir funkcionalum\u0105, puikiai papildydama svetain\u0117s, valgomojo ar darbo kambario interjer\u0105. Tamsaus grafito ir \u0161ilto \u201eevok\u201c \u0105\u017euolo atspalvio kontrastas sukuria harmoning\u0105 kompozicij\u0105, suteikian\u010di\u0105 interjerui jaukumo ir stilingumo.<br \/>\n\u0160is baldas buvo sukurtas taupant viet\u0105 \u2013 tvirtinamas prie sienos, jis leid\u017eia efektyviai eksponuoti dekoracijas, stalo \u012frankius ar m\u0117gstamus suvenyrus. Gr\u016bdinto stiklo priekin\u0117 dalis suteikia konstrukcijai lengvumo ir modernumo, o u\u017edaros laminuotos plok\u0161t\u0117s lentynos suteikia prakti\u0161kos vietos daiktams susid\u0117ti.<br \/>\nI\u0161skirtiniai frezuoti fasadai su subtilia patina pabr\u0117\u017eia unikal\u0173 kolekcijos dizain\u0105. Tvirta auk\u0161tos kokyb\u0117s laminuotos plok\u0161t\u0117s konstrukcija u\u017etikrina ilgaam\u017ei\u0161kum\u0105 ir atsparum\u0105 kasdieniam naudojimui, o modernios rankenos eleganti\u0161kai papildo bendr\u0105 dizain\u0105.<\/p>","protected":false},"excerpt":{"rendered":"<p>Kolekcija: Esteban<br \/>\nPlotis cm: 90<br \/>\nAuk\u0161tis cm: 99<br \/>\nGylis cm: 34<br \/>\nDur\u0173 skai\u010dius: 2<\/p>","protected":false},"featured_media":235593,"comment_status":"open","ping_status":"open","template":"","meta":[],"product_brand":[],"product_cat":[9335,2970,2006],"product_tag":[],"class_list":{"0":"post-235592","1":"product","2":"type-product","3":"status-publish","4":"has-post-thumbnail","6":"product_cat-furniture-collection-esteban","7":"product_cat-mebelbos","8":"product_cat-vitrines","10":"first","11":"instock","12":"purchasable","13":"product-type-simple"},"_links":{"self":[{"href":"https:\/\/baldumarket.lt\/lt\/wp-json\/wp\/v2\/product\/235592","targetHints":{"allow":["GET"]}}],"collection":[{"href":"https:\/\/baldumarket.lt\/lt\/wp-json\/wp\/v2\/product"}],"about":[{"href":"https:\/\/baldumarket.lt\/lt\/wp-json\/wp\/v2\/types\/product"}],"replies":[{"embeddable":true,"href":"https:\/\/baldumarket.lt\/lt\/wp-json\/wp\/v2\/comments?post=235592"}],"wp:featuredmedia":[{"embeddable":true,"href":"https:\/\/baldumarket.lt\/lt\/wp-json\/wp\/v2\/media\/235593"}],"wp:attachment":[{"href":"https:\/\/baldumarket.lt\/lt\/wp-json\/wp\/v2\/media?parent=235592"}],"wp:term":[{"taxonomy":"product_brand","embeddable":true,"href":"https:\/\/baldumarket.lt\/lt\/wp-json\/wp\/v2\/product_brand?post=235592"},{"taxonomy":"product_cat","embeddable":true,"href":"https:\/\/baldumarket.lt\/lt\/wp-json\/wp\/v2\/product_cat?post=235592"},{"taxonomy":"product_tag","embeddable":true,"href":"https:\/\/baldumarket.lt\/lt\/wp-json\/wp\/v2\/product_tag?post=235592"}],"curies":[{"name":"wp","href":"https:\/\/api.w.org\/{rel}","templated":true}]}}