{"id":235588,"date":"2025-12-29T22:39:47","date_gmt":"2025-12-29T19:39:47","guid":{"rendered":"https:\/\/baldumarket.lt\/product\/esteban-lawa-110-grafit-dab-evok\/"},"modified":"2026-02-11T18:34:51","modified_gmt":"2026-02-11T15:34:51","slug":"esteban-lawa-110-grafit-dab-evok","status":"publish","type":"product","link":"https:\/\/baldumarket.lt\/lt\/product\/esteban-lawa-110-grafit-dab-evok\/","title":{"rendered":"ESTEBAN suolas 110 grafito \/ \u0105\u017euolo evok"},"content":{"rendered":"<p>Plotis cm: 110 Gylis cm: 65 Stal\u010di\u0173 skai\u010dius: 47 Surinkimas savaime: taip<br \/>\nESTEBAN kavos staliukas \u2013 grafito \/ Evok \u0105\u017euolo spalvos<br \/>\nSukurkite jauki\u0105 ir stiling\u0105 viet\u0105 atsipalaiduoti su moderniu ESTEBAN kavos staliuku grafito \/ Evok \u0105\u017euolo spalvos. \u0160is eleganti\u0161kas kavos staliukas puikiai derina minimalistin\u012f modern\u0173 dizain\u0105 su nat\u016braliu med\u017eio \u017eavesiu, sukurdamas unikal\u0173 bald\u0105 bet kuriai svetainei.<br \/>\nVir\u0161us ir lentyna, pagaminti i\u0161 laminuotos bald\u0173 plok\u0161t\u0117s, yra atspar\u016bs \u012fbr\u0117\u017eimams ir lengvai valomi. Tvirta konstrukcija u\u017etikrina stabilum\u0105, o prakti\u0161ka apatin\u0117 lentyna yra puiki vieta knygoms, laikra\u0161\u010diams ar dekoracijoms.<br \/>\nKontrastingas grafito ir \u0161ilto \u201eEvok Oak\u201c \u0105\u017euolo atspalvio derinys suteikia kavos staliukui unikal\u0173 charakter\u012f ir puikiai dera su kitais ESTEBAN kolekcijos baldais. Specifikacijos:<br \/>\nSpalva: Grafito \/ Evok \u0105\u017euolo<br \/>\nPriekin\u0117s dalys: laminuota bald\u0173 plok\u0161t\u0117<br \/>\nKorpusas: laminuota bald\u0173 plok\u0161t\u0117<br \/>\nVir\u0161us: laminuota bald\u0173 plok\u0161t\u0117<br \/>\nPagrindin\u0117s savyb\u0117s:<br \/>\nModernus, eleganti\u0161kas dizainas<br \/>\nTvirta ir stabili konstrukcija<br \/>\nPrakti\u0161ka lentyna patogiems daiktams<br \/>\nLengvai valomas ir patvarus pavir\u0161ius<br \/>\nPuikiai dera su kitais ESTEBAN kolekcijos baldais<br \/>\nESTEBAN kavos staliukas apjungia funkcionalum\u0105 ir estetik\u0105 \u2013 puikus pasirinkimas svetainei, kurioje svarbus stilius ir kasdienis komfortas.<\/p>","protected":false},"excerpt":{"rendered":"<p>Plotis cm: 110<br \/>\nGylis cm: 65<br \/>\nStal\u010di\u0173 skai\u010dius: 47<br \/>\nSavaranki\u0161kas surinkimas: taip<\/p>","protected":false},"featured_media":235589,"comment_status":"open","ping_status":"open","template":"","meta":[],"product_brand":[],"product_cat":[9335,866,2970],"product_tag":[],"class_list":{"0":"post-235588","1":"product","2":"type-product","3":"status-publish","4":"has-post-thumbnail","6":"product_cat-furniture-collection-esteban","7":"product_cat-coffee-tables","8":"product_cat-mebelbos","10":"first","11":"instock","12":"purchasable","13":"product-type-simple"},"_links":{"self":[{"href":"https:\/\/baldumarket.lt\/lt\/wp-json\/wp\/v2\/product\/235588","targetHints":{"allow":["GET"]}}],"collection":[{"href":"https:\/\/baldumarket.lt\/lt\/wp-json\/wp\/v2\/product"}],"about":[{"href":"https:\/\/baldumarket.lt\/lt\/wp-json\/wp\/v2\/types\/product"}],"replies":[{"embeddable":true,"href":"https:\/\/baldumarket.lt\/lt\/wp-json\/wp\/v2\/comments?post=235588"}],"wp:featuredmedia":[{"embeddable":true,"href":"https:\/\/baldumarket.lt\/lt\/wp-json\/wp\/v2\/media\/235589"}],"wp:attachment":[{"href":"https:\/\/baldumarket.lt\/lt\/wp-json\/wp\/v2\/media?parent=235588"}],"wp:term":[{"taxonomy":"product_brand","embeddable":true,"href":"https:\/\/baldumarket.lt\/lt\/wp-json\/wp\/v2\/product_brand?post=235588"},{"taxonomy":"product_cat","embeddable":true,"href":"https:\/\/baldumarket.lt\/lt\/wp-json\/wp\/v2\/product_cat?post=235588"},{"taxonomy":"product_tag","embeddable":true,"href":"https:\/\/baldumarket.lt\/lt\/wp-json\/wp\/v2\/product_tag?post=235588"}],"curies":[{"name":"wp","href":"https:\/\/api.w.org\/{rel}","templated":true}]}}