{"id":235584,"date":"2025-12-29T22:39:39","date_gmt":"2025-12-29T19:39:39","guid":{"rendered":"https:\/\/baldumarket.lt\/product\/evo-komoda-2d-kaszmir-dab-castello\/"},"modified":"2026-02-11T18:34:51","modified_gmt":"2026-02-11T15:34:51","slug":"evo-komoda-2d-kaszmir-dab-castello","status":"publish","type":"product","link":"https:\/\/baldumarket.lt\/lt\/product\/evo-komoda-2d-kaszmir-dab-castello\/","title":{"rendered":"EVO 2D komoda, ka\u0161myro\/kastello \u0105\u017euolo spalvos"},"content":{"rendered":"<p>EVO komoda su 2 stal\u010diais, ka\u0161myro \/ Castello \u0105\u017euolo spalvos<br \/>\nKomoda \u201eEVO\u201c su dviem stal\u010diais \u2013 tai unikalus estetikos ir prakti\u0161kumo derinys. Minimalistinis dizainas, pary\u0161kintas subtilaus ka\u0161myro atspalvio korpuso, suteikia interjerui harmonijos ir ramyb\u0117s. Geometrinis fasad\u0173 ra\u0161tas, \u012fkv\u0117ptas naujausi\u0173 dizaino tendencij\u0173, suteikia baldui unikal\u0173 charakter\u012f. Stalvir\u0161is, pagamintas i\u0161 auk\u0161tos kokyb\u0117s nat\u016bralaus Castello \u0105\u017euolo atspalvio bald\u0173 plok\u0161t\u0117s, yra patvarus ir atsparus pa\u017eeidimams.<br \/>\nJuodos metalin\u0117s ranken\u0117l\u0117s suteikia komodai eleganti\u0161k\u0105 ir modern\u0173 akcent\u0105. Auk\u0161tos metalin\u0117s kojel\u0117s leid\u017eia lengvai palaikyti \u0161var\u0105 po apa\u010dia. D\u0117l to EVO komoda suderinama su valymo robotais \u2013 itin prakti\u0161kas sprendimas m\u016bs\u0173 skuban\u010diais laikais.<br \/>\nKomoda EVO yra ne tik puiki laikymo vieta daiktams, bet ir stilingas bet kokio interjero papildymas. J\u0105 galima s\u0117kmingai naudoti svetain\u0117je, miegamajame, prie\u0161kambaryje ar net biure. Erdvus interjeras leid\u017eia susitvarkyti \u012fvairius daiktus, tokius kaip drabu\u017eiai, knygos, dokumentai ir elektronika.<br \/>\nSpalva: Ka\u0161myras \/ Castello \u0105\u017euolas<br \/>\nPriekin\u0117s dalys: MDF plok\u0161t\u0117 su PVC folija \/ laminuota bald\u0173 plok\u0161t\u0117<br \/>\nKorpusas: laminuota bald\u0173 plok\u0161t\u0117<br \/>\nVir\u0161us: laminuota bald\u0173 plok\u0161t\u0117<br \/>\nStal\u010diai: rutuliniai guoliai, pilno i\u0161traukimo<br \/>\nKojel\u0117s: metalin\u0117s<br \/>\nRankenos: metalin\u0117s<\/p>","protected":false},"excerpt":{"rendered":"<p>Kolekcija: EVO<br \/>\nPlotis cm: 123,4<br \/>\n\u016agis cm: 95,4<br \/>\nGylis cm: 40<br \/>\nDur\u0173 skai\u010dius: 2<\/p>","protected":false},"featured_media":235585,"comment_status":"open","ping_status":"open","template":"","meta":[],"product_brand":[],"product_cat":[9336,1173,2970],"product_tag":[],"class_list":{"0":"post-235584","1":"product","2":"type-product","3":"status-publish","4":"has-post-thumbnail","6":"product_cat-furniture-collection-evo","7":"product_cat-chests-of-drawers","8":"product_cat-mebelbos","10":"first","11":"instock","12":"purchasable","13":"product-type-simple"},"_links":{"self":[{"href":"https:\/\/baldumarket.lt\/lt\/wp-json\/wp\/v2\/product\/235584","targetHints":{"allow":["GET"]}}],"collection":[{"href":"https:\/\/baldumarket.lt\/lt\/wp-json\/wp\/v2\/product"}],"about":[{"href":"https:\/\/baldumarket.lt\/lt\/wp-json\/wp\/v2\/types\/product"}],"replies":[{"embeddable":true,"href":"https:\/\/baldumarket.lt\/lt\/wp-json\/wp\/v2\/comments?post=235584"}],"wp:featuredmedia":[{"embeddable":true,"href":"https:\/\/baldumarket.lt\/lt\/wp-json\/wp\/v2\/media\/235585"}],"wp:attachment":[{"href":"https:\/\/baldumarket.lt\/lt\/wp-json\/wp\/v2\/media?parent=235584"}],"wp:term":[{"taxonomy":"product_brand","embeddable":true,"href":"https:\/\/baldumarket.lt\/lt\/wp-json\/wp\/v2\/product_brand?post=235584"},{"taxonomy":"product_cat","embeddable":true,"href":"https:\/\/baldumarket.lt\/lt\/wp-json\/wp\/v2\/product_cat?post=235584"},{"taxonomy":"product_tag","embeddable":true,"href":"https:\/\/baldumarket.lt\/lt\/wp-json\/wp\/v2\/product_tag?post=235584"}],"curies":[{"name":"wp","href":"https:\/\/api.w.org\/{rel}","templated":true}]}}