{"id":235577,"date":"2025-12-29T22:39:29","date_gmt":"2025-12-29T19:39:29","guid":{"rendered":"https:\/\/baldumarket.lt\/product\/evo-komoda-2d3s-kaszmir-dab-castello\/"},"modified":"2026-02-11T18:34:51","modified_gmt":"2026-02-11T15:34:51","slug":"evo-komoda-2d3s-kaszmir-dab-castello","status":"publish","type":"product","link":"https:\/\/baldumarket.lt\/lt\/product\/evo-komoda-2d3s-kaszmir-dab-castello\/","title":{"rendered":"EVO komoda, 2 stal\u010diai, 3 stal\u010diai, ka\u0161myras \/ \u0105\u017euolas \u201eCastello\u201c"},"content":{"rendered":"<p>EVO 2d3s komoda, ka\u0161myro \/ Castello \u0105\u017euolo spalvos<br \/>\nIe\u0161kote baldo, kuriame eleganti\u0161kas dizainas der\u0117t\u0173 su prakti\u0161kais sprendimais? EVO 2d3s komoda pateisins j\u016bs\u0173 l\u016bkes\u010dius! Unikalus, geometrinis ra\u0161tas ant fasad\u0173 subtilaus ka\u0161myro atspalvio suteikia j\u016bs\u0173 interjerui subtilios elegancijos ir modernumo. Dekoratyvinis frezavimas suteikia gylio ir paver\u010dia komod\u0105 ak\u012f traukian\u010dia.<br \/>\nStalvir\u0161is, pagamintas i\u0161 auk\u0161tos kokyb\u0117s \u201eCastello Oak\u201c lentos, suteikia interjerui nat\u016bral\u0173 akcent\u0105 ir puikiai papildo kitus bald\u0173 elementus. Komoda \u201eEVO\u201c yra ne tik gra\u017ei dekoracija, bet ir prakti\u0161kas daikt\u0173 laikymo sprendimas. Erdv\u016bs stal\u010diai ir spintel\u0117s tilps visi j\u016bs\u0173 reikalingi daiktai, i\u0161laikant tvark\u0105 j\u016bs\u0173 namuose.<br \/>\nAuk\u0161tos metalin\u0117s kojel\u0117s leid\u017eia valymo robotui laisvai jud\u0117ti, tod\u0117l nepaprastai lengva tvarkyti erdv\u0119 aplink komod\u0105. EVO komoda \u2013 tai baldas, puikiai atitinkantis naujausias interjero dizaino tendencijas ir tarnaujantis jums ilgus metus.<br \/>\nSpalva: Ka\u0161myras \/ Castello \u0105\u017euolas<br \/>\nPriekin\u0117s dalys: MDF plok\u0161t\u0117 su PVC folija \/ laminuota bald\u0173 plok\u0161t\u0117<br \/>\nKorpusas: laminuota bald\u0173 plok\u0161t\u0117<br \/>\nVir\u0161us: laminuota bald\u0173 plok\u0161t\u0117<br \/>\nStal\u010diai: rutuliniai guoliai, pilno i\u0161traukimo<br \/>\nKojel\u0117s: metalin\u0117s<br \/>\nRankenos: metalin\u0117s<\/p>","protected":false},"excerpt":{"rendered":"<p>Kolekcija: EVO<br \/>\nPlotis cm: 183,4<br \/>\n\u016agis cm: 75,2<br \/>\nGylis cm: 40<br \/>\nDur\u0173 skai\u010dius: 2<br \/>\nStal\u010di\u0173 skai\u010dius: 3<\/p>","protected":false},"featured_media":235578,"comment_status":"open","ping_status":"open","template":"","meta":[],"product_brand":[],"product_cat":[9336,1173,2970],"product_tag":[],"class_list":{"0":"post-235577","1":"product","2":"type-product","3":"status-publish","4":"has-post-thumbnail","6":"product_cat-furniture-collection-evo","7":"product_cat-chests-of-drawers","8":"product_cat-mebelbos","10":"first","11":"instock","12":"purchasable","13":"product-type-simple"},"_links":{"self":[{"href":"https:\/\/baldumarket.lt\/lt\/wp-json\/wp\/v2\/product\/235577","targetHints":{"allow":["GET"]}}],"collection":[{"href":"https:\/\/baldumarket.lt\/lt\/wp-json\/wp\/v2\/product"}],"about":[{"href":"https:\/\/baldumarket.lt\/lt\/wp-json\/wp\/v2\/types\/product"}],"replies":[{"embeddable":true,"href":"https:\/\/baldumarket.lt\/lt\/wp-json\/wp\/v2\/comments?post=235577"}],"wp:featuredmedia":[{"embeddable":true,"href":"https:\/\/baldumarket.lt\/lt\/wp-json\/wp\/v2\/media\/235578"}],"wp:attachment":[{"href":"https:\/\/baldumarket.lt\/lt\/wp-json\/wp\/v2\/media?parent=235577"}],"wp:term":[{"taxonomy":"product_brand","embeddable":true,"href":"https:\/\/baldumarket.lt\/lt\/wp-json\/wp\/v2\/product_brand?post=235577"},{"taxonomy":"product_cat","embeddable":true,"href":"https:\/\/baldumarket.lt\/lt\/wp-json\/wp\/v2\/product_cat?post=235577"},{"taxonomy":"product_tag","embeddable":true,"href":"https:\/\/baldumarket.lt\/lt\/wp-json\/wp\/v2\/product_tag?post=235577"}],"curies":[{"name":"wp","href":"https:\/\/api.w.org\/{rel}","templated":true}]}}