{"id":235572,"date":"2025-12-29T22:39:22","date_gmt":"2025-12-29T19:39:22","guid":{"rendered":"https:\/\/baldumarket.lt\/product\/evo-komoda-z-polkami-2d-kaszmir-dab-castello\/"},"modified":"2026-02-11T18:34:51","modified_gmt":"2026-02-11T15:34:51","slug":"evo-komoda-z-polkami-2d-kaszmir-dab-castello","status":"publish","type":"product","link":"https:\/\/baldumarket.lt\/lt\/product\/evo-komoda-z-polkami-2d-kaszmir-dab-castello\/","title":{"rendered":"EVO komoda su 2D lentynomis, ka\u0161myras \/ \u0105\u017euolas \u201eCastello\u201c"},"content":{"rendered":"<p>EVO komoda su 2D lentynomis, ka\u0161myro \/ Castello \u0105\u017euolo spalvos<br \/>\nKomoda EVO \u2013 tai \u0161iuolaikinio dizaino kvintesencija, suteikianti j\u016bs\u0173 interjerui elegancijos ir i\u0161skirtinio funkcionalumo. Subtiliai frezuoti, subtilaus ka\u0161myro atspalvio fasadai suteikia baldui unikal\u0173 charakter\u012f, puikiai derant\u012f su naujausiomis dizaino tendencijomis. Minimalistin\u0117s formos ir \u0161iltos, nat\u016bralios Castello \u0105\u017euolo medienos derinys sukuria harmoning\u0105 kompozicij\u0105, kuri traukia ak\u012f ir sukuria jauki\u0105 atmosfer\u0105.<br \/>\nAuk\u0161tos metalin\u0117s kojel\u0117s suteikia komodai lengvumo ir leid\u017eia valymo robotui laisvai jud\u0117ti. Tai leid\u017eia nepaprastai lengvai tvarkyti erdv\u0119 aplink komod\u0105. Erdviose spintel\u0117se ir atvirose lentynose telpa tiek m\u0117gstamos knygos, tiek dekoratyviniai daiktai, tod\u0117l galite palaikyti tvark\u0105 svetain\u0117je, miegamajame ar koridoriuje. EVO komoda \u2013 tai investicija \u012f estetik\u0105 ir komfort\u0105 ateinantiems metams.<\/p>","protected":false},"excerpt":{"rendered":"<p>Kolekcija: EVO<br \/>\nPlotis cm: 153,4<br \/>\n\u016agis cm: 95,4<br \/>\nGylis cm: 40<br \/>\nDur\u0173 skai\u010dius: 2<\/p>","protected":false},"featured_media":235573,"comment_status":"open","ping_status":"open","template":"","meta":[],"product_brand":[],"product_cat":[9336,1173,2970],"product_tag":[],"class_list":{"0":"post-235572","1":"product","2":"type-product","3":"status-publish","4":"has-post-thumbnail","6":"product_cat-furniture-collection-evo","7":"product_cat-chests-of-drawers","8":"product_cat-mebelbos","10":"first","11":"instock","12":"purchasable","13":"product-type-simple"},"_links":{"self":[{"href":"https:\/\/baldumarket.lt\/lt\/wp-json\/wp\/v2\/product\/235572","targetHints":{"allow":["GET"]}}],"collection":[{"href":"https:\/\/baldumarket.lt\/lt\/wp-json\/wp\/v2\/product"}],"about":[{"href":"https:\/\/baldumarket.lt\/lt\/wp-json\/wp\/v2\/types\/product"}],"replies":[{"embeddable":true,"href":"https:\/\/baldumarket.lt\/lt\/wp-json\/wp\/v2\/comments?post=235572"}],"wp:featuredmedia":[{"embeddable":true,"href":"https:\/\/baldumarket.lt\/lt\/wp-json\/wp\/v2\/media\/235573"}],"wp:attachment":[{"href":"https:\/\/baldumarket.lt\/lt\/wp-json\/wp\/v2\/media?parent=235572"}],"wp:term":[{"taxonomy":"product_brand","embeddable":true,"href":"https:\/\/baldumarket.lt\/lt\/wp-json\/wp\/v2\/product_brand?post=235572"},{"taxonomy":"product_cat","embeddable":true,"href":"https:\/\/baldumarket.lt\/lt\/wp-json\/wp\/v2\/product_cat?post=235572"},{"taxonomy":"product_tag","embeddable":true,"href":"https:\/\/baldumarket.lt\/lt\/wp-json\/wp\/v2\/product_tag?post=235572"}],"curies":[{"name":"wp","href":"https:\/\/api.w.org\/{rel}","templated":true}]}}