{"id":235566,"date":"2025-12-29T22:39:12","date_gmt":"2025-12-29T19:39:12","guid":{"rendered":"https:\/\/baldumarket.lt\/product\/evo-panel-przedpokojowy-80-kaszmir-dab-castello\/"},"modified":"2026-04-07T16:16:40","modified_gmt":"2026-04-07T13:16:40","slug":"evo-panel-przedpokojowy-80-kaszmir-dab-castello","status":"publish","type":"product","link":"https:\/\/baldumarket.lt\/lt\/product\/evo-panel-przedpokojowy-80-kaszmir-dab-castello\/","title":{"rendered":"EVO prie\u0161kambario panel\u0117 80 ka\u0161myras \/ \u0105\u017euolas \u201eCastello\u201c"},"content":{"rendered":"<p>EVO 80 \u012f\u0117jimo plok\u0161t\u0117 \u2013 ka\u0161myro \/ Castello \u0105\u017euolo<br \/>\nFunkcionalus ir stilingas EVO 80 \u012f\u0117jimo skydelis \u2013 puikus sprendimas moderniam interjerui. Madinga ka\u0161myro spalv\u0173 gama su subtiliais \u201eCastello\u201c \u0105\u017euolo akcentais \u2013 tai prakti\u0161kas j\u016bs\u0173 \u012f\u0117jimo papildymas, derinantis estetin\u012f patrauklum\u0105 ir naudojimo paprastum\u0105.<br \/>\nD\u0117l prakti\u0161k\u0173 lentyn\u0173, pagamint\u0173 i\u0161 laminuotos bald\u0173 plok\u0161t\u0117s, ji puikiai tinka smulkiems aksesuarams, pavyzd\u017eiui, raktams, kepur\u0117ms ar rankin\u0117ms. Kompakti\u0161kas dizainas puikiai tinka ma\u017eesniems koridoriams ir yra pakankamai funkcionalus.<br \/>\nTechnin\u0117s specifikacijos:<br \/>\nKorpuso med\u017eiaga: laminuota bald\u0173 plok\u0161t\u0117<br \/>\nKorpuso spalva: Ka\u0161myras<br \/>\nAkcentin\u0117 spalva: Castello \u0105\u017euolas<br \/>\nLentynos: Tvirtos, pagamintos i\u0161 laminuotos bald\u0173 plok\u0161t\u0117s<br \/>\nLentynos apkrova: iki 5 kg<br \/>\nEVO \u012f\u0117jimo plok\u0161t\u0117 puikiai papildo j\u016bs\u0173 prie\u0161kambario dizain\u0105 \u2013 yra moderni, prakti\u0161ka ir esteti\u0161kai rafinuota.<\/p>","protected":false},"excerpt":{"rendered":"<p>Kolekcija: EVO<br \/>\nPlotis cm: 80<br \/>\nAuk\u0161tis cm: 120<br \/>\nGylis cm: 24,5<\/p>","protected":false},"featured_media":235567,"comment_status":"open","ping_status":"open","template":"","meta":[],"product_brand":[],"product_cat":[9336,1931,2970],"product_tag":[],"class_list":{"0":"post-235566","1":"product","2":"type-product","3":"status-publish","4":"has-post-thumbnail","6":"product_cat-furniture-collection-evo","7":"product_cat-hangers","8":"product_cat-mebelbos","10":"first","11":"instock","12":"purchasable","13":"product-type-simple"},"_links":{"self":[{"href":"https:\/\/baldumarket.lt\/lt\/wp-json\/wp\/v2\/product\/235566","targetHints":{"allow":["GET"]}}],"collection":[{"href":"https:\/\/baldumarket.lt\/lt\/wp-json\/wp\/v2\/product"}],"about":[{"href":"https:\/\/baldumarket.lt\/lt\/wp-json\/wp\/v2\/types\/product"}],"replies":[{"embeddable":true,"href":"https:\/\/baldumarket.lt\/lt\/wp-json\/wp\/v2\/comments?post=235566"}],"wp:featuredmedia":[{"embeddable":true,"href":"https:\/\/baldumarket.lt\/lt\/wp-json\/wp\/v2\/media\/235567"}],"wp:attachment":[{"href":"https:\/\/baldumarket.lt\/lt\/wp-json\/wp\/v2\/media?parent=235566"}],"wp:term":[{"taxonomy":"product_brand","embeddable":true,"href":"https:\/\/baldumarket.lt\/lt\/wp-json\/wp\/v2\/product_brand?post=235566"},{"taxonomy":"product_cat","embeddable":true,"href":"https:\/\/baldumarket.lt\/lt\/wp-json\/wp\/v2\/product_cat?post=235566"},{"taxonomy":"product_tag","embeddable":true,"href":"https:\/\/baldumarket.lt\/lt\/wp-json\/wp\/v2\/product_tag?post=235566"}],"curies":[{"name":"wp","href":"https:\/\/api.w.org\/{rel}","templated":true}]}}