{"id":235562,"date":"2025-12-29T22:39:05","date_gmt":"2025-12-29T19:39:05","guid":{"rendered":"https:\/\/baldumarket.lt\/product\/evo-polka-150-kaszmir-dab-castello\/"},"modified":"2026-04-07T16:16:40","modified_gmt":"2026-04-07T13:16:40","slug":"evo-polka-150-kaszmir-dab-castello","status":"publish","type":"product","link":"https:\/\/baldumarket.lt\/lt\/product\/evo-polka-150-kaszmir-dab-castello\/","title":{"rendered":"EVO lentyna 150 ka\u0161myro \/ \u0105\u017euolo \u201eCastello\u201c"},"content":{"rendered":"<p>EVO lentyna 150 cm, ka\u0161myras \/ Castello \u0105\u017euolas<br \/>\nPakabinama lentyna \u201eEVO\u201c \u2013 universalus baldas, puikiai papildantis bet kok\u012f interjer\u0105. Pagaminta eleganti\u0161kos ka\u0161myro spalvos ir su prakti\u0161ku \u201eCastello Oak\u201c stalvir\u0161iu, ji puikiai tiks tiek moderniame, tiek klasikiniame interjere. D\u0117l savo universalumo ji puikiai tinka bet kuriam svetainei, miegamajam, prie\u0161kambariui ar net virtuvei. Ji puikiai tinka knygoms, vazoniniams augalams ar \u012fvairiems dekoro elementams. Pakabinama lentyna \u201eEVO\u201c puikiai dera su kitais kolekcijos baldais.<\/p>","protected":false},"excerpt":{"rendered":"<p>Kolekcija: EVO<br \/>\nPlotis cm: 150<br \/>\nAuk\u0161tis cm: 25<br \/>\nGylis cm: 17,6<\/p>","protected":false},"featured_media":235563,"comment_status":"open","ping_status":"open","template":"","meta":[],"product_brand":[],"product_cat":[9336,1174,2970],"product_tag":[],"class_list":{"0":"post-235562","1":"product","2":"type-product","3":"status-publish","4":"has-post-thumbnail","6":"product_cat-furniture-collection-evo","7":"product_cat-hanging-shelves","8":"product_cat-mebelbos","10":"first","11":"instock","12":"purchasable","13":"product-type-simple"},"_links":{"self":[{"href":"https:\/\/baldumarket.lt\/lt\/wp-json\/wp\/v2\/product\/235562","targetHints":{"allow":["GET"]}}],"collection":[{"href":"https:\/\/baldumarket.lt\/lt\/wp-json\/wp\/v2\/product"}],"about":[{"href":"https:\/\/baldumarket.lt\/lt\/wp-json\/wp\/v2\/types\/product"}],"replies":[{"embeddable":true,"href":"https:\/\/baldumarket.lt\/lt\/wp-json\/wp\/v2\/comments?post=235562"}],"wp:featuredmedia":[{"embeddable":true,"href":"https:\/\/baldumarket.lt\/lt\/wp-json\/wp\/v2\/media\/235563"}],"wp:attachment":[{"href":"https:\/\/baldumarket.lt\/lt\/wp-json\/wp\/v2\/media?parent=235562"}],"wp:term":[{"taxonomy":"product_brand","embeddable":true,"href":"https:\/\/baldumarket.lt\/lt\/wp-json\/wp\/v2\/product_brand?post=235562"},{"taxonomy":"product_cat","embeddable":true,"href":"https:\/\/baldumarket.lt\/lt\/wp-json\/wp\/v2\/product_cat?post=235562"},{"taxonomy":"product_tag","embeddable":true,"href":"https:\/\/baldumarket.lt\/lt\/wp-json\/wp\/v2\/product_tag?post=235562"}],"curies":[{"name":"wp","href":"https:\/\/api.w.org\/{rel}","templated":true}]}}