{"id":235557,"date":"2025-12-29T22:38:57","date_gmt":"2025-12-29T19:38:57","guid":{"rendered":"https:\/\/baldumarket.lt\/product\/evo-regal-4d-kaszmir-dab-castello\/"},"modified":"2026-02-11T18:34:51","modified_gmt":"2026-02-11T15:34:51","slug":"evo-regal-4d-kaszmir-dab-castello","status":"publish","type":"product","link":"https:\/\/baldumarket.lt\/lt\/product\/evo-regal-4d-kaszmir-dab-castello\/","title":{"rendered":"EVO 4d lentyna, ka\u0161myras \/ \u0105\u017euolas \u201eCastello\u201c"},"content":{"rendered":"<p>EVO 4 dur\u0173 lentyna ka\u0161myro \/ Castello \u0105\u017euolo spalvos<br \/>\nSuteikite savo interjerui unikal\u0173 charakter\u012f su EVO lentyn\u0173 bloku. Jo geometrinis ra\u0161tas, \u012fkv\u0117ptas naujausi\u0173 interjero dizaino tendencij\u0173, traukia ak\u012f ir suteikia kambariui dinami\u0161kumo. Subtilus ka\u0161myro atspalvis suteikia interjerui ramyb\u0117s ir elegancijos poj\u016bt\u012f, o kontrastingi \u201eCastello Oak\u201c stalvir\u0161io mediniai elementai sukuria jaukumo poj\u016bt\u012f.<br \/>\n\u00a0<br \/>\nAuk\u0161tos metalin\u0117s kojel\u0117s suteikia \u012frenginiui lengvumo ir modernumo. Jos leid\u017eia lengvai palaikyti tvark\u0105 po \u012frenginiu, o valymo robotas gali lengvai pasiekti kiekvien\u0105 kampel\u012f. Metalin\u0117s rankenos yra ne tik funkcionalios, bet ir suteikia subtil\u0173 dekoratyv\u0173 akcent\u0105.<br \/>\n\u00a0<br \/>\nEVO keturi\u0173 dur\u0173 lentyn\u0173 sistema yra ne tik prakti\u0161kas daikt\u0173 laikymo sprendimas, bet ir tikras j\u016bs\u0173 interjero akcentas. D\u0117l unikalaus dizaino ji puikiai tinka tiek moderniam, tiek lofto, tiek klasikiniam interjerui.<br \/>\n\u00a0<br \/>\n. Spalva: Ka\u0161myro \/ Castello \u0105\u017euolo<br \/>\nPriekin\u0117s dalys: MDF plok\u0161t\u0117 su PVC folija \/ laminuota bald\u0173 plok\u0161t\u0117<br \/>\nKorpusas: laminuota bald\u0173 plok\u0161t\u0117<br \/>\nVir\u0161us: laminuota bald\u0173 plok\u0161t\u0117<br \/>\nStal\u010diai: rutuliniai guoliai, pilno i\u0161traukimo<br \/>\nKojel\u0117s: metalin\u0117s<br \/>\nRankenos: metalin\u0117s<\/p>","protected":false},"excerpt":{"rendered":"<p>Kolekcija: EVO<br \/>\nPlotis cm: 123,4<br \/>\n\u016agis cm: 135,2<br \/>\nGylis cm: 40<br \/>\nDur\u0173 skai\u010dius: 4<\/p>","protected":false},"featured_media":235558,"comment_status":"open","ping_status":"open","template":"","meta":[],"product_brand":[],"product_cat":[9336,1173,2970],"product_tag":[],"class_list":{"0":"post-235557","1":"product","2":"type-product","3":"status-publish","4":"has-post-thumbnail","6":"product_cat-furniture-collection-evo","7":"product_cat-chests-of-drawers","8":"product_cat-mebelbos","10":"first","11":"instock","12":"purchasable","13":"product-type-simple"},"_links":{"self":[{"href":"https:\/\/baldumarket.lt\/lt\/wp-json\/wp\/v2\/product\/235557","targetHints":{"allow":["GET"]}}],"collection":[{"href":"https:\/\/baldumarket.lt\/lt\/wp-json\/wp\/v2\/product"}],"about":[{"href":"https:\/\/baldumarket.lt\/lt\/wp-json\/wp\/v2\/types\/product"}],"replies":[{"embeddable":true,"href":"https:\/\/baldumarket.lt\/lt\/wp-json\/wp\/v2\/comments?post=235557"}],"wp:featuredmedia":[{"embeddable":true,"href":"https:\/\/baldumarket.lt\/lt\/wp-json\/wp\/v2\/media\/235558"}],"wp:attachment":[{"href":"https:\/\/baldumarket.lt\/lt\/wp-json\/wp\/v2\/media?parent=235557"}],"wp:term":[{"taxonomy":"product_brand","embeddable":true,"href":"https:\/\/baldumarket.lt\/lt\/wp-json\/wp\/v2\/product_brand?post=235557"},{"taxonomy":"product_cat","embeddable":true,"href":"https:\/\/baldumarket.lt\/lt\/wp-json\/wp\/v2\/product_cat?post=235557"},{"taxonomy":"product_tag","embeddable":true,"href":"https:\/\/baldumarket.lt\/lt\/wp-json\/wp\/v2\/product_tag?post=235557"}],"curies":[{"name":"wp","href":"https:\/\/api.w.org\/{rel}","templated":true}]}}