{"id":235550,"date":"2025-12-29T22:38:47","date_gmt":"2025-12-29T19:38:47","guid":{"rendered":"https:\/\/baldumarket.lt\/product\/evo-regal-otwarty-1d-kaszmir-dab-castello\/"},"modified":"2026-04-07T16:16:40","modified_gmt":"2026-04-07T13:16:40","slug":"evo-regal-otwarty-1d-kaszmir-dab-castello","status":"publish","type":"product","link":"https:\/\/baldumarket.lt\/lt\/product\/evo-regal-otwarty-1d-kaszmir-dab-castello\/","title":{"rendered":"EVO atvira lentyna 1d ka\u0161myras \/ \u0105\u017euolas \u201eCastello\u201c"},"content":{"rendered":"<p>EVO 1-D atvira lentyna, ka\u0161myro \/ Castello \u0105\u017euolo spalvos<br \/>\nEVO lentyn\u0173 blokas \u2013 tai unikalus formos ir funkcijos derinys, kuris pagyvins bet kok\u012f interjer\u0105. Asimetri\u0161kos, \u0161ilto Castello \u0105\u017euolo atspalvio, primenan\u010dio nat\u016brali\u0105 medien\u0105, lentynos ne tik suteikia vietos knygoms ir papuo\u0161alams, bet ir tampa unikaliu dekoratyviniu elementu. Erdvi spintel\u0117 su dekoratyviniu frezuotu priekiu eleganti\u0161kame ka\u0161myro atspalvyje leid\u017eia lengvai laikyti kasdienius daiktus. Auk\u0161tos metalin\u0117s kojel\u0117s leid\u017eia robotui dulki\u0173 siurbliui laisvai jud\u0117ti po bloku, tod\u0117l daug lengviau palaikyti tvark\u0105. Metalin\u0117s rankenos pabr\u0117\u017eia modern\u0173 dizain\u0105 ir palengvina bloko atidarym\u0105. EVO lentyn\u0173 blokas yra puikus pasirinkimas tiems, kurie vertina originalum\u0105 ir prakti\u0161kum\u0105. Jis puikiai tiks tiek svetainei, kur gali tarnauti kaip knyg\u0173 lentyna, tiek biurui, kur gal\u0117s laikyti dokumentus ir biuro reikmenis.<br \/>\nSpalva: Ka\u0161myras \/ Castello \u0105\u017euolas<br \/>\nPriekin\u0117s dalys: MDF plok\u0161t\u0117 su PVC folija \/ laminuota bald\u0173 plok\u0161t\u0117<br \/>\nKorpusas: laminuota bald\u0173 plok\u0161t\u0117<br \/>\nVir\u0161us: laminuota bald\u0173 plok\u0161t\u0117<br \/>\nStal\u010diai: rutuliniai guoliai, pilno i\u0161traukimo<br \/>\nKojel\u0117s: metalin\u0117s<br \/>\nRankenos: metalin\u0117s<\/p>","protected":false},"excerpt":{"rendered":"<p>Kolekcija: EVO<br \/>\nPlotis cm: 63,4<br \/>\n\u016agis cm: 194,6<br \/>\nGylis cm: 40<\/p>","protected":false},"featured_media":235551,"comment_status":"open","ping_status":"open","template":"","meta":[],"product_brand":[],"product_cat":[9336,2970,1177],"product_tag":[],"class_list":{"0":"post-235550","1":"product","2":"type-product","3":"status-publish","4":"has-post-thumbnail","6":"product_cat-furniture-collection-evo","7":"product_cat-mebelbos","8":"product_cat-wardrobes","10":"first","11":"instock","12":"purchasable","13":"product-type-simple"},"_links":{"self":[{"href":"https:\/\/baldumarket.lt\/lt\/wp-json\/wp\/v2\/product\/235550","targetHints":{"allow":["GET"]}}],"collection":[{"href":"https:\/\/baldumarket.lt\/lt\/wp-json\/wp\/v2\/product"}],"about":[{"href":"https:\/\/baldumarket.lt\/lt\/wp-json\/wp\/v2\/types\/product"}],"replies":[{"embeddable":true,"href":"https:\/\/baldumarket.lt\/lt\/wp-json\/wp\/v2\/comments?post=235550"}],"wp:featuredmedia":[{"embeddable":true,"href":"https:\/\/baldumarket.lt\/lt\/wp-json\/wp\/v2\/media\/235551"}],"wp:attachment":[{"href":"https:\/\/baldumarket.lt\/lt\/wp-json\/wp\/v2\/media?parent=235550"}],"wp:term":[{"taxonomy":"product_brand","embeddable":true,"href":"https:\/\/baldumarket.lt\/lt\/wp-json\/wp\/v2\/product_brand?post=235550"},{"taxonomy":"product_cat","embeddable":true,"href":"https:\/\/baldumarket.lt\/lt\/wp-json\/wp\/v2\/product_cat?post=235550"},{"taxonomy":"product_tag","embeddable":true,"href":"https:\/\/baldumarket.lt\/lt\/wp-json\/wp\/v2\/product_tag?post=235550"}],"curies":[{"name":"wp","href":"https:\/\/api.w.org\/{rel}","templated":true}]}}