{"id":235545,"date":"2025-12-29T22:38:40","date_gmt":"2025-12-29T19:38:40","guid":{"rendered":"https:\/\/baldumarket.lt\/product\/evo-szafa-4d-kaszmir-dab-castello\/"},"modified":"2026-04-07T18:19:37","modified_gmt":"2026-04-07T15:19:37","slug":"evo-szafa-4d-kaszmir-dab-castello","status":"publish","type":"product","link":"https:\/\/baldumarket.lt\/lt\/product\/evo-szafa-4d-kaszmir-dab-castello\/","title":{"rendered":"EVO spinta 4d ka\u0161myras \/ castello \u0105\u017euolas"},"content":{"rendered":"<p>Kolekcija: EVOMurinktas blokas: NePlotis: 123,2 cmAuk\u0161tis: 194,5 cmGylis: 54,9 cmDur\u0173 tipas: Varstomos (atidaromos)Dur\u0173 skai\u010dius: 2<br \/>\nEVO 4 dur\u0173 spinta, ka\u0161myro\/\u0105\u017euolo \u201eCastello\u201c spalva<br \/>\nKeturi\u0173 dur\u0173 spinta EVO \u2013 puikus kolekcijos papildymas, kuriame elegancija ir funkcionalumas dera koja kojon. Pagaminta i\u0161 to paties ka\u0161myro\/kastelinio \u0105\u017euolo atspalvio kaip ir kiti baldai, ji puikiai dera prie darnios visos linijos estetikos. Jos fasadai puo\u0161ti subtiliais, dekoratyviniais grioveliais, suteikian\u010diais spintai unikal\u0173 charakter\u012f ir i\u0161skirian\u010diais j\u0105 i\u0161 kit\u0173 rinkoje esan\u010di\u0173 sprendim\u0173.<br \/>\nSpinta buvo suprojektuota atsi\u017evelgiant \u012f maksimal\u0173 funkcionalum\u0105 \u2013 joje yra erdvus drabu\u017ei\u0173 kabykla, puikiai tinkanti laikyti pakabintus drabu\u017eius, tokius kaip paltai, striuk\u0117s ar suknel\u0117s. Be to, prakti\u0161kos lentynos leid\u017eia laikyti sulankstytus drabu\u017eius, apatinius, patalyn\u0119 ar kitus garderobo daiktus. D\u0117l gerai suplanuotos erdv\u0117s EVO spintoje lengva palaikyti tvark\u0105 ir organizuotum\u0105.<br \/>\nAuk\u0161tos kojel\u0117s, kaip ir kituose kolekcijos balduose, suteikia baldams lengvumo ir yra tinkamos naudoti su valymo robotais \u2013 ne\u012fkainojamas privalumas kasdieniame valyme.<br \/>\nKeturi\u0173 dur\u0173 EVO spinta yra puikus sprendimas tiems, kuriems reikia erdvios ir eleganti\u0161kos vietos daiktams laikyti, tuo pa\u010diu i\u0161laikant interjero estetik\u0105.<\/p>","protected":false},"excerpt":{"rendered":"<p>Kolekcija: EVO<br \/>\nPlotis cm: 123,2<br \/>\n\u016agis cm: 194,5<br \/>\nGylis cm: 54,9<br \/>\nDur\u0173 tipas: Varstomos (atidaromos)<br \/>\nDur\u0173 skai\u010dius: 2<\/p>","protected":false},"featured_media":235546,"comment_status":"open","ping_status":"open","template":"","meta":[],"product_brand":[],"product_cat":[9336,2970,1177],"product_tag":[],"class_list":{"0":"post-235545","1":"product","2":"type-product","3":"status-publish","4":"has-post-thumbnail","6":"product_cat-furniture-collection-evo","7":"product_cat-mebelbos","8":"product_cat-wardrobes","10":"first","11":"instock","12":"purchasable","13":"product-type-simple"},"_links":{"self":[{"href":"https:\/\/baldumarket.lt\/lt\/wp-json\/wp\/v2\/product\/235545","targetHints":{"allow":["GET"]}}],"collection":[{"href":"https:\/\/baldumarket.lt\/lt\/wp-json\/wp\/v2\/product"}],"about":[{"href":"https:\/\/baldumarket.lt\/lt\/wp-json\/wp\/v2\/types\/product"}],"replies":[{"embeddable":true,"href":"https:\/\/baldumarket.lt\/lt\/wp-json\/wp\/v2\/comments?post=235545"}],"wp:featuredmedia":[{"embeddable":true,"href":"https:\/\/baldumarket.lt\/lt\/wp-json\/wp\/v2\/media\/235546"}],"wp:attachment":[{"href":"https:\/\/baldumarket.lt\/lt\/wp-json\/wp\/v2\/media?parent=235545"}],"wp:term":[{"taxonomy":"product_brand","embeddable":true,"href":"https:\/\/baldumarket.lt\/lt\/wp-json\/wp\/v2\/product_brand?post=235545"},{"taxonomy":"product_cat","embeddable":true,"href":"https:\/\/baldumarket.lt\/lt\/wp-json\/wp\/v2\/product_cat?post=235545"},{"taxonomy":"product_tag","embeddable":true,"href":"https:\/\/baldumarket.lt\/lt\/wp-json\/wp\/v2\/product_tag?post=235545"}],"curies":[{"name":"wp","href":"https:\/\/api.w.org\/{rel}","templated":true}]}}