{"id":235541,"date":"2025-12-29T22:38:34","date_gmt":"2025-12-29T19:38:34","guid":{"rendered":"https:\/\/baldumarket.lt\/product\/evo-szafa-z-lustrem-2d-40-kaszmir-dab-castello\/"},"modified":"2026-04-07T18:19:37","modified_gmt":"2026-04-07T15:19:37","slug":"evo-szafa-z-lustrem-2d-40-kaszmir-dab-castello","status":"publish","type":"product","link":"https:\/\/baldumarket.lt\/lt\/product\/evo-szafa-z-lustrem-2d-40-kaszmir-dab-castello\/","title":{"rendered":"EVO spinta su veidrod\u017eiu 2d\/40 ka\u0161myro \/ \u0105\u017euolo \u201eCastello\u201c"},"content":{"rendered":"<p>Kolekcija: EVOMurinkta: NePlotis: 90 cmAuk\u0161tis: 194 cmGylis: 40 cmDur\u0173 tipas: Varstomos (atidaromos)Dur\u0173 skai\u010dius: 2<br \/>\nEVO spinta su 2D veidrod\u017eiu \/ 40 cm \u2013 Ka\u0161myras \/ Castello \u0105\u017euolas<br \/>\nModerni EVO spinta \u2013 funkcionalus ir stilingas baldas, puikiai tinkantis prie\u0161kambariui, miegamajam ar drabu\u017einei. Eleganti\u0161kos ka\u0161myro spalvos ir kontrastingas \u201eCastello Oak\u201c stalvir\u0161is suteikia interjerui \u0161ilumos ir modernumo. Veidrodinis priekis ne tik vizualiai padidina erdv\u0119, bet ir suteikia prakti\u0161kumo \u2013 puikiai tinka kasdieniam naudojimui.<br \/>\nDrabu\u017ein\u0117s vidus kruop\u0161\u010diai suplanuotas \u2013 joje rasite:<br \/>\nerdvi sekcija su pakaba pakabinimui,<br \/>\nketurios prakti\u0161kos lentynos kair\u0117je pus\u0117je,<br \/>\ndvi pla\u010dios apatin\u0117s lentynos batams, d\u0117\u017e\u0117ms ar kitiems aksesuarams.<br \/>\nTechnin\u0117s specifikacijos:<br \/>\nPriekin\u0117 spalva: ka\u0161myras<br \/>\nKorpuso spalva: Ka\u0161myras<br \/>\nVir\u0161utin\u0117 spalva: Castello \u0105\u017euolas<br \/>\nMed\u017eiaga: laminuota MDF plok\u0161t\u0117<br \/>\nRankenos: metalin\u0117s<br \/>\nKojel\u0117s: metalas<br \/>\nLentynos: tvirtos, pagamintos i\u0161 laminuotos MDF plok\u0161t\u0117s<br \/>\nLentynos apkrova: iki 5 kg<br \/>\nEVO spinta \u2013 tai puikus estetikos ir funkcionalumo derinys \u2013 ji puikiai dera tiek moderniame, tiek klasikiniame interjere.<br \/>\n.<\/p>","protected":false},"excerpt":{"rendered":"<p>Kolekcija: EVO<br \/>\nPlotis cm: 90<br \/>\n\u016agis cm: 194<br \/>\nGylis cm: 40<br \/>\nDur\u0173 tipas: Varstomos (atidaromos)<br \/>\nDur\u0173 skai\u010dius: 2<\/p>","protected":false},"featured_media":235542,"comment_status":"open","ping_status":"open","template":"","meta":[],"product_brand":[],"product_cat":[9336,2970,1177],"product_tag":[],"class_list":{"0":"post-235541","1":"product","2":"type-product","3":"status-publish","4":"has-post-thumbnail","6":"product_cat-furniture-collection-evo","7":"product_cat-mebelbos","8":"product_cat-wardrobes","10":"first","11":"instock","12":"purchasable","13":"product-type-simple"},"_links":{"self":[{"href":"https:\/\/baldumarket.lt\/lt\/wp-json\/wp\/v2\/product\/235541","targetHints":{"allow":["GET"]}}],"collection":[{"href":"https:\/\/baldumarket.lt\/lt\/wp-json\/wp\/v2\/product"}],"about":[{"href":"https:\/\/baldumarket.lt\/lt\/wp-json\/wp\/v2\/types\/product"}],"replies":[{"embeddable":true,"href":"https:\/\/baldumarket.lt\/lt\/wp-json\/wp\/v2\/comments?post=235541"}],"wp:featuredmedia":[{"embeddable":true,"href":"https:\/\/baldumarket.lt\/lt\/wp-json\/wp\/v2\/media\/235542"}],"wp:attachment":[{"href":"https:\/\/baldumarket.lt\/lt\/wp-json\/wp\/v2\/media?parent=235541"}],"wp:term":[{"taxonomy":"product_brand","embeddable":true,"href":"https:\/\/baldumarket.lt\/lt\/wp-json\/wp\/v2\/product_brand?post=235541"},{"taxonomy":"product_cat","embeddable":true,"href":"https:\/\/baldumarket.lt\/lt\/wp-json\/wp\/v2\/product_cat?post=235541"},{"taxonomy":"product_tag","embeddable":true,"href":"https:\/\/baldumarket.lt\/lt\/wp-json\/wp\/v2\/product_tag?post=235541"}],"curies":[{"name":"wp","href":"https:\/\/api.w.org\/{rel}","templated":true}]}}