{"id":235525,"date":"2025-12-29T22:38:10","date_gmt":"2025-12-29T19:38:10","guid":{"rendered":"https:\/\/baldumarket.lt\/product\/evo-szafka-rtv-2d-180-kaszmir-dab-castello\/"},"modified":"2026-04-07T18:19:37","modified_gmt":"2026-04-07T15:19:37","slug":"evo-szafka-rtv-2d-180-kaszmir-dab-castello","status":"publish","type":"product","link":"https:\/\/baldumarket.lt\/lt\/product\/evo-szafka-rtv-2d-180-kaszmir-dab-castello\/","title":{"rendered":"EVO TV spintel\u0117 2d\/180 ka\u0161myro \/ \u0105\u017euolo spalvos"},"content":{"rendered":"<p>EVO TV staliukas 2d\/180 cm, ka\u0161myro \/ \u0105\u017euolo spalvos<br \/>\n\u0160is televizoriaus staliukas \u2013 ne \u0161iaip baldas, tai j\u016bs\u0173 svetain\u0117s \u0161irdis. \u0160is EVO kolekcijos televizoriaus staliukas pasi\u017eymi moderniu dizainu, \u012fkv\u0117ptu naujausi\u0173 interjero dizaino tendencij\u0173, suteikian\u010diu kambariui unikal\u0173 charakter\u012f. \u0160ilto ka\u0161myro atspalvio ir eleganti\u0161ko \u201eCastello\u201c \u0105\u017euolo stalvir\u0161io derinys sukuria harmoning\u0105 kompozicij\u0105, kuri puikiai dera su \u012fvairiais stiliais.<br \/>\nAuk\u0161tos metalin\u0117s kojel\u0117s ne tik suteikia stovui lengvumo poj\u016bt\u012f, bet, svarbiausia, leid\u017eia lengvai pasiekti robot\u0105 dulki\u0173 siurbl\u012f, u\u017etikrinant, kad j\u016bs\u0173 namai b\u016bt\u0173 \u0161var\u016bs. Atvira lentyna ir dvi u\u017edaros ertm\u0117s su dekoratyviniu, grioveliuotu ka\u0161myro priekiu suteikia daug vietos garso ir vaizdo \u012frangai, \u017eaidim\u0173 konsol\u0117ms, knygoms ir dekoracijoms. Tokiu b\u016bdu viskas, ko jums reikia, visada bus ranka pasiekiama.<br \/>\nMetalin\u0117s rankenos suteikia stovui elegancijos ir leid\u017eia lengvai atidaryti u\u017edaras erdves. Tvirta konstrukcija garantuoja ilgaam\u017ei\u0161kum\u0105. EVO TV stovas derina estetik\u0105 ir prakti\u0161kum\u0105, patenkindamas net reikliausi\u0173 vartotoj\u0173 l\u016bkes\u010dius.<br \/>\nSpalva: Ka\u0161myras \/ Castello \u0105\u017euolas<br \/>\nPriekin\u0117s dalys: MDF plok\u0161t\u0117 su PVC folija \/ laminuota bald\u0173 plok\u0161t\u0117<br \/>\nKorpusas: laminuota bald\u0173 plok\u0161t\u0117<br \/>\nVir\u0161us: laminuota bald\u0173 plok\u0161t\u0117<br \/>\nStal\u010diai: rutuliniai guoliai, pilno i\u0161traukimo<br \/>\nKojel\u0117s: metalin\u0117s<br \/>\nRankenos: metalin\u0117s<\/p>","protected":false},"excerpt":{"rendered":"<p>Kolekcija: EVO<br \/>\nPlotis cm: 183,4<br \/>\n\u016agis cm: 55,2<br \/>\nGylis cm: 40<br \/>\nDur\u0173 skai\u010dius: 2<\/p>","protected":false},"featured_media":235526,"comment_status":"open","ping_status":"open","template":"","meta":[],"product_brand":[],"product_cat":[9336,2970,1175],"product_tag":[],"class_list":{"0":"post-235525","1":"product","2":"type-product","3":"status-publish","4":"has-post-thumbnail","6":"product_cat-furniture-collection-evo","7":"product_cat-mebelbos","8":"product_cat-tv-stands","10":"first","11":"instock","12":"purchasable","13":"product-type-simple"},"_links":{"self":[{"href":"https:\/\/baldumarket.lt\/lt\/wp-json\/wp\/v2\/product\/235525","targetHints":{"allow":["GET"]}}],"collection":[{"href":"https:\/\/baldumarket.lt\/lt\/wp-json\/wp\/v2\/product"}],"about":[{"href":"https:\/\/baldumarket.lt\/lt\/wp-json\/wp\/v2\/types\/product"}],"replies":[{"embeddable":true,"href":"https:\/\/baldumarket.lt\/lt\/wp-json\/wp\/v2\/comments?post=235525"}],"wp:featuredmedia":[{"embeddable":true,"href":"https:\/\/baldumarket.lt\/lt\/wp-json\/wp\/v2\/media\/235526"}],"wp:attachment":[{"href":"https:\/\/baldumarket.lt\/lt\/wp-json\/wp\/v2\/media?parent=235525"}],"wp:term":[{"taxonomy":"product_brand","embeddable":true,"href":"https:\/\/baldumarket.lt\/lt\/wp-json\/wp\/v2\/product_brand?post=235525"},{"taxonomy":"product_cat","embeddable":true,"href":"https:\/\/baldumarket.lt\/lt\/wp-json\/wp\/v2\/product_cat?post=235525"},{"taxonomy":"product_tag","embeddable":true,"href":"https:\/\/baldumarket.lt\/lt\/wp-json\/wp\/v2\/product_tag?post=235525"}],"curies":[{"name":"wp","href":"https:\/\/api.w.org\/{rel}","templated":true}]}}