{"id":235520,"date":"2025-12-29T22:38:01","date_gmt":"2025-12-29T19:38:01","guid":{"rendered":"https:\/\/baldumarket.lt\/product\/evo-witryna-1d1w-kaszmir-dab-castello\/"},"modified":"2026-04-07T18:19:37","modified_gmt":"2026-04-07T15:19:37","slug":"evo-witryna-1d1w-kaszmir-dab-castello","status":"publish","type":"product","link":"https:\/\/baldumarket.lt\/lt\/product\/evo-witryna-1d1w-kaszmir-dab-castello\/","title":{"rendered":"EVO vitrina, 1 vnt., 1 vnt., ka\u0161myro \/ \u0105\u017euolo spalvos"},"content":{"rendered":"<p>EVO vitrina, 1d1w, ka\u0161myro \/ Castello \u0105\u017euolo spalvos<br \/>\nEVO vitrina \u2013 tai ne tik baldas, bet ir i\u0161skirtinis elementas, kuris bet kokiam interjerui suteiks elegancijos. Jos lieknas, auk\u0161tas, nesenstan\u010dio ka\u0161myro atspalvio korpusas, subtiliai pary\u0161kintas subtiliais frezavimais fasaduose, traukia ak\u012f ir suteikia kambariui unikal\u0173 charakter\u012f. Metalin\u0117s kojel\u0117s, ne tik esteti\u0161kai patrauklios, bet ir, svarbiausia, prakti\u0161kos, leid\u017eia valymo robotui laisvai jud\u0117ti, u\u017etikrinant \u0161var\u0105 po spintele.<br \/>\nU\u017e stiklini\u0173 dureli\u0173 slypi erdvios stiklin\u0117s lentynos, puikiai tinkan\u010dios porceliano kolekcijoms, \u0161eimos relikvijoms ar eleganti\u0161koms dekoracijoms eksponuoti. Papildomai pasirenkamas LED ap\u0161vietimas leis j\u016bs\u0173 daiktams suspind\u0117ti naujoje \u0161viesoje ir sukurs unikali\u0105 atmosfer\u0105. EVO vitrina derina estetik\u0105 ir funkcionalum\u0105, kad patenkint\u0173 net ir i\u0161rankiausi\u0173 klient\u0173 l\u016bkes\u010dius.<br \/>\nSpalva: Ka\u0161myras \/ Castello \u0105\u017euolas<br \/>\nPriekin\u0117s dalys: MDF plok\u0161t\u0117 su PVC folija \/ laminuota bald\u0173 plok\u0161t\u0117<br \/>\nKorpusas: laminuota bald\u0173 plok\u0161t\u0117<br \/>\nVir\u0161us: laminuota bald\u0173 plok\u0161t\u0117<br \/>\nStal\u010diai: rutuliniai guoliai, pilno i\u0161traukimo<br \/>\nKojel\u0117s: metalin\u0117s<br \/>\nRankenos: metalin\u0117s<br \/>\nPapildomi priedai:<br \/>\n2 x sidabriniai LED laikikliai stiklin\u0117ms lentynoms, \u0161iltai balta<\/p>","protected":false},"excerpt":{"rendered":"<p>Kolekcija: EVO<br \/>\nPlotis cm: 63,4<br \/>\n\u016agis cm: 194,6<br \/>\nGylis cm: 40<\/p>","protected":false},"featured_media":235521,"comment_status":"open","ping_status":"open","template":"","meta":[],"product_brand":[],"product_cat":[9336,2970,2006],"product_tag":[],"class_list":{"0":"post-235520","1":"product","2":"type-product","3":"status-publish","4":"has-post-thumbnail","6":"product_cat-furniture-collection-evo","7":"product_cat-mebelbos","8":"product_cat-vitrines","10":"first","11":"instock","12":"purchasable","13":"product-type-simple"},"_links":{"self":[{"href":"https:\/\/baldumarket.lt\/lt\/wp-json\/wp\/v2\/product\/235520","targetHints":{"allow":["GET"]}}],"collection":[{"href":"https:\/\/baldumarket.lt\/lt\/wp-json\/wp\/v2\/product"}],"about":[{"href":"https:\/\/baldumarket.lt\/lt\/wp-json\/wp\/v2\/types\/product"}],"replies":[{"embeddable":true,"href":"https:\/\/baldumarket.lt\/lt\/wp-json\/wp\/v2\/comments?post=235520"}],"wp:featuredmedia":[{"embeddable":true,"href":"https:\/\/baldumarket.lt\/lt\/wp-json\/wp\/v2\/media\/235521"}],"wp:attachment":[{"href":"https:\/\/baldumarket.lt\/lt\/wp-json\/wp\/v2\/media?parent=235520"}],"wp:term":[{"taxonomy":"product_brand","embeddable":true,"href":"https:\/\/baldumarket.lt\/lt\/wp-json\/wp\/v2\/product_brand?post=235520"},{"taxonomy":"product_cat","embeddable":true,"href":"https:\/\/baldumarket.lt\/lt\/wp-json\/wp\/v2\/product_cat?post=235520"},{"taxonomy":"product_tag","embeddable":true,"href":"https:\/\/baldumarket.lt\/lt\/wp-json\/wp\/v2\/product_tag?post=235520"}],"curies":[{"name":"wp","href":"https:\/\/api.w.org\/{rel}","templated":true}]}}