{"id":235515,"date":"2025-12-29T22:37:53","date_gmt":"2025-12-29T19:37:53","guid":{"rendered":"https:\/\/baldumarket.lt\/product\/evo-witryna-niska-1d1w-kaszmir-dab-castello\/"},"modified":"2026-04-07T18:19:37","modified_gmt":"2026-04-07T15:19:37","slug":"evo-witryna-niska-1d1w-kaszmir-dab-castello","status":"publish","type":"product","link":"https:\/\/baldumarket.lt\/lt\/product\/evo-witryna-niska-1d1w-kaszmir-dab-castello\/","title":{"rendered":"EVO \u017eema vitrina, 1 vnt., 1 vnt., ka\u0161myro \/ \u201eCastello\u201c \u0105\u017euolo spalvos"},"content":{"rendered":"<p>EVO \u017eema vitrina, 1d1w, ka\u0161myro \/ Castello \u0105\u017euolo spalvos<br \/>\n\u017dema vitrina EVO yra \u0161iuolaikinio dizaino kvintesencija. D\u0117l plono korpuso ir subtili\u0173 detali\u0173 ji puikiai tinka tiek klasikiniam, tiek moderniam interjerui. Ta\u010diau kompakti\u0161kas dydis neriboja jos talpos d\u0117l apgalvoto lentyn\u0173 i\u0161d\u0117stymo.<br \/>\n\u201eCastello Oak\u201c stalvir\u0161is, imituojantis nat\u016brali\u0105 medien\u0105, suteikia \u0161ilumos ir jaukumo. Subtilus ka\u0161myro korpusas kartu su metalin\u0117mis rankenomis sukuria harmoning\u0105 kompozicij\u0105. Frezuotas fasadas ne tik atlieka dekoratyvinio elemento funkcij\u0105, bet ir suteikia spintelei unikal\u0173 charakter\u012f.<br \/>\nAuk\u0161tos metalin\u0117s kojel\u0117s suteikia lengv\u0105 prieig\u0105 prie erdv\u0117s po spintele, tod\u0117l valymo robotas gali laisvai jud\u0117ti. Tai leid\u017eia nepaprastai lengvai sutvarkyti erdv\u0119 aplink spintel\u0119.<br \/>\n\u017dema vitrina EVO \u2013 b\u016btinas pirkinys modernaus interjero m\u0117g\u0117jams. Kompakti\u0161kas dydis ir unikalus dizainas pavers j\u0105 j\u016bs\u0173 svetain\u0117s traukos centru. O \u012fsigij\u0119 LED ap\u0161vietim\u0105, galite sukurti unikali\u0105 atmosfer\u0105.<br \/>\nSpalva: Ka\u0161myras \/ Castello \u0105\u017euolas<br \/>\nPriekin\u0117s dalys: MDF plok\u0161t\u0117 su PVC folija \/ laminuota bald\u0173 plok\u0161t\u0117<br \/>\nKorpusas: laminuota bald\u0173 plok\u0161t\u0117<br \/>\nVir\u0161us: laminuota bald\u0173 plok\u0161t\u0117<br \/>\nStal\u010diai: rutuliniai guoliai, pilno i\u0161traukimo<br \/>\nKojel\u0117s: metalin\u0117s<br \/>\nRankenos: metalin\u0117s<br \/>\nPapildomi priedai:<br \/>\n2 sidabriniai LED laikikliai stiklin\u0117ms lentynoms, \u0161iltai balta<\/p>","protected":false},"excerpt":{"rendered":"<p>Kolekcija: EVO<br \/>\nPlotis cm: 63,4<br \/>\n\u016agis cm: 135,2<br \/>\nGylis cm: 40<\/p>","protected":false},"featured_media":235516,"comment_status":"open","ping_status":"open","template":"","meta":[],"product_brand":[],"product_cat":[9336,2970,2006],"product_tag":[],"class_list":{"0":"post-235515","1":"product","2":"type-product","3":"status-publish","4":"has-post-thumbnail","6":"product_cat-furniture-collection-evo","7":"product_cat-mebelbos","8":"product_cat-vitrines","10":"first","11":"instock","12":"purchasable","13":"product-type-simple"},"_links":{"self":[{"href":"https:\/\/baldumarket.lt\/lt\/wp-json\/wp\/v2\/product\/235515","targetHints":{"allow":["GET"]}}],"collection":[{"href":"https:\/\/baldumarket.lt\/lt\/wp-json\/wp\/v2\/product"}],"about":[{"href":"https:\/\/baldumarket.lt\/lt\/wp-json\/wp\/v2\/types\/product"}],"replies":[{"embeddable":true,"href":"https:\/\/baldumarket.lt\/lt\/wp-json\/wp\/v2\/comments?post=235515"}],"wp:featuredmedia":[{"embeddable":true,"href":"https:\/\/baldumarket.lt\/lt\/wp-json\/wp\/v2\/media\/235516"}],"wp:attachment":[{"href":"https:\/\/baldumarket.lt\/lt\/wp-json\/wp\/v2\/media?parent=235515"}],"wp:term":[{"taxonomy":"product_brand","embeddable":true,"href":"https:\/\/baldumarket.lt\/lt\/wp-json\/wp\/v2\/product_brand?post=235515"},{"taxonomy":"product_cat","embeddable":true,"href":"https:\/\/baldumarket.lt\/lt\/wp-json\/wp\/v2\/product_cat?post=235515"},{"taxonomy":"product_tag","embeddable":true,"href":"https:\/\/baldumarket.lt\/lt\/wp-json\/wp\/v2\/product_tag?post=235515"}],"curies":[{"name":"wp","href":"https:\/\/api.w.org\/{rel}","templated":true}]}}