{"id":235508,"date":"2025-12-29T22:37:43","date_gmt":"2025-12-29T19:37:43","guid":{"rendered":"https:\/\/baldumarket.lt\/product\/evo-lawa-2s-110-kaszmir-dab-castello\/"},"modified":"2026-04-07T18:19:37","modified_gmt":"2026-04-07T15:19:37","slug":"evo-lawa-2s-110-kaszmir-dab-castello","status":"publish","type":"product","link":"https:\/\/baldumarket.lt\/lt\/product\/evo-lawa-2s-110-kaszmir-dab-castello\/","title":{"rendered":"EVO kavos staliukas 2 vnt.\/110 ka\u0161myro \/ \u0105\u017euolo spalvos"},"content":{"rendered":"<p>EVO kavos staliukas 2 vnt.\/110, ka\u0161myras \/ Castello \u0105\u017euolas<br \/>\nSvajojate apie svetain\u0119, kurioje kiekvienas daiktas turi savo viet\u0105? EVO kavos staliukas pateisins j\u016bs\u0173 l\u016bkes\u010dius! Minimalistinis dizainas, pary\u0161kintas subtiliu ka\u0161myro atspalviu, puikiai dera prie modernaus interjero. Nat\u016bralios medienos imitacija \u201eCastello Oak\u201c stalvir\u0161is suteikia \u0161ilumos ir jaukumo.<br \/>\nD\u0117l i\u0161manaus dizaino su atviromis lentynomis ir stal\u010diais tur\u0117site papildomos vietos m\u0117gstamoms knygoms, nuotolinio valdymo pultams ir kitiems nieku\u010diams, leisdami susitvarkyti erdv\u0119 ir m\u0117gautis didesne laisve.<br \/>\nAuk\u0161tos metalin\u0117s kojel\u0117s ne tik suteikia stalui lengvumo, bet ir palengvina \u0161var\u0105 po stalu. Tai rei\u0161kia, kad galite pamir\u0161ti apie sunkiai pasiekiam\u0173 viet\u0173 siurbim\u0105. O jei turite augintini\u0173, tikrai \u012fvertinsite lyg\u0173, lengvai valom\u0105 stalvir\u0161io pavir\u0161i\u0173.<br \/>\nTvirta konstrukcija ir kruop\u0161ti apdaila paver\u010dia EVO kavos staliuk\u0105 baldu, kuris \u017eavi tiek dizainu, tiek funkcionalumu. Jis sukurs jauki\u0105 ir patogi\u0105 erdv\u0119 j\u016bs\u0173 svetain\u0117je, puikiai tinkan\u010di\u0105 atsipalaiduoti ir susib\u016brimams su artimaisiais.<br \/>\nSpalva: Ka\u0161myras \/ Castello \u0105\u017euolas<br \/>\nPriekin\u0117s dalys: MDF plok\u0161t\u0117 su PVC folija \/ laminuota bald\u0173 plok\u0161t\u0117<br \/>\nKorpusas: laminuota bald\u0173 plok\u0161t\u0117<br \/>\nVir\u0161us: laminuota bald\u0173 plok\u0161t\u0117<br \/>\nStal\u010diai: rutuliniai guoliai, pilno i\u0161traukimo<br \/>\nKojel\u0117s: metalin\u0117s<br \/>\nRankenos: metalin\u0117s<\/p>","protected":false},"excerpt":{"rendered":"<p>Kolekcija: EVO<br \/>\nPlotis cm: 110<br \/>\n\u016agis cm: 37<br \/>\nGylis cm: 60<\/p>","protected":false},"featured_media":235509,"comment_status":"open","ping_status":"open","template":"","meta":[],"product_brand":[],"product_cat":[9336,2970,1175],"product_tag":[],"class_list":{"0":"post-235508","1":"product","2":"type-product","3":"status-publish","4":"has-post-thumbnail","6":"product_cat-furniture-collection-evo","7":"product_cat-mebelbos","8":"product_cat-tv-stands","10":"first","11":"instock","12":"purchasable","13":"product-type-simple"},"_links":{"self":[{"href":"https:\/\/baldumarket.lt\/lt\/wp-json\/wp\/v2\/product\/235508","targetHints":{"allow":["GET"]}}],"collection":[{"href":"https:\/\/baldumarket.lt\/lt\/wp-json\/wp\/v2\/product"}],"about":[{"href":"https:\/\/baldumarket.lt\/lt\/wp-json\/wp\/v2\/types\/product"}],"replies":[{"embeddable":true,"href":"https:\/\/baldumarket.lt\/lt\/wp-json\/wp\/v2\/comments?post=235508"}],"wp:featuredmedia":[{"embeddable":true,"href":"https:\/\/baldumarket.lt\/lt\/wp-json\/wp\/v2\/media\/235509"}],"wp:attachment":[{"href":"https:\/\/baldumarket.lt\/lt\/wp-json\/wp\/v2\/media?parent=235508"}],"wp:term":[{"taxonomy":"product_brand","embeddable":true,"href":"https:\/\/baldumarket.lt\/lt\/wp-json\/wp\/v2\/product_brand?post=235508"},{"taxonomy":"product_cat","embeddable":true,"href":"https:\/\/baldumarket.lt\/lt\/wp-json\/wp\/v2\/product_cat?post=235508"},{"taxonomy":"product_tag","embeddable":true,"href":"https:\/\/baldumarket.lt\/lt\/wp-json\/wp\/v2\/product_tag?post=235508"}],"curies":[{"name":"wp","href":"https:\/\/api.w.org\/{rel}","templated":true}]}}