{"id":235502,"date":"2025-12-29T22:37:34","date_gmt":"2025-12-29T19:37:34","guid":{"rendered":"https:\/\/baldumarket.lt\/product\/helix-biurko-1d1s-120-dab-evok\/"},"modified":"2026-04-07T18:25:57","modified_gmt":"2026-04-07T15:25:57","slug":"helix-biurko-1d1s-120-dab-evok","status":"publish","type":"product","link":"https:\/\/baldumarket.lt\/lt\/product\/helix-biurko-1d1s-120-dab-evok\/","title":{"rendered":"HELIX ra\u0161omasis stalas 1d1s\/120 \u0105\u017euolo spalvos evok"},"content":{"rendered":"<p>HELIX ra\u0161omasis stalas 120 cm, 1 vnt., \u0105\u017euolas \u201eevok\u201c<br \/>\n\u0160is HELIX kolekcijos ra\u0161omasis stalas \u2013 puikus sprendimas tiems, kurie vertina elegancij\u0105 ir funkcionalum\u0105. I\u0161skirtinis \u0161io baldo bruo\u017eas \u2013 unikalus \u201eevok\u201c \u0105\u017euolo ra\u0161tas su ry\u0161kiu tamsiu mazg\u0173 ra\u0161tu. Be to, HELIX stalas pasi\u017eymi subtiliais grioveliais. Juodos metalin\u0117s rankenos idealiai priglunda prie fasad\u0173 kra\u0161t\u0173, tod\u0117l yra beveik nematomos. HELIX stalas turi stal\u010di\u0173 ir lentyn\u0105 su durel\u0117mis, tod\u0117l idealiai tinka \u012fvairiems daiktams laikyti. HELIX kolekcijos baldai tarnaus daugel\u012f met\u0173 ir taps tikra bet kuri\u0173 nam\u0173 puo\u0161mena.<\/p>","protected":false},"excerpt":{"rendered":"<p>Kolekcija: HELIX<br \/>\nPlotis cm: 120<br \/>\n\u016agis cm: 78<br \/>\nGylis cm: 55<\/p>","protected":false},"featured_media":235503,"comment_status":"open","ping_status":"open","template":"","meta":[],"product_brand":[],"product_cat":[9337,1312,2970],"product_tag":[],"class_list":{"0":"post-235502","1":"product","2":"type-product","3":"status-publish","4":"has-post-thumbnail","6":"product_cat-furniture-collection-helix","7":"product_cat-desks","8":"product_cat-mebelbos","10":"first","11":"instock","12":"purchasable","13":"product-type-simple"},"_links":{"self":[{"href":"https:\/\/baldumarket.lt\/lt\/wp-json\/wp\/v2\/product\/235502","targetHints":{"allow":["GET"]}}],"collection":[{"href":"https:\/\/baldumarket.lt\/lt\/wp-json\/wp\/v2\/product"}],"about":[{"href":"https:\/\/baldumarket.lt\/lt\/wp-json\/wp\/v2\/types\/product"}],"replies":[{"embeddable":true,"href":"https:\/\/baldumarket.lt\/lt\/wp-json\/wp\/v2\/comments?post=235502"}],"wp:featuredmedia":[{"embeddable":true,"href":"https:\/\/baldumarket.lt\/lt\/wp-json\/wp\/v2\/media\/235503"}],"wp:attachment":[{"href":"https:\/\/baldumarket.lt\/lt\/wp-json\/wp\/v2\/media?parent=235502"}],"wp:term":[{"taxonomy":"product_brand","embeddable":true,"href":"https:\/\/baldumarket.lt\/lt\/wp-json\/wp\/v2\/product_brand?post=235502"},{"taxonomy":"product_cat","embeddable":true,"href":"https:\/\/baldumarket.lt\/lt\/wp-json\/wp\/v2\/product_cat?post=235502"},{"taxonomy":"product_tag","embeddable":true,"href":"https:\/\/baldumarket.lt\/lt\/wp-json\/wp\/v2\/product_tag?post=235502"}],"curies":[{"name":"wp","href":"https:\/\/api.w.org\/{rel}","templated":true}]}}