{"id":235497,"date":"2025-12-29T22:37:27","date_gmt":"2025-12-29T19:37:27","guid":{"rendered":"https:\/\/baldumarket.lt\/product\/helix-komoda-2d-100-dab-evok\/"},"modified":"2026-04-07T18:25:57","modified_gmt":"2026-04-07T15:25:57","slug":"helix-komoda-2d-100-dab-evok","status":"publish","type":"product","link":"https:\/\/baldumarket.lt\/lt\/product\/helix-komoda-2d-100-dab-evok\/","title":{"rendered":"HELIX komoda 2d\/100 \u0105\u017euolo spalvos, evok"},"content":{"rendered":"<p>HELIX 100 dviej\u0173 dur\u0173 komoda, Evok \u0105\u017euolas<br \/>\n\u0160i HELIX kolekcijos komoda \u2013 puikus sprendimas tiems, kurie vertina elegancij\u0105 ir funkcionalum\u0105. I\u0161skirtinis \u0161io baldo bruo\u017eas \u2013 unikalus \u201eEvok\u201c \u0105\u017euolo ra\u0161tas su ry\u0161kiu tamsiu mazg\u0173 ra\u0161tu. Be to, HELIX komoda pasi\u017eymi subtiliais grioveliais, kurie suteikia jai patrauklumo. Juodos metalin\u0117s ranken\u0117l\u0117s puikiai integruotos \u012f fasad\u0173 kra\u0161tus, tod\u0117l jos beveik nematomos. HELIX komoda turi lentyn\u0105 u\u017e dureli\u0173, tod\u0117l puikiai tinka laikyti \u012fvairius kasdienius daiktus. Spintel\u0119 galima naudoti svetain\u0117je, miegamajame ar koridoriuje. HELIX kolekcijos baldai tarnaus daugel\u012f met\u0173 ir bus tikra bet kuri\u0173 nam\u0173 puo\u0161mena. Spalva: \u201eEvok\u201c \u0105\u017euolas<br \/>\nPriekin\u0117s dalys: laminuota bald\u0173 plok\u0161t\u0117<br \/>\nKorpusas: laminuota bald\u0173 plok\u0161t\u0117<br \/>\nVir\u0161us: laminuota bald\u0173 plok\u0161t\u0117<br \/>\nStal\u010diai: rutuliniai guoliai, pilno i\u0161traukimo<br \/>\nKojel\u0117s: MDF<br \/>\nMDF juostel\u0117s<br \/>\nRankenos: metalin\u0117s<br \/>\n.<\/p>","protected":false},"excerpt":{"rendered":"<p>\u016agis cm: 87,8<br \/>\nPlotis cm: 98<br \/>\nGylis cm: 40,5<br \/>\nDur\u0173 skai\u010dius: 2<\/p>","protected":false},"featured_media":235498,"comment_status":"open","ping_status":"open","template":"","meta":[],"product_brand":[],"product_cat":[9337,1173,2970],"product_tag":[],"class_list":{"0":"post-235497","1":"product","2":"type-product","3":"status-publish","4":"has-post-thumbnail","6":"product_cat-furniture-collection-helix","7":"product_cat-chests-of-drawers","8":"product_cat-mebelbos","10":"first","11":"instock","12":"purchasable","13":"product-type-simple"},"_links":{"self":[{"href":"https:\/\/baldumarket.lt\/lt\/wp-json\/wp\/v2\/product\/235497","targetHints":{"allow":["GET"]}}],"collection":[{"href":"https:\/\/baldumarket.lt\/lt\/wp-json\/wp\/v2\/product"}],"about":[{"href":"https:\/\/baldumarket.lt\/lt\/wp-json\/wp\/v2\/types\/product"}],"replies":[{"embeddable":true,"href":"https:\/\/baldumarket.lt\/lt\/wp-json\/wp\/v2\/comments?post=235497"}],"wp:featuredmedia":[{"embeddable":true,"href":"https:\/\/baldumarket.lt\/lt\/wp-json\/wp\/v2\/media\/235498"}],"wp:attachment":[{"href":"https:\/\/baldumarket.lt\/lt\/wp-json\/wp\/v2\/media?parent=235497"}],"wp:term":[{"taxonomy":"product_brand","embeddable":true,"href":"https:\/\/baldumarket.lt\/lt\/wp-json\/wp\/v2\/product_brand?post=235497"},{"taxonomy":"product_cat","embeddable":true,"href":"https:\/\/baldumarket.lt\/lt\/wp-json\/wp\/v2\/product_cat?post=235497"},{"taxonomy":"product_tag","embeddable":true,"href":"https:\/\/baldumarket.lt\/lt\/wp-json\/wp\/v2\/product_tag?post=235497"}],"curies":[{"name":"wp","href":"https:\/\/api.w.org\/{rel}","templated":true}]}}