{"id":235464,"date":"2025-12-29T22:36:37","date_gmt":"2025-12-29T19:36:37","guid":{"rendered":"https:\/\/baldumarket.lt\/product\/helix-szafka-nocna-1s-dab-evok\/"},"modified":"2026-04-07T18:25:48","modified_gmt":"2026-04-07T15:25:48","slug":"helix-szafka-nocna-1s-dab-evok","status":"publish","type":"product","link":"https:\/\/baldumarket.lt\/lt\/product\/helix-szafka-nocna-1s-dab-evok\/","title":{"rendered":"HELIX naktinis staliukas, 1 vnt., \u0105\u017euolo spalvos, evok"},"content":{"rendered":"<p>HELIX vienpusis naktinis staliukas Evok \u0105\u017euolo spalvos<br \/>\nUnikalus \u201eEvok\u201c \u0105\u017euolo dizainas su i\u0161skirtiniu tamsiu mazg\u0173 ra\u0161tu.<br \/>\nSubtil\u016bs grioveliai suteikia patrauklumo.<br \/>\nJuodos rankenos idealiai integruotos \u012f fasad\u0173 kra\u0161tus, tod\u0117l jos beveik nematomos.<br \/>\n\u012edomus ir prakti\u0161kas atvir\u0173 lentyn\u0173 panaudojimas televizoriaus staliuke, komodoje ir knyg\u0173 lentynoje.<br \/>\nSpalva: Evok \u0105\u017euolas<br \/>\nPriekin\u0117s dalys: laminuota bald\u0173 plok\u0161t\u0117<br \/>\nKorpusas: laminuota bald\u0173 plok\u0161t\u0117<br \/>\nVir\u0161us: laminuota bald\u0173 plok\u0161t\u0117<br \/>\nStal\u010diai: rutuliniai guoliai, pilno i\u0161traukimo b\u0117geliai<br \/>\nKojel\u0117s: MDF<br \/>\nMDF juostel\u0117s<br \/>\nRankenos: metalin\u0117s<\/p>","protected":false},"excerpt":{"rendered":"<p>Kolekcija: HELIX<br \/>\nPlotis cm: 49,1<br \/>\n\u016agis cm: 53,2<br \/>\nGylis cm: 40<br \/>\nDur\u0173 tipas: Varstomos (atidaromos)<br \/>\nStal\u010di\u0173 skai\u010dius: 1<\/p>","protected":false},"featured_media":235465,"comment_status":"open","ping_status":"open","template":"","meta":[],"product_brand":[],"product_cat":[9337,1176,2970],"product_tag":[],"class_list":{"0":"post-235464","1":"product","2":"type-product","3":"status-publish","4":"has-post-thumbnail","6":"product_cat-furniture-collection-helix","7":"product_cat-bedside-tables","8":"product_cat-mebelbos","10":"first","11":"instock","12":"purchasable","13":"product-type-simple"},"_links":{"self":[{"href":"https:\/\/baldumarket.lt\/lt\/wp-json\/wp\/v2\/product\/235464","targetHints":{"allow":["GET"]}}],"collection":[{"href":"https:\/\/baldumarket.lt\/lt\/wp-json\/wp\/v2\/product"}],"about":[{"href":"https:\/\/baldumarket.lt\/lt\/wp-json\/wp\/v2\/types\/product"}],"replies":[{"embeddable":true,"href":"https:\/\/baldumarket.lt\/lt\/wp-json\/wp\/v2\/comments?post=235464"}],"wp:featuredmedia":[{"embeddable":true,"href":"https:\/\/baldumarket.lt\/lt\/wp-json\/wp\/v2\/media\/235465"}],"wp:attachment":[{"href":"https:\/\/baldumarket.lt\/lt\/wp-json\/wp\/v2\/media?parent=235464"}],"wp:term":[{"taxonomy":"product_brand","embeddable":true,"href":"https:\/\/baldumarket.lt\/lt\/wp-json\/wp\/v2\/product_brand?post=235464"},{"taxonomy":"product_cat","embeddable":true,"href":"https:\/\/baldumarket.lt\/lt\/wp-json\/wp\/v2\/product_cat?post=235464"},{"taxonomy":"product_tag","embeddable":true,"href":"https:\/\/baldumarket.lt\/lt\/wp-json\/wp\/v2\/product_tag?post=235464"}],"curies":[{"name":"wp","href":"https:\/\/api.w.org\/{rel}","templated":true}]}}