{"id":235455,"date":"2025-12-29T22:36:24","date_gmt":"2025-12-29T19:36:24","guid":{"rendered":"https:\/\/baldumarket.lt\/product\/helix-witryna-1d1w-dab-evok\/"},"modified":"2026-04-07T18:25:48","modified_gmt":"2026-04-07T15:25:48","slug":"helix-witryna-1d1w-dab-evok","status":"publish","type":"product","link":"https:\/\/baldumarket.lt\/lt\/product\/helix-witryna-1d1w-dab-evok\/","title":{"rendered":"HELIX vitrina, 1 vnt., 1 vnt., \u0105\u017euolo spalvos, evok"},"content":{"rendered":"<p>HELIX vieneri\u0173 dur\u0173 vitrina i\u0161 \u0105\u017euolo \u201eevok\u201c medienos<br \/>\nUnikalus \u201eevok\u201c \u0105\u017euolo dizainas su i\u0161skirtiniu tamsiu mazg\u0173 ra\u0161tu.<br \/>\n\u00a0 Subtil\u016bs grioveliai padidina bald\u0173 patrauklum\u0105.<br \/>\n\u00a0 Juodos rankenos idealiai integruotos \u012f fasad\u0173 kra\u0161tus, tod\u0117l jos beveik nematomos.<br \/>\n\u00a0 \u012edomus ir prakti\u0161kas atvir\u0173 lentyn\u0173 panaudojimas televizoriaus staliuke, komodoje ir knyg\u0173 lentynoje.<br \/>\nSpalva: \u0105\u017euolas \u201eevok\u201c<br \/>\nPriekin\u0117s dalys: laminuota bald\u0173 plok\u0161t\u0117<br \/>\nKarkasas: laminuota bald\u0173 plok\u0161t\u0117<br \/>\nStalvir\u0161is: laminuota bald\u0173 plok\u0161t\u0117<br \/>\nStal\u010diai: rutuliniai guoliai, pilno i\u0161traukimo<br \/>\nKojel\u0117s: MDF<br \/>\nMDF juostel\u0117s<br \/>\nRankenos: metalin\u0117s<br \/>\nVitrinos ap\u0161vietimas papildomai!<\/p>","protected":false},"excerpt":{"rendered":"<p>Auk\u0161tis cm: 200<br \/>\nPlotis cm: 61,9<br \/>\nGylis cm: 40,5<br \/>\nDur\u0173 skai\u010dius: 2<br \/>\nStiklo elementai: Taip<\/p>","protected":false},"featured_media":235456,"comment_status":"open","ping_status":"open","template":"","meta":[],"product_brand":[],"product_cat":[9337,2970,2006],"product_tag":[],"class_list":{"0":"post-235455","1":"product","2":"type-product","3":"status-publish","4":"has-post-thumbnail","6":"product_cat-furniture-collection-helix","7":"product_cat-mebelbos","8":"product_cat-vitrines","10":"first","11":"instock","12":"purchasable","13":"product-type-simple"},"_links":{"self":[{"href":"https:\/\/baldumarket.lt\/lt\/wp-json\/wp\/v2\/product\/235455","targetHints":{"allow":["GET"]}}],"collection":[{"href":"https:\/\/baldumarket.lt\/lt\/wp-json\/wp\/v2\/product"}],"about":[{"href":"https:\/\/baldumarket.lt\/lt\/wp-json\/wp\/v2\/types\/product"}],"replies":[{"embeddable":true,"href":"https:\/\/baldumarket.lt\/lt\/wp-json\/wp\/v2\/comments?post=235455"}],"wp:featuredmedia":[{"embeddable":true,"href":"https:\/\/baldumarket.lt\/lt\/wp-json\/wp\/v2\/media\/235456"}],"wp:attachment":[{"href":"https:\/\/baldumarket.lt\/lt\/wp-json\/wp\/v2\/media?parent=235455"}],"wp:term":[{"taxonomy":"product_brand","embeddable":true,"href":"https:\/\/baldumarket.lt\/lt\/wp-json\/wp\/v2\/product_brand?post=235455"},{"taxonomy":"product_cat","embeddable":true,"href":"https:\/\/baldumarket.lt\/lt\/wp-json\/wp\/v2\/product_cat?post=235455"},{"taxonomy":"product_tag","embeddable":true,"href":"https:\/\/baldumarket.lt\/lt\/wp-json\/wp\/v2\/product_tag?post=235455"}],"curies":[{"name":"wp","href":"https:\/\/api.w.org\/{rel}","templated":true}]}}