{"id":235441,"date":"2025-12-29T22:36:04","date_gmt":"2025-12-29T19:36:04","guid":{"rendered":"https:\/\/baldumarket.lt\/product\/helix-loze-120-dab-evok\/"},"modified":"2026-04-07T18:25:35","modified_gmt":"2026-04-07T15:25:35","slug":"helix-loze-120-dab-evok","status":"publish","type":"product","link":"https:\/\/baldumarket.lt\/lt\/product\/helix-loze-120-dab-evok\/","title":{"rendered":"HELIX lova 120 \u0105\u017euolo spalvos, evok"},"content":{"rendered":"<p>HELIX 120 cm vaiki\u0161ka lova<br \/>\n\u00a0Unikalus \u201eevok\u201c \u0105\u017euolo dizainas su i\u0161skirtiniu tamsiu mazg\u0173 ra\u0161tu.<br \/>\n\u00a0Subtil\u016bs grioveliai suteikia baldams patrauklumo.<br \/>\n\u00a0\u201eHelix\u201c kolekcij\u0105 sudaro spintos, ra\u0161omasis stalas, spintel\u0117s ir komodos.<br \/>\n\u00a0Spalva: \u0105\u017euolas \u201eevok\u201c<br \/>\n\u00a0Lova parduodama be \u010diu\u017einio ir r\u0117mo.<br \/>\n\u00a0Stal\u010dius galima u\u017esisakyti atskirai.<\/p>","protected":false},"excerpt":{"rendered":"<p>\u016agis cm: 98,5<br \/>\nPlotis cm: 129<br \/>\nGylis cm: 208,6<\/p>","protected":false},"featured_media":235442,"comment_status":"open","ping_status":"open","template":"","meta":[],"product_brand":[],"product_cat":[9337,1969,2970],"product_tag":[],"class_list":{"0":"post-235441","1":"product","2":"type-product","3":"status-publish","4":"has-post-thumbnail","6":"product_cat-furniture-collection-helix","7":"product_cat-beds-120x200","8":"product_cat-mebelbos","10":"first","11":"instock","12":"purchasable","13":"product-type-simple"},"_links":{"self":[{"href":"https:\/\/baldumarket.lt\/lt\/wp-json\/wp\/v2\/product\/235441","targetHints":{"allow":["GET"]}}],"collection":[{"href":"https:\/\/baldumarket.lt\/lt\/wp-json\/wp\/v2\/product"}],"about":[{"href":"https:\/\/baldumarket.lt\/lt\/wp-json\/wp\/v2\/types\/product"}],"replies":[{"embeddable":true,"href":"https:\/\/baldumarket.lt\/lt\/wp-json\/wp\/v2\/comments?post=235441"}],"wp:featuredmedia":[{"embeddable":true,"href":"https:\/\/baldumarket.lt\/lt\/wp-json\/wp\/v2\/media\/235442"}],"wp:attachment":[{"href":"https:\/\/baldumarket.lt\/lt\/wp-json\/wp\/v2\/media?parent=235441"}],"wp:term":[{"taxonomy":"product_brand","embeddable":true,"href":"https:\/\/baldumarket.lt\/lt\/wp-json\/wp\/v2\/product_brand?post=235441"},{"taxonomy":"product_cat","embeddable":true,"href":"https:\/\/baldumarket.lt\/lt\/wp-json\/wp\/v2\/product_cat?post=235441"},{"taxonomy":"product_tag","embeddable":true,"href":"https:\/\/baldumarket.lt\/lt\/wp-json\/wp\/v2\/product_tag?post=235441"}],"curies":[{"name":"wp","href":"https:\/\/api.w.org\/{rel}","templated":true}]}}