{"id":235434,"date":"2025-12-29T22:35:55","date_gmt":"2025-12-29T19:35:55","guid":{"rendered":"https:\/\/baldumarket.lt\/product\/jazz-loze-120-z-pojemnikiem-bialy\/"},"modified":"2026-02-11T18:34:53","modified_gmt":"2026-02-11T15:34:53","slug":"jazz-loze-120-z-pojemnikiem-bialy","status":"publish","type":"product","link":"https:\/\/baldumarket.lt\/lt\/product\/jazz-loze-120-z-pojemnikiem-bialy\/","title":{"rendered":"JAZZ lova 120 su indu, balta"},"content":{"rendered":"<p>JAZZ 120 lova su daiktad\u0117\u017ee \u2013 stilius, patogumas ir funkcionalumas viename. Moderni 120 cm plo\u010dio JAZZ lova \u2013 puikus sprendimas ma\u017eesniems miegamiesiems, jaunimo kambariams ar sve\u010di\u0173 kambariams.<br \/>\nJis pasi\u017eymi eleganti\u0161ku, minimalistiniu dizainu ir universalia balta spalva, kuri puikiai der\u0117s prie bet kokio interjero.<br \/>\nProdukto savyb\u0117s:<br \/>\nStilingas apdaila:<br \/>\nPaprasta forma su subtiliu galv\u016bgaliu suteikia kambariui \u0161viesumo ir modernumo poj\u016bt\u012f. \u012emontuota patalyn\u0117s saugykla:<br \/>\nPrakti\u0161ka daiktad\u0117\u017e\u0117 po r\u0117mu leid\u017eia patogiai laikyti patalyn\u0119, antklodes ir sezoninius tekstil\u0117s gaminius.<br \/>\nTvirta konstrukcija:<br \/>\nStabilus r\u0117mas garantuoja ilgaam\u017ei\u0161kum\u0105 ir saugum\u0105.<br \/>\nBalta spalva: \u0161viesi spalva vizualiai padidina erdv\u0119 ir suteikia kambariui gaivumo.<br \/>\nMatmenys: Plotis 120 cm \u2013 idealiai tinka kaip viengul\u0117 lova su papildomu komfortu.<br \/>\nJAZZ lova derina estetik\u0105 ir komfort\u0105, puikiai tinka tiek moderniam, tiek klasikiniam interjerui. Rinkit\u0117s funkcionalum\u0105 ir stili\u0173 prieinamoje formoje!<\/p>","protected":false},"excerpt":{"rendered":"<p>\u016agis cm: 89,6<br \/>\nPlotis cm: 127,5<br \/>\nIlgis cm: 207<br \/>\n\u010ciu\u017einio matmenys cm: 120 x 200<br \/>\n\u010ciu\u017einys \u012fskai\u010diuotas: Ne<br \/>\nR\u0117mas pridedamas: Taip<br \/>\nSaugykla: Taip<\/p>","protected":false},"featured_media":235435,"comment_status":"open","ping_status":"open","template":"","meta":[],"product_brand":[],"product_cat":[9338,505,2970],"product_tag":[],"class_list":{"0":"post-235434","1":"product","2":"type-product","3":"status-publish","4":"has-post-thumbnail","6":"product_cat-furniture-collection-jazz","7":"product_cat-bedroom-beds","8":"product_cat-mebelbos","10":"first","11":"instock","12":"purchasable","13":"product-type-simple"},"_links":{"self":[{"href":"https:\/\/baldumarket.lt\/lt\/wp-json\/wp\/v2\/product\/235434","targetHints":{"allow":["GET"]}}],"collection":[{"href":"https:\/\/baldumarket.lt\/lt\/wp-json\/wp\/v2\/product"}],"about":[{"href":"https:\/\/baldumarket.lt\/lt\/wp-json\/wp\/v2\/types\/product"}],"replies":[{"embeddable":true,"href":"https:\/\/baldumarket.lt\/lt\/wp-json\/wp\/v2\/comments?post=235434"}],"wp:featuredmedia":[{"embeddable":true,"href":"https:\/\/baldumarket.lt\/lt\/wp-json\/wp\/v2\/media\/235435"}],"wp:attachment":[{"href":"https:\/\/baldumarket.lt\/lt\/wp-json\/wp\/v2\/media?parent=235434"}],"wp:term":[{"taxonomy":"product_brand","embeddable":true,"href":"https:\/\/baldumarket.lt\/lt\/wp-json\/wp\/v2\/product_brand?post=235434"},{"taxonomy":"product_cat","embeddable":true,"href":"https:\/\/baldumarket.lt\/lt\/wp-json\/wp\/v2\/product_cat?post=235434"},{"taxonomy":"product_tag","embeddable":true,"href":"https:\/\/baldumarket.lt\/lt\/wp-json\/wp\/v2\/product_tag?post=235434"}],"curies":[{"name":"wp","href":"https:\/\/api.w.org\/{rel}","templated":true}]}}