{"id":235427,"date":"2025-12-29T22:35:45","date_gmt":"2025-12-29T19:35:45","guid":{"rendered":"https:\/\/baldumarket.lt\/product\/jazz-loze-120-z-pojemnikiem-dab-artisan\/"},"modified":"2026-02-11T18:34:53","modified_gmt":"2026-02-11T15:34:53","slug":"jazz-loze-120-z-pojemnikiem-dab-artisan","status":"publish","type":"product","link":"https:\/\/baldumarket.lt\/lt\/product\/jazz-loze-120-z-pojemnikiem-dab-artisan\/","title":{"rendered":"JAZZ lova 120 su indu, \u0105\u017euolas"},"content":{"rendered":"<p>Auk\u0161tis cm: 89,6 Plotis cm: 127,5 Ilgis cm: 207 \u010ciu\u017einio plotas cm: 120 x 200 \u010ciu\u017einys \u012fskai\u010diuotas: Ne R\u0117mas \u012fskai\u010diuotas: Taip Laikymas: Taip Surenkamas savaime: Taip<br \/>\nJAZZ 120 lova su daiktad\u0117\u017ee \u2013 stilius, patogumas ir funkcionalumas viename<br \/>\nModerni 120 cm plo\u010dio JAZZ lova \u2013 puikus sprendimas ma\u017eesniems miegamiesiems, jaunimo kambariams ar sve\u010di\u0173 kambariams.<br \/>\nJis pasi\u017eymi eleganti\u0161ku, minimalistiniu dizainu, madingo \u201eArtisan Oak\u201c atspalvio, kuris skland\u017eiai dera prie \u012fvairi\u0173 interjero dizain\u0173, suteikdamas jiems \u0161ilt\u0105 ir nat\u016bralumo poj\u016bt\u012f.<br \/>\nProdukto savyb\u0117s:<br \/>\nStilingas apdaila:<br \/>\nPaprasta forma su subtiliu lovos galv\u016bgaliu suteikia kambariui lengvumo ir modernumo poj\u016bt\u012f.<br \/>\n\u012emontuota patalyn\u0117s saugykla:<br \/>\nPrakti\u0161ka daiktad\u0117\u017e\u0117 po r\u0117mu leid\u017eia patogiai laikyti patalyn\u0119, antklodes ir sezoninius tekstil\u0117s gaminius. Tvirta konstrukcija:<br \/>\nStabilus r\u0117mas garantuoja ilgaam\u017ei\u0161kum\u0105 ir saugum\u0105.<br \/>\nArtisan \u0105\u017euolo spalva:<br \/>\nNat\u016bralios medienos \u012fkv\u0117pta spalv\u0173 gama suteikia jaukumo, elegancijos ir nesenstan\u010dio stiliaus bet kuriam kambariui.<br \/>\nMatmenys:<br \/>\nPlotis: 120 cm \u2013 puikiai tinka kaip viengul\u0117 lova su papildoma erdve.<br \/>\nJAZZ lova derina estetik\u0105 ir komfort\u0105, puikiai tinka tiek moderniam, tiek klasikiniam interjerui. Rinkit\u0117s funkcionalum\u0105 ir stili\u0173 prieinamoje formoje!<\/p>","protected":false},"excerpt":{"rendered":"<p>\u016agis cm: 89,6<br \/>\nPlotis cm: 127,5<br \/>\nIlgis cm: 207<br \/>\n\u010ciu\u017einio matmenys cm: 120 x 200<br \/>\n\u010ciu\u017einys \u012fskai\u010diuotas: Ne<br \/>\nR\u0117mas pridedamas: Taip<br \/>\nSaugykla: Taip<\/p>","protected":false},"featured_media":235428,"comment_status":"open","ping_status":"open","template":"","meta":[],"product_brand":[],"product_cat":[9338,505,2970],"product_tag":[],"class_list":{"0":"post-235427","1":"product","2":"type-product","3":"status-publish","4":"has-post-thumbnail","6":"product_cat-furniture-collection-jazz","7":"product_cat-bedroom-beds","8":"product_cat-mebelbos","10":"first","11":"instock","12":"purchasable","13":"product-type-simple"},"_links":{"self":[{"href":"https:\/\/baldumarket.lt\/lt\/wp-json\/wp\/v2\/product\/235427","targetHints":{"allow":["GET"]}}],"collection":[{"href":"https:\/\/baldumarket.lt\/lt\/wp-json\/wp\/v2\/product"}],"about":[{"href":"https:\/\/baldumarket.lt\/lt\/wp-json\/wp\/v2\/types\/product"}],"replies":[{"embeddable":true,"href":"https:\/\/baldumarket.lt\/lt\/wp-json\/wp\/v2\/comments?post=235427"}],"wp:featuredmedia":[{"embeddable":true,"href":"https:\/\/baldumarket.lt\/lt\/wp-json\/wp\/v2\/media\/235428"}],"wp:attachment":[{"href":"https:\/\/baldumarket.lt\/lt\/wp-json\/wp\/v2\/media?parent=235427"}],"wp:term":[{"taxonomy":"product_brand","embeddable":true,"href":"https:\/\/baldumarket.lt\/lt\/wp-json\/wp\/v2\/product_brand?post=235427"},{"taxonomy":"product_cat","embeddable":true,"href":"https:\/\/baldumarket.lt\/lt\/wp-json\/wp\/v2\/product_cat?post=235427"},{"taxonomy":"product_tag","embeddable":true,"href":"https:\/\/baldumarket.lt\/lt\/wp-json\/wp\/v2\/product_tag?post=235427"}],"curies":[{"name":"wp","href":"https:\/\/api.w.org\/{rel}","templated":true}]}}