{"id":235422,"date":"2025-12-29T22:35:38","date_gmt":"2025-12-29T19:35:38","guid":{"rendered":"https:\/\/baldumarket.lt\/product\/jazz-loze-120-z-pojemnikiem-dab-sonoma\/"},"modified":"2026-02-11T18:34:53","modified_gmt":"2026-02-11T15:34:53","slug":"jazz-loze-120-z-pojemnikiem-dab-sonoma","status":"publish","type":"product","link":"https:\/\/baldumarket.lt\/lt\/product\/jazz-loze-120-z-pojemnikiem-dab-sonoma\/","title":{"rendered":"JAZZ lova 120 su indu, Sonoma \u0105\u017euolas"},"content":{"rendered":"<p>JAZZ 120 lova su daiktad\u0117\u017ee \u2013 stilius, patogumas ir funkcionalumas viename<br \/>\nModerni 120 cm plo\u010dio JAZZ lova \u2013 puikus sprendimas ma\u017eesniems miegamiesiems, jaunimo kambariams ar sve\u010di\u0173 kambariams.<br \/>\nJis pasi\u017eymi eleganti\u0161ku, minimalistiniu dizainu ir nesenstan\u010dia Sonoma \u0105\u017euolo spalva, kuri suteikia interjerui jaukumo ir nat\u016bralumo poj\u016bt\u012f.<br \/>\nProdukto savyb\u0117s:<br \/>\nStilingas apdaila:<br \/>\nPaprasta forma su subtiliu galv\u016bgaliu puikiai papildo \u0161ilt\u0105 med\u017eio atspalv\u012f, suteikdama kambariui harmonijos ir modernaus elegancijos.<br \/>\n\u012emontuota patalyn\u0117s saugykla:<br \/>\nPrakti\u0161ka daiktad\u0117\u017e\u0117 po r\u0117mu leid\u017eia patogiai laikyti patalyn\u0119, antklodes ir sezoninius tekstil\u0117s gaminius.<br \/>\nTvirta konstrukcija:<br \/>\nStabilus r\u0117mas garantuoja ilgaam\u017ei\u0161kum\u0105 ir saugum\u0105.<br \/>\nSonoma \u0105\u017euolo spalva:<br \/>\nNat\u016bralus, \u0161viesus med\u017eio atspalvis suteikia interjerui \u0161iltumo ir jaukumo, tuo pa\u010diu vizualiai pa\u0161viesindamas erdv\u0119. Matmenys:<br \/>\nPlotis: 120 cm \u2013 puikiai tinka kaip viengul\u0117 lova, suteikianti papildomo erdv\u0117s jaukumo.<br \/>\nJAZZ lova derina estetik\u0105 ir komfort\u0105, puikiai tinka tiek moderniam, tiek klasikiniam interjerui. Rinkit\u0117s funkcionalum\u0105 ir stili\u0173 nat\u016bralioje aplinkoje!<\/p>","protected":false},"excerpt":{"rendered":"<p>\u016agis cm: 127,5<br \/>\nPlotis cm: 89,6<br \/>\nIlgis cm: 207<br \/>\n\u010ciu\u017einio matmenys cm: 120 x 200<br \/>\n\u010ciu\u017einys \u012fskai\u010diuotas: Ne<br \/>\nR\u0117mas pridedamas: Taip<br \/>\nSaugykla: Taip<\/p>","protected":false},"featured_media":235423,"comment_status":"open","ping_status":"open","template":"","meta":[],"product_brand":[],"product_cat":[9338,505,2970],"product_tag":[],"class_list":{"0":"post-235422","1":"product","2":"type-product","3":"status-publish","4":"has-post-thumbnail","6":"product_cat-furniture-collection-jazz","7":"product_cat-bedroom-beds","8":"product_cat-mebelbos","10":"first","11":"instock","12":"purchasable","13":"product-type-simple"},"_links":{"self":[{"href":"https:\/\/baldumarket.lt\/lt\/wp-json\/wp\/v2\/product\/235422","targetHints":{"allow":["GET"]}}],"collection":[{"href":"https:\/\/baldumarket.lt\/lt\/wp-json\/wp\/v2\/product"}],"about":[{"href":"https:\/\/baldumarket.lt\/lt\/wp-json\/wp\/v2\/types\/product"}],"replies":[{"embeddable":true,"href":"https:\/\/baldumarket.lt\/lt\/wp-json\/wp\/v2\/comments?post=235422"}],"wp:featuredmedia":[{"embeddable":true,"href":"https:\/\/baldumarket.lt\/lt\/wp-json\/wp\/v2\/media\/235423"}],"wp:attachment":[{"href":"https:\/\/baldumarket.lt\/lt\/wp-json\/wp\/v2\/media?parent=235422"}],"wp:term":[{"taxonomy":"product_brand","embeddable":true,"href":"https:\/\/baldumarket.lt\/lt\/wp-json\/wp\/v2\/product_brand?post=235422"},{"taxonomy":"product_cat","embeddable":true,"href":"https:\/\/baldumarket.lt\/lt\/wp-json\/wp\/v2\/product_cat?post=235422"},{"taxonomy":"product_tag","embeddable":true,"href":"https:\/\/baldumarket.lt\/lt\/wp-json\/wp\/v2\/product_tag?post=235422"}],"curies":[{"name":"wp","href":"https:\/\/api.w.org\/{rel}","templated":true}]}}