{"id":235415,"date":"2025-12-29T22:35:28","date_gmt":"2025-12-29T19:35:28","guid":{"rendered":"https:\/\/baldumarket.lt\/product\/jazz-loze-120-z-pojemnikiem-kaszmir\/"},"modified":"2026-02-11T18:34:53","modified_gmt":"2026-02-11T15:34:53","slug":"jazz-loze-120-z-pojemnikiem-kaszmir","status":"publish","type":"product","link":"https:\/\/baldumarket.lt\/lt\/product\/jazz-loze-120-z-pojemnikiem-kaszmir\/","title":{"rendered":"JAZZ lova 120 su ka\u0161myro indu"},"content":{"rendered":"<p>Auk\u0161tis cm: 89,6 Plotis cm: 127,5 Ilgis cm: 207 \u010ciu\u017einio plotas cm: 120 x 200 \u010ciu\u017einys \u012fskai\u010diuotas: Ne R\u0117mas \u012fskai\u010diuotas: Taip Laikymas: Taip Surenkamas savaime: Taip<br \/>\nJAZZ 120 lova su daiktad\u0117\u017ee \u2013 stilius, patogumas ir funkcionalumas viename<br \/>\nModerni 120 cm plo\u010dio JAZZ lova \u2013 puikus sprendimas ma\u017eesniems miegamiesiems, jaunimo kambariams ar sve\u010di\u0173 kambariams.<br \/>\nJis pasi\u017eymi eleganti\u0161ku, minimalistiniu dizainu, madinga ka\u0161myro spalva, kuri puikiai der\u0117s prie \u012fvairi\u0173 interjero dizain\u0173, suteikdama jaukumo ir \u0161ilumos.<br \/>\nProdukto savyb\u0117s:<br \/>\nStilingas apdaila:<br \/>\nPaprasta forma su subtiliu lovos galv\u016bgaliu suteikia kambariui lengvumo ir modernumo poj\u016bt\u012f.<br \/>\n\u012emontuota patalyn\u0117s saugykla:<br \/>\nPrakti\u0161ka daiktad\u0117\u017e\u0117 po r\u0117mu leid\u017eia patogiai laikyti patalyn\u0119, antklodes ir sezoninius tekstil\u0117s gaminius. Tvirta konstrukcija:<br \/>\nStabilus r\u0117mas garantuoja ilgaam\u017ei\u0161kum\u0105 ir saugum\u0105.<br \/>\nKa\u0161myro spalva:<br \/>\nNeutralus, \u0161iltas tonas suteikia interjerui elegancijos ir harmonijos, tuo pa\u010diu i\u0161lieka universalus ir lengvai derinamas su kitais dekoro elementais.<br \/>\nMatmenys:<br \/>\nPlotis: 120 cm \u2013 idealiai tinka kaip viengul\u0117 lova su papildoma erdve.<br \/>\nJAZZ lova derina estetik\u0105 ir komfort\u0105, puikiai tinka tiek moderniam, tiek klasikiniam interjerui. Rinkit\u0117s funkcionalum\u0105 ir stili\u0173 prieinamoje formoje!<br \/>\nTaip pat galite u\u017esisakyti \u201eJass\u201c kolekcijos \u201eKami\u201c baldus \u2013 drabu\u017ei\u0173 spint\u0105 ir \u201eBorg\u201c baldus \u2013 komod\u0105 ir naktin\u012f staliuk\u0105.<\/p>","protected":false},"excerpt":{"rendered":"<p>\u016agis cm: 89,6<br \/>\nPlotis cm: 127,5<br \/>\nIlgis cm: 207<br \/>\n\u010ciu\u017einio matmenys cm: 120 x 200<br \/>\n\u010ciu\u017einys \u012fskai\u010diuotas: Ne<br \/>\nR\u0117mas pridedamas: Taip<br \/>\nSaugykla: Taip<\/p>","protected":false},"featured_media":235416,"comment_status":"open","ping_status":"open","template":"","meta":[],"product_brand":[],"product_cat":[9338,505,2970],"product_tag":[],"class_list":{"0":"post-235415","1":"product","2":"type-product","3":"status-publish","4":"has-post-thumbnail","6":"product_cat-furniture-collection-jazz","7":"product_cat-bedroom-beds","8":"product_cat-mebelbos","10":"first","11":"instock","12":"purchasable","13":"product-type-simple"},"_links":{"self":[{"href":"https:\/\/baldumarket.lt\/lt\/wp-json\/wp\/v2\/product\/235415","targetHints":{"allow":["GET"]}}],"collection":[{"href":"https:\/\/baldumarket.lt\/lt\/wp-json\/wp\/v2\/product"}],"about":[{"href":"https:\/\/baldumarket.lt\/lt\/wp-json\/wp\/v2\/types\/product"}],"replies":[{"embeddable":true,"href":"https:\/\/baldumarket.lt\/lt\/wp-json\/wp\/v2\/comments?post=235415"}],"wp:featuredmedia":[{"embeddable":true,"href":"https:\/\/baldumarket.lt\/lt\/wp-json\/wp\/v2\/media\/235416"}],"wp:attachment":[{"href":"https:\/\/baldumarket.lt\/lt\/wp-json\/wp\/v2\/media?parent=235415"}],"wp:term":[{"taxonomy":"product_brand","embeddable":true,"href":"https:\/\/baldumarket.lt\/lt\/wp-json\/wp\/v2\/product_brand?post=235415"},{"taxonomy":"product_cat","embeddable":true,"href":"https:\/\/baldumarket.lt\/lt\/wp-json\/wp\/v2\/product_cat?post=235415"},{"taxonomy":"product_tag","embeddable":true,"href":"https:\/\/baldumarket.lt\/lt\/wp-json\/wp\/v2\/product_tag?post=235415"}],"curies":[{"name":"wp","href":"https:\/\/api.w.org\/{rel}","templated":true}]}}