{"id":235412,"date":"2025-12-29T22:35:24","date_gmt":"2025-12-29T19:35:24","guid":{"rendered":"https:\/\/baldumarket.lt\/product\/jazz-loze-120-z-pojemnikiem-kasztan-nairobi\/"},"modified":"2026-02-11T18:34:54","modified_gmt":"2026-02-11T15:34:54","slug":"jazz-loze-120-z-pojemnikiem-kasztan-nairobi","status":"publish","type":"product","link":"https:\/\/baldumarket.lt\/lt\/product\/jazz-loze-120-z-pojemnikiem-kasztan-nairobi\/","title":{"rendered":"JAZZ lova 120 su konteineriu ka\u0161tono spalvos Nairobyje"},"content":{"rendered":"<p>JAZZ 120 lova su daiktad\u0117\u017ee \u2013 stilius, patogumas ir funkcionalumas viename<br \/>\nModerni 120 cm plo\u010dio JAZZ lova \u2013 puikus sprendimas ma\u017eesniems miegamiesiems, jaunimo kambariams ar sve\u010di\u0173 kambariams. Ji pasi\u017eymi eleganti\u0161ku, minimalistiniu dizainu ir i\u0161skirtine Nairobi ka\u0161tono spalva, kuri interjerui suteikia \u0161ilumos ir nat\u016bralios, jaukios atmosferos.<br \/>\nProdukto savyb\u0117s:<br \/>\nStilinga apdaila: paprasta forma su subtiliu lovos galv\u016bgaliu suteikia interjerui elegancijos ir charakterio, i\u0161laikant modern\u0173 stili\u0173.<br \/>\n\u012emontuota patalyn\u0117s laikymo d\u0117\u017e\u0117: prakti\u0161ka laikymo d\u0117\u017e\u0117 po r\u0117mu leid\u017eia patogiai laikyti patalyn\u0119, antklodes ar kitus tekstil\u0117s gaminius.<br \/>\nTvirta konstrukcija: stabilus ir patvarus r\u0117mas u\u017etikrina ilgalaik\u012f naudojim\u0105 ir saugum\u0105.<br \/>\nNairobio ka\u0161tono spalva: \u0161iltas, nat\u016bralus medienos atspalvis puikiai dera tiek su \u0161viesiais, tiek su tamsiais aksesuarais.<br \/>\nMatmenys: Plotis 120 cm \u2013 puikus pasirinkimas kaip patogi viengul\u0117 lova.<br \/>\n\u201eJAZZ\u201c lova \u201eNairobi Chestnut\u201c spalvos \u2013 tai harmoningas funkcionalumo, patvarumo ir jaukaus dizaino derinys. \u012ene\u0161kite gamtos \u012fkv\u0117ptos elegancijos \u012f savo erdv\u0119!<\/p>","protected":false},"excerpt":{"rendered":"<p>\u016agis cm: 127,5<br \/>\nPlotis cm: 89,6<br \/>\nIlgis cm: 207<br \/>\n\u010ciu\u017einio matmenys cm: 120 x 200<br \/>\n\u010ciu\u017einys \u012fskai\u010diuotas: Ne<br \/>\nR\u0117mas pridedamas: Taip<br \/>\nSaugykla: Taip<\/p>","protected":false},"featured_media":235413,"comment_status":"open","ping_status":"open","template":"","meta":[],"product_brand":[],"product_cat":[9338,505,2970],"product_tag":[],"class_list":{"0":"post-235412","1":"product","2":"type-product","3":"status-publish","4":"has-post-thumbnail","6":"product_cat-furniture-collection-jazz","7":"product_cat-bedroom-beds","8":"product_cat-mebelbos","10":"first","11":"instock","12":"purchasable","13":"product-type-simple"},"_links":{"self":[{"href":"https:\/\/baldumarket.lt\/lt\/wp-json\/wp\/v2\/product\/235412","targetHints":{"allow":["GET"]}}],"collection":[{"href":"https:\/\/baldumarket.lt\/lt\/wp-json\/wp\/v2\/product"}],"about":[{"href":"https:\/\/baldumarket.lt\/lt\/wp-json\/wp\/v2\/types\/product"}],"replies":[{"embeddable":true,"href":"https:\/\/baldumarket.lt\/lt\/wp-json\/wp\/v2\/comments?post=235412"}],"wp:featuredmedia":[{"embeddable":true,"href":"https:\/\/baldumarket.lt\/lt\/wp-json\/wp\/v2\/media\/235413"}],"wp:attachment":[{"href":"https:\/\/baldumarket.lt\/lt\/wp-json\/wp\/v2\/media?parent=235412"}],"wp:term":[{"taxonomy":"product_brand","embeddable":true,"href":"https:\/\/baldumarket.lt\/lt\/wp-json\/wp\/v2\/product_brand?post=235412"},{"taxonomy":"product_cat","embeddable":true,"href":"https:\/\/baldumarket.lt\/lt\/wp-json\/wp\/v2\/product_cat?post=235412"},{"taxonomy":"product_tag","embeddable":true,"href":"https:\/\/baldumarket.lt\/lt\/wp-json\/wp\/v2\/product_tag?post=235412"}],"curies":[{"name":"wp","href":"https:\/\/api.w.org\/{rel}","templated":true}]}}