{"id":235409,"date":"2025-12-29T22:35:20","date_gmt":"2025-12-29T19:35:20","guid":{"rendered":"https:\/\/baldumarket.lt\/product\/jazz-loze-140-biale-z-pojemnikiem\/"},"modified":"2026-02-11T18:34:54","modified_gmt":"2026-02-11T15:34:54","slug":"jazz-loze-140-biale-z-pojemnikiem","status":"publish","type":"product","link":"https:\/\/baldumarket.lt\/lt\/product\/jazz-loze-140-biale-z-pojemnikiem\/","title":{"rendered":"JAZZ lova 140 balta su konteineriu"},"content":{"rendered":"<p>JAZZ lova, 140 cm, balta, su daiktad\u0117\u017ee<br \/>\nPatogi lova \u2013 b\u016btinas bet kurio miegamojo elementas. JAZZ kolekcijos lova praskaidrins bet kur\u012f tams\u0173 miegam\u0105j\u012f. \u0160is klasikinis baltas baldas puikiai papildys bet kurio miegamojo interjer\u0105. Balta JAZZ lova papildys daugel\u012f m\u016bs\u0173 kolekcij\u0173. Papildomas privalumas \u2013 patalyn\u0117s laikymo vieta ir stilizuotas galv\u016bgalis.<br \/>\n140 cm lova i\u0161 \u201eJazz\u201c kolekcijos, baltos spalvos.<br \/>\nMED\u017dIAGOS:<br \/>\n\u2013 r\u0117mas pagamintas i\u0161 laminuotos bald\u0173 plok\u0161t\u0117s<br \/>\n\u010ciu\u017einys \u012f lovos kain\u0105 ne\u012fskai\u010diuotas.<br \/>\nModernus \u201eJazz\u201c kolekcijos charakteris suteiks j\u016bs\u0173 namams lengvumo, modernumo ir elegancijos, kurios pavyd\u0117s visi j\u016bs\u0173 sve\u010diai. Ramios spalvos ir paprastos, tiesios linijos suteiks bendriems kambariams i\u0161ties spindin\u010di\u0105 i\u0161vaizd\u0105. Daiktad\u0117\u017e\u0117 yra labai prakti\u0161kas sprendimas bet kuriame miegamajame.<\/p>","protected":false},"excerpt":{"rendered":"<p>\u016agis cm: 89,5<br \/>\nPlotis cm: 147,5<br \/>\nIlgis cm: 207<br \/>\n\u010ciu\u017einio matmenys cm: 140 x 200<br \/>\n\u010ciu\u017einys \u012fskai\u010diuotas: Ne<br \/>\nR\u0117mas pridedamas: Taip<br \/>\nSaugykla: Taip<\/p>","protected":false},"featured_media":235390,"comment_status":"open","ping_status":"open","template":"","meta":[],"product_brand":[],"product_cat":[9338,505,2970],"product_tag":[],"class_list":{"0":"post-235409","1":"product","2":"type-product","3":"status-publish","4":"has-post-thumbnail","6":"product_cat-furniture-collection-jazz","7":"product_cat-bedroom-beds","8":"product_cat-mebelbos","10":"first","11":"instock","12":"purchasable","13":"product-type-simple"},"_links":{"self":[{"href":"https:\/\/baldumarket.lt\/lt\/wp-json\/wp\/v2\/product\/235409","targetHints":{"allow":["GET"]}}],"collection":[{"href":"https:\/\/baldumarket.lt\/lt\/wp-json\/wp\/v2\/product"}],"about":[{"href":"https:\/\/baldumarket.lt\/lt\/wp-json\/wp\/v2\/types\/product"}],"replies":[{"embeddable":true,"href":"https:\/\/baldumarket.lt\/lt\/wp-json\/wp\/v2\/comments?post=235409"}],"wp:featuredmedia":[{"embeddable":true,"href":"https:\/\/baldumarket.lt\/lt\/wp-json\/wp\/v2\/media\/235390"}],"wp:attachment":[{"href":"https:\/\/baldumarket.lt\/lt\/wp-json\/wp\/v2\/media?parent=235409"}],"wp:term":[{"taxonomy":"product_brand","embeddable":true,"href":"https:\/\/baldumarket.lt\/lt\/wp-json\/wp\/v2\/product_brand?post=235409"},{"taxonomy":"product_cat","embeddable":true,"href":"https:\/\/baldumarket.lt\/lt\/wp-json\/wp\/v2\/product_cat?post=235409"},{"taxonomy":"product_tag","embeddable":true,"href":"https:\/\/baldumarket.lt\/lt\/wp-json\/wp\/v2\/product_tag?post=235409"}],"curies":[{"name":"wp","href":"https:\/\/api.w.org\/{rel}","templated":true}]}}