{"id":235403,"date":"2025-12-29T22:35:11","date_gmt":"2025-12-29T19:35:11","guid":{"rendered":"https:\/\/baldumarket.lt\/product\/jazz-loze-140-z-pojemnikiem-dab-artisan\/"},"modified":"2026-02-11T18:34:54","modified_gmt":"2026-02-11T15:34:54","slug":"jazz-loze-140-z-pojemnikiem-dab-artisan","status":"publish","type":"product","link":"https:\/\/baldumarket.lt\/lt\/product\/jazz-loze-140-z-pojemnikiem-dab-artisan\/","title":{"rendered":"JAZZ lova 140 su indu, \u0105\u017euolas"},"content":{"rendered":"<p>Auk\u0161tis cm: 89,5 Plotis cm: 147,5 Ilgis cm: 207 \u010ciu\u017einio plotas cm: 140 x 200 \u010ciu\u017einys \u012fskai\u010diuotas: ne R\u0117mas \u012fskai\u010diuotas: taip Daiktad\u0117\u017e\u0117: taip Surenkama savaranki\u0161kai: taip JAZZ lova 140 su daiktad\u0117\u017ee, \u201eArtisan Oak\u201c<br \/>\nLova 140 i\u0161 \u201eJazz\u201c kolekcijos, eleganti\u0161ko \u201eArtisan Oak\u201c atspalvio.<br \/>\nMED\u017dIAGOS:<br \/>\nKorpusas pagamintas i\u0161 laminuotos bald\u0173 plok\u0161t\u0117s<br \/>\n\u010ciu\u017einys ne\u012fskai\u010diuotas.<br \/>\nModernus \u201eJazz\u201c kolekcijos \u201eArtisan Oak\u201c charakteris suteiks j\u016bs\u0173 namams jaukumo, elegancijos ir nat\u016bralaus lengvumo, kurio pavyd\u0117s visi j\u016bs\u0173 sve\u010diai. \u0160ilta medin\u0117 spalv\u0173 gama kartu su paprastomis form\u0173 linijomis suteiks kambariui unikali\u0105 harmonij\u0105 ir stili\u0173.<br \/>\n\u012emontuota daikt\u0173 laikymo spintel\u0117 yra itin prakti\u0161kas sprendimas bet kuriame miegamajame \u2013 puikiai tinka patalynei, antklod\u0117ms ir kitiems tekstil\u0117s gaminiams laikyti.<\/p>","protected":false},"excerpt":{"rendered":"<p>\u016agis cm: 89,5<br \/>\nPlotis cm: 147,5<br \/>\nIlgis cm: 207<br \/>\n\u010ciu\u017einio matmenys cm: 140 x 200<br \/>\n\u010ciu\u017einys \u012fskai\u010diuotas: Ne<br \/>\nR\u0117mas pridedamas: Taip<br \/>\nSaugykla: Taip<\/p>","protected":false},"featured_media":235404,"comment_status":"open","ping_status":"open","template":"","meta":[],"product_brand":[],"product_cat":[9338,505,2970],"product_tag":[],"class_list":{"0":"post-235403","1":"product","2":"type-product","3":"status-publish","4":"has-post-thumbnail","6":"product_cat-furniture-collection-jazz","7":"product_cat-bedroom-beds","8":"product_cat-mebelbos","10":"first","11":"instock","12":"purchasable","13":"product-type-simple"},"_links":{"self":[{"href":"https:\/\/baldumarket.lt\/lt\/wp-json\/wp\/v2\/product\/235403","targetHints":{"allow":["GET"]}}],"collection":[{"href":"https:\/\/baldumarket.lt\/lt\/wp-json\/wp\/v2\/product"}],"about":[{"href":"https:\/\/baldumarket.lt\/lt\/wp-json\/wp\/v2\/types\/product"}],"replies":[{"embeddable":true,"href":"https:\/\/baldumarket.lt\/lt\/wp-json\/wp\/v2\/comments?post=235403"}],"wp:featuredmedia":[{"embeddable":true,"href":"https:\/\/baldumarket.lt\/lt\/wp-json\/wp\/v2\/media\/235404"}],"wp:attachment":[{"href":"https:\/\/baldumarket.lt\/lt\/wp-json\/wp\/v2\/media?parent=235403"}],"wp:term":[{"taxonomy":"product_brand","embeddable":true,"href":"https:\/\/baldumarket.lt\/lt\/wp-json\/wp\/v2\/product_brand?post=235403"},{"taxonomy":"product_cat","embeddable":true,"href":"https:\/\/baldumarket.lt\/lt\/wp-json\/wp\/v2\/product_cat?post=235403"},{"taxonomy":"product_tag","embeddable":true,"href":"https:\/\/baldumarket.lt\/lt\/wp-json\/wp\/v2\/product_tag?post=235403"}],"curies":[{"name":"wp","href":"https:\/\/api.w.org\/{rel}","templated":true}]}}