{"id":235396,"date":"2025-12-29T22:34:58","date_gmt":"2025-12-29T19:34:58","guid":{"rendered":"https:\/\/baldumarket.lt\/product\/jazz-loze-140-z-pojemnikiem-kaszmir\/"},"modified":"2026-02-11T18:34:54","modified_gmt":"2026-02-11T15:34:54","slug":"jazz-loze-140-z-pojemnikiem-kaszmir","status":"publish","type":"product","link":"https:\/\/baldumarket.lt\/lt\/product\/jazz-loze-140-z-pojemnikiem-kaszmir\/","title":{"rendered":"JAZZ lova 140 su ka\u0161myro indu"},"content":{"rendered":"<p>Auk\u0161tis cm: 89,5 Plotis cm: 147,5 Ilgis cm: 207 \u010ciu\u017einio plotas cm: 140 x 200 \u010ciu\u017einys \u012fskai\u010diuotas: ne R\u0117mas \u012fskai\u010diuotas: taip Daiktad\u0117\u017e\u0117: taip Surenkama savaranki\u0161kai: taip JAZZ 140 lova su daiktad\u0117\u017ee i\u0161 ka\u0161myro<br \/>\n140 dyd\u017eio lova i\u0161 \u201eJazz\u201c kolekcijos, eleganti\u0161ko ka\u0161myro atspalvio.<br \/>\nMED\u017dIAGOS:<br \/>\nKorpusas pagamintas i\u0161 laminuotos bald\u0173 plok\u0161t\u0117s<br \/>\n\u010ciu\u017einys ne\u012fskai\u010diuotas.<br \/>\nModernus \u201eJazz\u201c kolekcijos ka\u0161myro stilius suteiks j\u016bs\u0173 namams jaukumo, elegancijos ir lengvumo, kurio pavyd\u0117s visi j\u016bs\u0173 sve\u010diai. Neutralios, \u0161iltos spalvos kartu su paprastomis linijomis suteiks kambariui unikali\u0105 harmonij\u0105 ir stili\u0173.<br \/>\n\u012emontuojamos spintel\u0117s yra itin prakti\u0161kas sprendimas bet kuriame miegamajame \u2013 puikiai tinka patalynei, antklod\u0117ms ir kitiems tekstil\u0117s gaminiams laikyti. Prie \u201eJass\u201c kolekcijos galima u\u017esisakyti papildom\u0173 bald\u0173: \u201eKami\u201c \u2013 drabu\u017ei\u0173 spint\u0105, o \u201eBorg\u201c \u2013 komod\u0105 ir naktin\u012f staliuk\u0105.<\/p>","protected":false},"excerpt":{"rendered":"<p>\u016agis cm: 89,5<br \/>\nPlotis cm: 147,5<br \/>\nIlgis cm: 207<br \/>\n\u010ciu\u017einio matmenys cm: 140 x 200<br \/>\n\u010ciu\u017einys \u012fskai\u010diuotas: Ne<br \/>\nR\u0117mas pridedamas: Taip<br \/>\nSaugykla: Taip<\/p>","protected":false},"featured_media":235397,"comment_status":"open","ping_status":"open","template":"","meta":[],"product_brand":[],"product_cat":[9338,505,2970],"product_tag":[],"class_list":{"0":"post-235396","1":"product","2":"type-product","3":"status-publish","4":"has-post-thumbnail","6":"product_cat-furniture-collection-jazz","7":"product_cat-bedroom-beds","8":"product_cat-mebelbos","10":"first","11":"instock","12":"purchasable","13":"product-type-simple"},"_links":{"self":[{"href":"https:\/\/baldumarket.lt\/lt\/wp-json\/wp\/v2\/product\/235396","targetHints":{"allow":["GET"]}}],"collection":[{"href":"https:\/\/baldumarket.lt\/lt\/wp-json\/wp\/v2\/product"}],"about":[{"href":"https:\/\/baldumarket.lt\/lt\/wp-json\/wp\/v2\/types\/product"}],"replies":[{"embeddable":true,"href":"https:\/\/baldumarket.lt\/lt\/wp-json\/wp\/v2\/comments?post=235396"}],"wp:featuredmedia":[{"embeddable":true,"href":"https:\/\/baldumarket.lt\/lt\/wp-json\/wp\/v2\/media\/235397"}],"wp:attachment":[{"href":"https:\/\/baldumarket.lt\/lt\/wp-json\/wp\/v2\/media?parent=235396"}],"wp:term":[{"taxonomy":"product_brand","embeddable":true,"href":"https:\/\/baldumarket.lt\/lt\/wp-json\/wp\/v2\/product_brand?post=235396"},{"taxonomy":"product_cat","embeddable":true,"href":"https:\/\/baldumarket.lt\/lt\/wp-json\/wp\/v2\/product_cat?post=235396"},{"taxonomy":"product_tag","embeddable":true,"href":"https:\/\/baldumarket.lt\/lt\/wp-json\/wp\/v2\/product_tag?post=235396"}],"curies":[{"name":"wp","href":"https:\/\/api.w.org\/{rel}","templated":true}]}}