{"id":235377,"date":"2025-12-29T22:34:29","date_gmt":"2025-12-29T19:34:29","guid":{"rendered":"https:\/\/baldumarket.lt\/product\/jazz-loze-160-z-pojemnikiem-dab-sonoma\/"},"modified":"2026-02-11T18:34:54","modified_gmt":"2026-02-11T15:34:54","slug":"jazz-loze-160-z-pojemnikiem-dab-sonoma","status":"publish","type":"product","link":"https:\/\/baldumarket.lt\/lt\/product\/jazz-loze-160-z-pojemnikiem-dab-sonoma\/","title":{"rendered":"JAZZ lova 160 su indu, Sonoma \u0105\u017euolas"},"content":{"rendered":"<p>JAZZ lova 160 cm su daiktad\u0117\u017ee, Sonoma \u0105\u017euolas<br \/>\n\u0160i 160 cm plo\u010dio lova i\u0161 \u201eJazz\u201c kolekcijos yra apdailinta Sonoma \u0105\u017euolu.<br \/>\nMED\u017dIAGOS:<br \/>\n\u2013 R\u0117mas pagamintas i\u0161 laminuotos bald\u0173 plok\u0161t\u0117s<br \/>\n\u010ciu\u017einys \u012f kain\u0105 ne\u012fskai\u010diuotas.<br \/>\nModernus \u201eJazz\u201c kolekcijos charakteris suteiks j\u016bs\u0173 namams lengvumo, modernumo ir elegancijos, kurios pavyd\u0117s visi j\u016bs\u0173 sve\u010diai. Raminan\u010dios spalvos ir paprastos, tiesios linijos suteiks elegancijos bet kuriam kambariui. Daiktad\u0117\u017e\u0117 yra labai prakti\u0161kas sprendimas bet kuriam miegamajam.<\/p>","protected":false},"excerpt":{"rendered":"<p>\u016agis cm: 89,5<br \/>\nPlotis cm: 167,5<br \/>\nIlgis cm: 207<br \/>\n\u010ciu\u017einio matmenys cm: 160 x 200<br \/>\n\u010ciu\u017einys \u012fskai\u010diuotas: Ne<br \/>\nR\u0117mas pridedamas: Taip<br \/>\nSaugykla: Taip<\/p>","protected":false},"featured_media":235378,"comment_status":"open","ping_status":"open","template":"","meta":[],"product_brand":[],"product_cat":[9338,505,2970],"product_tag":[],"class_list":{"0":"post-235377","1":"product","2":"type-product","3":"status-publish","4":"has-post-thumbnail","6":"product_cat-furniture-collection-jazz","7":"product_cat-bedroom-beds","8":"product_cat-mebelbos","10":"first","11":"instock","12":"purchasable","13":"product-type-simple"},"_links":{"self":[{"href":"https:\/\/baldumarket.lt\/lt\/wp-json\/wp\/v2\/product\/235377","targetHints":{"allow":["GET"]}}],"collection":[{"href":"https:\/\/baldumarket.lt\/lt\/wp-json\/wp\/v2\/product"}],"about":[{"href":"https:\/\/baldumarket.lt\/lt\/wp-json\/wp\/v2\/types\/product"}],"replies":[{"embeddable":true,"href":"https:\/\/baldumarket.lt\/lt\/wp-json\/wp\/v2\/comments?post=235377"}],"wp:featuredmedia":[{"embeddable":true,"href":"https:\/\/baldumarket.lt\/lt\/wp-json\/wp\/v2\/media\/235378"}],"wp:attachment":[{"href":"https:\/\/baldumarket.lt\/lt\/wp-json\/wp\/v2\/media?parent=235377"}],"wp:term":[{"taxonomy":"product_brand","embeddable":true,"href":"https:\/\/baldumarket.lt\/lt\/wp-json\/wp\/v2\/product_brand?post=235377"},{"taxonomy":"product_cat","embeddable":true,"href":"https:\/\/baldumarket.lt\/lt\/wp-json\/wp\/v2\/product_cat?post=235377"},{"taxonomy":"product_tag","embeddable":true,"href":"https:\/\/baldumarket.lt\/lt\/wp-json\/wp\/v2\/product_tag?post=235377"}],"curies":[{"name":"wp","href":"https:\/\/api.w.org\/{rel}","templated":true}]}}