{"id":235358,"date":"2025-12-29T22:33:59","date_gmt":"2025-12-29T19:33:59","guid":{"rendered":"https:\/\/baldumarket.lt\/product\/kami-szafa-narozna-1d-rama-rozne-kolory\/"},"modified":"2026-02-11T18:34:55","modified_gmt":"2026-02-11T15:34:55","slug":"kami-szafa-narozna-1d-rama-rozne-kolory","status":"publish","type":"product","link":"https:\/\/baldumarket.lt\/lt\/product\/kami-szafa-narozna-1d-rama-rozne-kolory\/","title":{"rendered":"KAMI kampin\u0117 spinta 1d RAMA \u012fvairi\u0173 spalv\u0173"},"content":{"rendered":"<p>Auk\u0161tis cm: 205,6 Plotis cm: 82 Gylis cm: 53,8 Dur\u0173 tipas: Atidaromos Dur\u0173 skai\u010dius: 1 Savaranki\u0161kas surinkimas: Taip<br \/>\nKAMI kampin\u0117 spinta 1d R\u0116MAS \u012fvairi\u0173 spalv\u0173<br \/>\nKampin\u0117 spinta i\u0161 \u201eKami\u201c kolekcijos \u2013 funkcionalumas ir elegancija bet kokiame interjere<br \/>\nStilinga ir prakti\u0161ka kampin\u0117 spinta su r\u0117miniu priekiu, idealiai tinka i\u0161naudoti erdv\u0119 kampe. Galima rinktis kairin\u012f arba de\u0161inin\u012f variantus, tod\u0117l j\u0105 galima lanks\u010diai pritaikyti prie j\u016bs\u0173 interjero i\u0161planavimo. Viduje yra prakti\u0161ka pakaba ir erdvi lentyna, leid\u017eianti patogiai laikyti drabu\u017eius ir aksesuarus.<br \/>\nSpinta yra \u012fvairi\u0173 spalv\u0173, tod\u0117l j\u0105 lengva priderinti prie j\u016bs\u0173 interjero dizaino. Papildomas privalumas yra jos i\u0161pl\u0117timo galimyb\u0117 \u2013 prie kampin\u0117s spintos galite prid\u0117ti kit\u0173 \u201eKami\u201c kolekcijos element\u0173, taip sukurdami funkcional\u0173 ir darn\u0173 bald\u0173 komplekt\u0105. Tai puikus sprendimas \u017emon\u0117ms, kurie vertina estetik\u0105, ilgaam\u017ei\u0161kum\u0105 ir maksimal\u0173 erdv\u0117s i\u0161naudojim\u0105!<\/p>","protected":false},"excerpt":{"rendered":"<p>\u016agis cm: 205,6<br \/>\nPlotis cm: 82<br \/>\nGylis cm: 53,8<br \/>\nDur\u0173 tipas: Atidaromos<br \/>\nDur\u0173 skai\u010dius: 1<\/p>","protected":false},"featured_media":235359,"comment_status":"open","ping_status":"open","template":"","meta":[],"product_brand":[],"product_cat":[9339,2970,1177],"product_tag":[],"class_list":{"0":"post-235358","1":"product","2":"type-product","3":"status-publish","4":"has-post-thumbnail","6":"product_cat-furniture-collection-kami","7":"product_cat-mebelbos","8":"product_cat-wardrobes","10":"first","11":"instock","12":"purchasable","13":"product-type-simple"},"_links":{"self":[{"href":"https:\/\/baldumarket.lt\/lt\/wp-json\/wp\/v2\/product\/235358","targetHints":{"allow":["GET"]}}],"collection":[{"href":"https:\/\/baldumarket.lt\/lt\/wp-json\/wp\/v2\/product"}],"about":[{"href":"https:\/\/baldumarket.lt\/lt\/wp-json\/wp\/v2\/types\/product"}],"replies":[{"embeddable":true,"href":"https:\/\/baldumarket.lt\/lt\/wp-json\/wp\/v2\/comments?post=235358"}],"wp:featuredmedia":[{"embeddable":true,"href":"https:\/\/baldumarket.lt\/lt\/wp-json\/wp\/v2\/media\/235359"}],"wp:attachment":[{"href":"https:\/\/baldumarket.lt\/lt\/wp-json\/wp\/v2\/media?parent=235358"}],"wp:term":[{"taxonomy":"product_brand","embeddable":true,"href":"https:\/\/baldumarket.lt\/lt\/wp-json\/wp\/v2\/product_brand?post=235358"},{"taxonomy":"product_cat","embeddable":true,"href":"https:\/\/baldumarket.lt\/lt\/wp-json\/wp\/v2\/product_cat?post=235358"},{"taxonomy":"product_tag","embeddable":true,"href":"https:\/\/baldumarket.lt\/lt\/wp-json\/wp\/v2\/product_tag?post=235358"}],"curies":[{"name":"wp","href":"https:\/\/api.w.org\/{rel}","templated":true}]}}