{"id":235351,"date":"2025-12-29T22:33:50","date_gmt":"2025-12-29T19:33:50","guid":{"rendered":"https:\/\/baldumarket.lt\/product\/kami-szafa-narozna-1d-w-roznych-kolorach\/"},"modified":"2026-02-11T18:34:55","modified_gmt":"2026-02-11T15:34:55","slug":"kami-szafa-narozna-1d-w-roznych-kolorach","status":"publish","type":"product","link":"https:\/\/baldumarket.lt\/lt\/product\/kami-szafa-narozna-1d-w-roznych-kolorach\/","title":{"rendered":"KAMI kampin\u0117 spinta 1d \u012fvairi\u0173 spalv\u0173"},"content":{"rendered":"<p>Auk\u0161tis cm: 205,6 Plotis cm: 82 Gylis cm: 53,8 Dur\u0173 tipas: Atidaromos Dur\u0173 skai\u010dius: 1 Savaranki\u0161kas surinkimas: Taip<br \/>\nKAMI kampin\u0117 spinta su 1 stal\u010diumi, \u012fvairi\u0173 spalv\u0173<br \/>\nKampin\u0117 spinta \u2013 funkcionalumas ir stilius viename<br \/>\n\u0160i moderni kampin\u0117 spinta yra puikus sprendimas norint sutvarkyti erdv\u0119 miegamajame, prie\u0161kambaryje ar persirengimo kambaryje. Jos sumanus dizainas leid\u017eia maksimaliai i\u0161naudoti erdv\u0119 kampe ir kartu suteikti daug vietos daiktams susid\u0117ti.<br \/>\nSpinta yra kairiarankiams arba de\u0161iniarankiams pritaikyta, tod\u0117l j\u0105 puikiai priderinsite prie savo interjero dizaino. Viduje yra drabu\u017ei\u0173 kabykla ir prakti\u0161ka lentyna, kurioje patogu susid\u0117ti drabu\u017eius, aksesuarus ir kitus kasdienius daiktus.<br \/>\nD\u0117l tvirtos konstrukcijos ir modernaus dizaino \u0161i kampin\u0117 spinta puikiai tinka tiek klasikiniam, tiek moderniam interjerui. J\u0105 galima \u012fsigyti \u012fvairi\u0173 spalv\u0173, tod\u0117l j\u0105 lengva priderinti prie j\u016bs\u0173 interjero stiliaus. Prie spintos galite u\u017esisakyti ir \u201eKami\u201c kolekcijos spint\u0173.<\/p>","protected":false},"excerpt":{"rendered":"<p>\u016agis cm: 205,6<br \/>\nPlotis cm: 82<br \/>\nGylis cm: 53,8<br \/>\nDur\u0173 tipas: Atidaromos<br \/>\nDur\u0173 skai\u010dius: 1<\/p>","protected":false},"featured_media":235352,"comment_status":"open","ping_status":"open","template":"","meta":[],"product_brand":[],"product_cat":[9339,2970,1177],"product_tag":[],"class_list":{"0":"post-235351","1":"product","2":"type-product","3":"status-publish","4":"has-post-thumbnail","6":"product_cat-furniture-collection-kami","7":"product_cat-mebelbos","8":"product_cat-wardrobes","10":"first","11":"instock","12":"purchasable","13":"product-type-simple"},"_links":{"self":[{"href":"https:\/\/baldumarket.lt\/lt\/wp-json\/wp\/v2\/product\/235351","targetHints":{"allow":["GET"]}}],"collection":[{"href":"https:\/\/baldumarket.lt\/lt\/wp-json\/wp\/v2\/product"}],"about":[{"href":"https:\/\/baldumarket.lt\/lt\/wp-json\/wp\/v2\/types\/product"}],"replies":[{"embeddable":true,"href":"https:\/\/baldumarket.lt\/lt\/wp-json\/wp\/v2\/comments?post=235351"}],"wp:featuredmedia":[{"embeddable":true,"href":"https:\/\/baldumarket.lt\/lt\/wp-json\/wp\/v2\/media\/235352"}],"wp:attachment":[{"href":"https:\/\/baldumarket.lt\/lt\/wp-json\/wp\/v2\/media?parent=235351"}],"wp:term":[{"taxonomy":"product_brand","embeddable":true,"href":"https:\/\/baldumarket.lt\/lt\/wp-json\/wp\/v2\/product_brand?post=235351"},{"taxonomy":"product_cat","embeddable":true,"href":"https:\/\/baldumarket.lt\/lt\/wp-json\/wp\/v2\/product_cat?post=235351"},{"taxonomy":"product_tag","embeddable":true,"href":"https:\/\/baldumarket.lt\/lt\/wp-json\/wp\/v2\/product_tag?post=235351"}],"curies":[{"name":"wp","href":"https:\/\/api.w.org\/{rel}","templated":true}]}}