{"id":235346,"date":"2025-12-29T22:33:43","date_gmt":"2025-12-29T19:33:43","guid":{"rendered":"https:\/\/baldumarket.lt\/product\/kami-szafa-z-lustrem-2d2s-rama-w-roznych-kolorach\/"},"modified":"2026-02-11T18:34:55","modified_gmt":"2026-02-11T15:34:55","slug":"kami-szafa-z-lustrem-2d2s-rama-w-roznych-kolorach","status":"publish","type":"product","link":"https:\/\/baldumarket.lt\/lt\/product\/kami-szafa-z-lustrem-2d2s-rama-w-roznych-kolorach\/","title":{"rendered":"KAMI spinta su veidrod\u017eiu, 2 vnt., RAMA, \u012fvairi\u0173 spalv\u0173"},"content":{"rendered":"<p>Auk\u0161tis cm: 205,6 cm, plotis cm: 80 cm, gylis cm: 53,8 cm, dur\u0173 tipas: atidaromos, dureli\u0173 skai\u010dius: 2, stal\u010di\u0173 skai\u010dius: 2, veidrod\u017eiai: taip, svoris kg: 87, savaiminis surinkimas: taip<br \/>\nKAMI spinta su 2 dur\u0173 veidrod\u017eiu, \u012fvairi\u0173 spalv\u0173 priekin\u0117 dalis, r\u0117mas<br \/>\nDviej\u0173 dur\u0173 spinta su veidrod\u017eiu ir dviem stal\u010diais<br \/>\n\u0160i moderni ir funkcionali spinta, kurios plotis \u2013 80 cm, auk\u0161tis \u2013 205,6 cm, o gylis \u2013 53,8 cm, puikiai tiks bet kuriam miegamajam, persirengimo kambariui ar prie\u0161kambariui. Spintos vidus suprojektuotas taip, kad b\u016bt\u0173 kuo papras\u010diau j\u0105 naudoti \u2013 vienoje pus\u0117je yra prakti\u0161kos lentynos drabu\u017eiams, aksesuarams ar patalynei laikyti, o kitoje \u2013 pakabinimo b\u0117gelis ilgesniems daiktams laikyti.<br \/>\nPapildomas privalumas \u2013 du erdv\u016bs stal\u010diai, esantys spintos apa\u010dioje, puikiai tinkantys apatiniams drabu\u017eiams, aksesuarams ar kitiems smulkiems daiktams. Viename i\u0161 fasad\u0173 yra veidrodis, kuris ne tik palengvina kasdien\u012f pasiruo\u0161im\u0105, bet ir vizualiai padidina erdv\u0119.<br \/>\nDrabu\u017ein\u0117 si\u016bloma \u012fvairi\u0173 spalv\u0173 ir i\u0161d\u0117stym\u0173, tod\u0117l puikiai dera prie bet kokio interjero dizaino.<br \/>\nProdukto savyb\u0117s:<br \/>\nMatmenys: plotis 80 cm, auk\u0161tis 205,6 cm, gylis 53,8 cm<br \/>\n2 varstomos durys, vienos i\u0161 j\u0173 su veidrod\u017eiu<br \/>\nGerai apgalvotas vidaus i\u0161d\u0117stymas: lentynos + pakaba<br \/>\n2 prakti\u0161ki, erdv\u016bs stal\u010diai<br \/>\nModernus dizainas ir platus spalv\u0173 pasirinkimas<br \/>\nPuikiai tinka miegamajam, drabu\u017einei ar koridoriui<\/p>","protected":false},"excerpt":{"rendered":"<p>\u016agis cm: 205,6<br \/>\nPlotis cm: 80<br \/>\nGylis cm: 53,8<br \/>\nDur\u0173 tipas: Atidaromos<br \/>\nDur\u0173 skai\u010dius: 2<br \/>\nStal\u010di\u0173 skai\u010dius: 2<br \/>\nVeidrod\u017eiai: Taip<\/p>","protected":false},"featured_media":235347,"comment_status":"open","ping_status":"open","template":"","meta":[],"product_brand":[],"product_cat":[9339,2970,1177],"product_tag":[],"class_list":{"0":"post-235346","1":"product","2":"type-product","3":"status-publish","4":"has-post-thumbnail","6":"product_cat-furniture-collection-kami","7":"product_cat-mebelbos","8":"product_cat-wardrobes","10":"first","11":"instock","12":"purchasable","13":"product-type-simple"},"_links":{"self":[{"href":"https:\/\/baldumarket.lt\/lt\/wp-json\/wp\/v2\/product\/235346","targetHints":{"allow":["GET"]}}],"collection":[{"href":"https:\/\/baldumarket.lt\/lt\/wp-json\/wp\/v2\/product"}],"about":[{"href":"https:\/\/baldumarket.lt\/lt\/wp-json\/wp\/v2\/types\/product"}],"replies":[{"embeddable":true,"href":"https:\/\/baldumarket.lt\/lt\/wp-json\/wp\/v2\/comments?post=235346"}],"wp:featuredmedia":[{"embeddable":true,"href":"https:\/\/baldumarket.lt\/lt\/wp-json\/wp\/v2\/media\/235347"}],"wp:attachment":[{"href":"https:\/\/baldumarket.lt\/lt\/wp-json\/wp\/v2\/media?parent=235346"}],"wp:term":[{"taxonomy":"product_brand","embeddable":true,"href":"https:\/\/baldumarket.lt\/lt\/wp-json\/wp\/v2\/product_brand?post=235346"},{"taxonomy":"product_cat","embeddable":true,"href":"https:\/\/baldumarket.lt\/lt\/wp-json\/wp\/v2\/product_cat?post=235346"},{"taxonomy":"product_tag","embeddable":true,"href":"https:\/\/baldumarket.lt\/lt\/wp-json\/wp\/v2\/product_tag?post=235346"}],"curies":[{"name":"wp","href":"https:\/\/api.w.org\/{rel}","templated":true}]}}