{"id":235334,"date":"2025-12-29T22:33:21","date_gmt":"2025-12-29T19:33:21","guid":{"rendered":"https:\/\/baldumarket.lt\/product\/kami-szafa-z-lustrem-3d2s-120cm-w-roznych-kolorach\/"},"modified":"2026-02-11T18:34:55","modified_gmt":"2026-02-11T15:34:55","slug":"kami-szafa-z-lustrem-3d2s-120cm-w-roznych-kolorach","status":"publish","type":"product","link":"https:\/\/baldumarket.lt\/lt\/product\/kami-szafa-z-lustrem-3d2s-120cm-w-roznych-kolorach\/","title":{"rendered":"KAMI spinta su veidrod\u017eiu 3d2s 120cm, \u012fvairi\u0173 spalv\u0173"},"content":{"rendered":"<p>Auk\u0161tis cm: 205,6 Plotis cm: 120 Gylis cm: 53,8 Dur\u0173 tipas: Atidaromos Dur\u0173 skai\u010dius: 3 Stal\u010di\u0173 skai\u010dius: 2 Veidrod\u017eiai: Taip Savaranki\u0161kas surinkimas: Taip<br \/>\nKAMI spinta su trij\u0173 dur\u0173 veidrod\u017eiu, 120 cm, \u012fvairi\u0173 spalv\u0173<br \/>\nTrij\u0173 dur\u0173 spinta su veidrod\u017eiu ir stal\u010diais<br \/>\nPrakti\u0161ka ir eleganti\u0161ka spinta, kurios matmenys: plotis 120 cm, auk\u0161tis 205,6 cm, gylis 53,8 cm. \u0160is modelis turi tris duris, i\u0161 kuri\u0173 vidurin\u0117s turi veidrod\u012f, kuris ne tik vizualiai padidina erdv\u0119, bet ir yra labai funkcionalus kasdieniam naudojimui.<br \/>\nSpintos viduje yra pakaba drabu\u017eiams pakabinti ir prakti\u0161kos lentynos, skirtos susid\u0117ti drabu\u017ei\u0173 spint\u0105, aksesuarus ir kitus smulkius daiktus. Be to, spinta turi du stal\u010dius, kuriuose galima susid\u0117ti apatinius, aksesuarus ar kitus b\u016btiniausius daiktus. \u0160iuolaiki\u0161kos juodos rankenos u\u017ebaigia i\u0161vaizd\u0105 ir suteikia baldui eleganti\u0161k\u0105 akcent\u0105. Spinta yra \u012fvairi\u0173 spalv\u0173, tod\u0117l ji tiks bet kokiam interjerui.<\/p>","protected":false},"excerpt":{"rendered":"<p>\u016agis cm: 205,6<br \/>\nPlotis cm: 120<br \/>\nGylis cm: 53,8<br \/>\nDur\u0173 tipas: Atidaromos<br \/>\nDur\u0173 skai\u010dius: 3<br \/>\nStal\u010di\u0173 skai\u010dius: 2<br \/>\nVeidrod\u017eiai: Taip<\/p>","protected":false},"featured_media":235335,"comment_status":"open","ping_status":"open","template":"","meta":[],"product_brand":[],"product_cat":[9339,2970,1177],"product_tag":[],"class_list":{"0":"post-235334","1":"product","2":"type-product","3":"status-publish","4":"has-post-thumbnail","6":"product_cat-furniture-collection-kami","7":"product_cat-mebelbos","8":"product_cat-wardrobes","10":"first","11":"instock","12":"purchasable","13":"product-type-simple"},"_links":{"self":[{"href":"https:\/\/baldumarket.lt\/lt\/wp-json\/wp\/v2\/product\/235334","targetHints":{"allow":["GET"]}}],"collection":[{"href":"https:\/\/baldumarket.lt\/lt\/wp-json\/wp\/v2\/product"}],"about":[{"href":"https:\/\/baldumarket.lt\/lt\/wp-json\/wp\/v2\/types\/product"}],"replies":[{"embeddable":true,"href":"https:\/\/baldumarket.lt\/lt\/wp-json\/wp\/v2\/comments?post=235334"}],"wp:featuredmedia":[{"embeddable":true,"href":"https:\/\/baldumarket.lt\/lt\/wp-json\/wp\/v2\/media\/235335"}],"wp:attachment":[{"href":"https:\/\/baldumarket.lt\/lt\/wp-json\/wp\/v2\/media?parent=235334"}],"wp:term":[{"taxonomy":"product_brand","embeddable":true,"href":"https:\/\/baldumarket.lt\/lt\/wp-json\/wp\/v2\/product_brand?post=235334"},{"taxonomy":"product_cat","embeddable":true,"href":"https:\/\/baldumarket.lt\/lt\/wp-json\/wp\/v2\/product_cat?post=235334"},{"taxonomy":"product_tag","embeddable":true,"href":"https:\/\/baldumarket.lt\/lt\/wp-json\/wp\/v2\/product_tag?post=235334"}],"curies":[{"name":"wp","href":"https:\/\/api.w.org\/{rel}","templated":true}]}}