{"id":235327,"date":"2025-12-29T22:33:12","date_gmt":"2025-12-29T19:33:12","guid":{"rendered":"https:\/\/baldumarket.lt\/product\/kami-szafa-z-lustrem-3d2s-rama\/"},"modified":"2026-02-11T18:34:55","modified_gmt":"2026-02-11T15:34:55","slug":"kami-szafa-z-lustrem-3d2s-rama","status":"publish","type":"product","link":"https:\/\/baldumarket.lt\/lt\/product\/kami-szafa-z-lustrem-3d2s-rama\/","title":{"rendered":"KAMI spinta su veidrod\u017eiu 3d2s RAMA"},"content":{"rendered":"<p>Auk\u0161tis cm: 205,6 Plotis cm: 120 Gylis cm: 53,8 Dur\u0173 tipas: Atidaromos Dur\u0173 skai\u010dius: 3 Stal\u010di\u0173 skai\u010dius: 2 Veidrod\u017eiai: Taip Savaranki\u0161kas surinkimas: Taip<br \/>\nKAMI trij\u0173 dur\u0173 spinta su veidrod\u017eiu, dviej\u0173 dur\u0173 r\u0117mu ir stal\u010diais<br \/>\nStilinga ir funkcionali spinta, kurios plotis \u2013 120 cm, auk\u0161tis \u2013 205,6 cm, o gylis \u2013 53,8 cm. \u0160is modelis derina elegancij\u0105 ir prakti\u0161k\u0105 dizain\u0105, tod\u0117l puikiai tinka miegamajam, prie\u0161kambariui ar persirengimo kambariui.<br \/>\nTrys dekoratyviniais r\u0117meliais puo\u0161tos durel\u0117s suteikia baldams klasikinio \u017eavesio, o centrin\u0117je priekyje esantis veidrodis vizualiai padidina erdv\u0119 ir suteikia interjerui lengvumo. Spintos vidus suprojektuotas atsi\u017evelgiant \u012f maksimal\u0173 funkcionalum\u0105 \u2013 joje rasite drabu\u017ei\u0173 pakab\u0105, leid\u017eian\u010di\u0105 tvarkingai laikyti drabu\u017eius, ir erdvias lentynas, puikiai tinkan\u010dias drabu\u017eiams, aksesuarams ir tekstilei. Be to, spintoje yra du prakti\u0161ki stal\u010diai, kurie padeda susitvarkyti ma\u017eesnius daiktus.<br \/>\n\u0160iuolaiki\u0161kos juodos ranken\u0117l\u0117s subtiliai perjungia spalv\u0173 gam\u0105, suteikdamos charakterio. Spinta yra \u012fvairi\u0173 spalv\u0173, tod\u0117l j\u0105 puikiai priderinsite prie savo interjero stiliaus.<\/p>","protected":false},"excerpt":{"rendered":"<p>\u016agis cm: 205,6<br \/>\nPlotis cm: 120<br \/>\nGylis cm: 53,8<br \/>\nDur\u0173 tipas: Atidaromos<br \/>\nDur\u0173 skai\u010dius: 3<br \/>\nStal\u010di\u0173 skai\u010dius: 2<br \/>\nVeidrod\u017eiai: Taip<\/p>","protected":false},"featured_media":235328,"comment_status":"open","ping_status":"open","template":"","meta":[],"product_brand":[],"product_cat":[9339,2970,1177],"product_tag":[],"class_list":{"0":"post-235327","1":"product","2":"type-product","3":"status-publish","4":"has-post-thumbnail","6":"product_cat-furniture-collection-kami","7":"product_cat-mebelbos","8":"product_cat-wardrobes","10":"first","11":"instock","12":"purchasable","13":"product-type-simple"},"_links":{"self":[{"href":"https:\/\/baldumarket.lt\/lt\/wp-json\/wp\/v2\/product\/235327","targetHints":{"allow":["GET"]}}],"collection":[{"href":"https:\/\/baldumarket.lt\/lt\/wp-json\/wp\/v2\/product"}],"about":[{"href":"https:\/\/baldumarket.lt\/lt\/wp-json\/wp\/v2\/types\/product"}],"replies":[{"embeddable":true,"href":"https:\/\/baldumarket.lt\/lt\/wp-json\/wp\/v2\/comments?post=235327"}],"wp:featuredmedia":[{"embeddable":true,"href":"https:\/\/baldumarket.lt\/lt\/wp-json\/wp\/v2\/media\/235328"}],"wp:attachment":[{"href":"https:\/\/baldumarket.lt\/lt\/wp-json\/wp\/v2\/media?parent=235327"}],"wp:term":[{"taxonomy":"product_brand","embeddable":true,"href":"https:\/\/baldumarket.lt\/lt\/wp-json\/wp\/v2\/product_brand?post=235327"},{"taxonomy":"product_cat","embeddable":true,"href":"https:\/\/baldumarket.lt\/lt\/wp-json\/wp\/v2\/product_cat?post=235327"},{"taxonomy":"product_tag","embeddable":true,"href":"https:\/\/baldumarket.lt\/lt\/wp-json\/wp\/v2\/product_tag?post=235327"}],"curies":[{"name":"wp","href":"https:\/\/api.w.org\/{rel}","templated":true}]}}