{"id":235322,"date":"2025-12-29T22:33:04","date_gmt":"2025-12-29T19:33:04","guid":{"rendered":"https:\/\/baldumarket.lt\/product\/kami-szafa-z-lustrem-4d2s-rama-rozne-kolory\/"},"modified":"2026-02-11T18:34:55","modified_gmt":"2026-02-11T15:34:55","slug":"kami-szafa-z-lustrem-4d2s-rama-rozne-kolory","status":"publish","type":"product","link":"https:\/\/baldumarket.lt\/lt\/product\/kami-szafa-z-lustrem-4d2s-rama-rozne-kolory\/","title":{"rendered":"KAMI spinta su veidrod\u017eiu, 4 vnt., 2 vnt., RAMA, \u012fvairi\u0173 spalv\u0173"},"content":{"rendered":"<p>Auk\u0161tis cm: 205,6 cm, plotis cm: 160 cm, gylis cm: 53,8 cm, dur\u0173 tipas: atidaromos, dureli\u0173 skai\u010dius: 4, stal\u010di\u0173 skai\u010dius: 2, veidrod\u017eiai: taip, savaiminis surinkimas: taip<br \/>\nKAMI 4 dur\u0173 spinta su veidrod\u017eiu ir stal\u010diais, \u012fvairi\u0173 spalv\u0173<br \/>\nKeturi\u0173 dur\u0173 spinta su veidrod\u017eiu ir stal\u010diais \u2013 elegancija ir funkcionalumas viename<br \/>\nErdvi, stilinga spinta, kurios plotis \u2013 160 cm, auk\u0161tis \u2013 205,6 cm, o gylis \u2013 53,8 cm. Tai puikus sprendimas miegamajam, persirengimo kambariui ar prie\u0161kambariui \u2013 baldas, kuriame puikiai dera modernus dizainas ir didel\u0117 talpa daiktams susid\u0117ti.<br \/>\nSpinta turi keturis r\u0117minius fasadus, suteikian\u010dius jai eleganti\u0161k\u0105 ir klasikin\u012f charakter\u012f. Centre i\u0161d\u0117styti veidrod\u017eiai ne tik atlieka praktin\u0119 funkcij\u0105, bet ir vizualiai padidina erdv\u0119 bei pa\u0161viesina interjer\u0105. Viduje rasite daugyb\u0119 lentyn\u0173 ir drabu\u017ei\u0173 pakab\u0105, kurioje patogu laikyti pakabintus drabu\u017eius, sulankstytus daiktus, aksesuarus ir d\u0117\u017ees.<br \/>\nDu erdv\u016bs stal\u010diai apa\u010dioje puikiai tinka laikyti apatinius drabu\u017eius, aksesuarus ir kitus smulkius daiktus. Juodos rankenos pary\u0161kina modern\u0173 spintos stili\u0173 ir suteikia i\u0161skirtinumo.<br \/>\n\u012erenginys yra \u012fvairi\u0173 spalv\u0173, tod\u0117l j\u012f lengva priderinti prie j\u016bs\u0173 interjero stiliaus.<\/p>","protected":false},"excerpt":{"rendered":"<p>\u016agis cm: 205,6<br \/>\nPlotis cm: 160<br \/>\nGylis cm: 53,8<br \/>\nDur\u0173 tipas: Atidaromos<br \/>\nDur\u0173 skai\u010dius: 4<br \/>\nStal\u010di\u0173 skai\u010dius: 2<br \/>\nVeidrod\u017eiai: Taip<\/p>","protected":false},"featured_media":235323,"comment_status":"open","ping_status":"open","template":"","meta":[],"product_brand":[],"product_cat":[9339,2970,1177],"product_tag":[],"class_list":{"0":"post-235322","1":"product","2":"type-product","3":"status-publish","4":"has-post-thumbnail","6":"product_cat-furniture-collection-kami","7":"product_cat-mebelbos","8":"product_cat-wardrobes","10":"first","11":"instock","12":"purchasable","13":"product-type-simple"},"_links":{"self":[{"href":"https:\/\/baldumarket.lt\/lt\/wp-json\/wp\/v2\/product\/235322","targetHints":{"allow":["GET"]}}],"collection":[{"href":"https:\/\/baldumarket.lt\/lt\/wp-json\/wp\/v2\/product"}],"about":[{"href":"https:\/\/baldumarket.lt\/lt\/wp-json\/wp\/v2\/types\/product"}],"replies":[{"embeddable":true,"href":"https:\/\/baldumarket.lt\/lt\/wp-json\/wp\/v2\/comments?post=235322"}],"wp:featuredmedia":[{"embeddable":true,"href":"https:\/\/baldumarket.lt\/lt\/wp-json\/wp\/v2\/media\/235323"}],"wp:attachment":[{"href":"https:\/\/baldumarket.lt\/lt\/wp-json\/wp\/v2\/media?parent=235322"}],"wp:term":[{"taxonomy":"product_brand","embeddable":true,"href":"https:\/\/baldumarket.lt\/lt\/wp-json\/wp\/v2\/product_brand?post=235322"},{"taxonomy":"product_cat","embeddable":true,"href":"https:\/\/baldumarket.lt\/lt\/wp-json\/wp\/v2\/product_cat?post=235322"},{"taxonomy":"product_tag","embeddable":true,"href":"https:\/\/baldumarket.lt\/lt\/wp-json\/wp\/v2\/product_tag?post=235322"}],"curies":[{"name":"wp","href":"https:\/\/api.w.org\/{rel}","templated":true}]}}