{"id":235315,"date":"2025-12-29T22:32:54","date_gmt":"2025-12-29T19:32:54","guid":{"rendered":"https:\/\/baldumarket.lt\/product\/kami-szafa-z-lustrem-4d2s-rozne-kolory\/"},"modified":"2026-02-11T18:34:55","modified_gmt":"2026-02-11T15:34:55","slug":"kami-szafa-z-lustrem-4d2s-rozne-kolory","status":"publish","type":"product","link":"https:\/\/baldumarket.lt\/lt\/product\/kami-szafa-z-lustrem-4d2s-rozne-kolory\/","title":{"rendered":"KAMI spinta su veidrod\u017eiu, 4 vnt., \u012fvairi\u0173 spalv\u0173"},"content":{"rendered":"<p>Auk\u0161tis cm: 205,6 Plotis cm: 160 Gylis cm: 53,8 Dur\u0173 tipas: Atidaromos Dur\u0173 skai\u010dius: 4 Stal\u010di\u0173 skai\u010dius: 2 Veidrod\u017eiai: Taip Savaranki\u0161kas surinkimas: Taip<br \/>\nKAMI spinta su veidrod\u017eiu, 4 vnt., \u012fvairi\u0173 spalv\u0173<br \/>\nKeturi\u0173 dur\u0173 spinta su veidrod\u017eiu ir stal\u010diais<br \/>\nPrakti\u0161ka ir eleganti\u0161ka spinta, kurios matmenys: plotis 160 cm, auk\u0161tis 205,6 cm ir gylis 53,8 cm. \u0160is modelis turi keturias duris, i\u0161 kuri\u0173 vidurin\u0117s turi veidrod\u012f, kuris ne tik vizualiai padidina erdv\u0119, bet ir yra labai funkcionalus kasdieniam naudojimui.<br \/>\nSpintos viduje yra drabu\u017ei\u0173 pakabinimo skersinis ir prakti\u0161kos lentynos drabu\u017ei\u0173, aksesuar\u0173 ir kit\u0173 smulki\u0173 daikt\u0173 laikymui. Be to, spinta turi du stal\u010dius, kuriuose galima laikyti apatinius, aksesuarus ar kitus b\u016btiniausius daiktus.<br \/>\n\u0160iuolaikin\u0117s juodos ranken\u0117l\u0117s u\u017ebaigia i\u0161vaizd\u0105, suteikdamos baldams eleganti\u0161k\u0105 charakter\u012f. Spinta yra \u012fvairi\u0173 spalv\u0173, tod\u0117l j\u0105 galima derinti prie bet kokio interjero.<\/p>","protected":false},"excerpt":{"rendered":"<p>\u016agis cm: 205,6<br \/>\nPlotis cm: 160<br \/>\nGylis cm: 53,8<br \/>\nDur\u0173 tipas: Atidaromos<br \/>\nDur\u0173 skai\u010dius: 4<br \/>\nStal\u010di\u0173 skai\u010dius: 2<br \/>\nVeidrod\u017eiai: Taip<\/p>","protected":false},"featured_media":235316,"comment_status":"open","ping_status":"open","template":"","meta":[],"product_brand":[],"product_cat":[9339,2970,1177],"product_tag":[],"class_list":{"0":"post-235315","1":"product","2":"type-product","3":"status-publish","4":"has-post-thumbnail","6":"product_cat-furniture-collection-kami","7":"product_cat-mebelbos","8":"product_cat-wardrobes","10":"first","11":"instock","12":"purchasable","13":"product-type-simple"},"_links":{"self":[{"href":"https:\/\/baldumarket.lt\/lt\/wp-json\/wp\/v2\/product\/235315","targetHints":{"allow":["GET"]}}],"collection":[{"href":"https:\/\/baldumarket.lt\/lt\/wp-json\/wp\/v2\/product"}],"about":[{"href":"https:\/\/baldumarket.lt\/lt\/wp-json\/wp\/v2\/types\/product"}],"replies":[{"embeddable":true,"href":"https:\/\/baldumarket.lt\/lt\/wp-json\/wp\/v2\/comments?post=235315"}],"wp:featuredmedia":[{"embeddable":true,"href":"https:\/\/baldumarket.lt\/lt\/wp-json\/wp\/v2\/media\/235316"}],"wp:attachment":[{"href":"https:\/\/baldumarket.lt\/lt\/wp-json\/wp\/v2\/media?parent=235315"}],"wp:term":[{"taxonomy":"product_brand","embeddable":true,"href":"https:\/\/baldumarket.lt\/lt\/wp-json\/wp\/v2\/product_brand?post=235315"},{"taxonomy":"product_cat","embeddable":true,"href":"https:\/\/baldumarket.lt\/lt\/wp-json\/wp\/v2\/product_cat?post=235315"},{"taxonomy":"product_tag","embeddable":true,"href":"https:\/\/baldumarket.lt\/lt\/wp-json\/wp\/v2\/product_tag?post=235315"}],"curies":[{"name":"wp","href":"https:\/\/api.w.org\/{rel}","templated":true}]}}