{"id":235301,"date":"2025-12-29T22:32:32","date_gmt":"2025-12-29T19:32:32","guid":{"rendered":"https:\/\/baldumarket.lt\/product\/kami-szafa-z-lustrem-ryfla-3d2s-120cm-w-roznych-kolorach\/"},"modified":"2026-02-11T18:34:55","modified_gmt":"2026-02-11T15:34:55","slug":"kami-szafa-z-lustrem-ryfla-3d2s-120cm-w-roznych-kolorach","status":"publish","type":"product","link":"https:\/\/baldumarket.lt\/lt\/product\/kami-szafa-z-lustrem-ryfla-3d2s-120cm-w-roznych-kolorach\/","title":{"rendered":"KAMI spinta su veidrod\u017eiu RYFLA 3d2s 120cm \u012fvairi\u0173 spalv\u0173"},"content":{"rendered":"<p>KAMI Spinta su grioveliais fasadais ir veidrod\u017eiu 3d2s 120 cm<br \/>\n\u0160i trij\u0173 dur\u0173 spinta pasi\u017eymi eleganti\u0161kais, grioveliais fasadais, veidrod\u017eiu ir dviem prakti\u0161kais stal\u010diais.<br \/>\n\u0160i prakti\u0161ka ir stilinga spinta yra 120 cm plo\u010dio, 205,6 cm auk\u0161\u010dio ir 53,8 cm gylio. \u0160is modelis turi tris duris, kuri\u0173 viduryje yra veidrodis, kuris ne tik vizualiai padidina erdv\u0119, bet ir yra ne\u012ftik\u0117tinai funkcionalus kasdieniam naudojimui.<br \/>\nSpintos vidus sukurtas patogiam daikt\u0173 laikymui \u2013 joje rasite drabu\u017ei\u0173 pakabinimo skersin\u012f ir prakti\u0161kas lentynas, skirtas drabu\u017ei\u0173 spintai, aksesuarams ir tekstil\u0117s gaminiams susitvarkyti. Papildomas privalumas \u2013 du erdv\u016bs stal\u010diai, puikiai tinkantys apatiniams ir smulkiems daiktams.<br \/>\nGrioveliai suteikia spintai modern\u0173 ir eleganti\u0161k\u0105 charakter\u012f, o juodos ranken\u0117l\u0117s subtiliai pary\u0161kina jos dizain\u0105.<br \/>\nDrabu\u017ein\u0117 yra \u012fvairi\u0173 spalv\u0173, tod\u0117l puikiai der\u0117s prie bet kokio interjero. Produkto savyb\u0117s:<br \/>\nMatmenys: plotis 120 cm, auk\u0161tis 205,6 cm, gylis 53,8 cm<br \/>\n3 durys, \u012fskaitant centrines veidrodines duris<br \/>\nPriekin\u0117s dalys dekoruotos grioveliais<br \/>\nPrakti\u0161kas i\u0161d\u0117stymas: pakabinimo karnizas + lentynos<br \/>\n2 erdv\u016bs stal\u010diai apatiniams ir aksesuarams<br \/>\nModernios juodos rankenos<br \/>\nPuikiai tinka miegamajam, persirengimo kambariui ar koridoriui<\/p>","protected":false},"excerpt":{"rendered":"<p>KAMI Spinta su grioveliais fasadais ir veidrod\u017eiu 3d2s 120 cm \u0160i trij\u0173 dur\u0173 spinta pasi\u017eymi eleganti\u0161kais, grioveliais fasadais, veidrod\u017eiu ir dviem prakti\u0161kais stal\u010diais. \u0160i prakti\u0161ka ir stilinga spinta yra 120 cm plo\u010dio, 205,6 cm auk\u0161\u010dio ir 53,8 cm gylio. \u0160is modelis turi tris duris, kuri\u0173 viduryje yra veidrodis, kuris ne tik vizualiai [\u2026]<\/p>","protected":false},"featured_media":235302,"comment_status":"open","ping_status":"open","template":"","meta":[],"product_brand":[],"product_cat":[9339,2970,1177],"product_tag":[],"class_list":{"0":"post-235301","1":"product","2":"type-product","3":"status-publish","4":"has-post-thumbnail","6":"product_cat-furniture-collection-kami","7":"product_cat-mebelbos","8":"product_cat-wardrobes","10":"first","11":"instock","12":"purchasable","13":"product-type-simple"},"_links":{"self":[{"href":"https:\/\/baldumarket.lt\/lt\/wp-json\/wp\/v2\/product\/235301","targetHints":{"allow":["GET"]}}],"collection":[{"href":"https:\/\/baldumarket.lt\/lt\/wp-json\/wp\/v2\/product"}],"about":[{"href":"https:\/\/baldumarket.lt\/lt\/wp-json\/wp\/v2\/types\/product"}],"replies":[{"embeddable":true,"href":"https:\/\/baldumarket.lt\/lt\/wp-json\/wp\/v2\/comments?post=235301"}],"wp:featuredmedia":[{"embeddable":true,"href":"https:\/\/baldumarket.lt\/lt\/wp-json\/wp\/v2\/media\/235302"}],"wp:attachment":[{"href":"https:\/\/baldumarket.lt\/lt\/wp-json\/wp\/v2\/media?parent=235301"}],"wp:term":[{"taxonomy":"product_brand","embeddable":true,"href":"https:\/\/baldumarket.lt\/lt\/wp-json\/wp\/v2\/product_brand?post=235301"},{"taxonomy":"product_cat","embeddable":true,"href":"https:\/\/baldumarket.lt\/lt\/wp-json\/wp\/v2\/product_cat?post=235301"},{"taxonomy":"product_tag","embeddable":true,"href":"https:\/\/baldumarket.lt\/lt\/wp-json\/wp\/v2\/product_tag?post=235301"}],"curies":[{"name":"wp","href":"https:\/\/api.w.org\/{rel}","templated":true}]}}