{"id":235294,"date":"2025-12-29T22:32:23","date_gmt":"2025-12-29T19:32:23","guid":{"rendered":"https:\/\/baldumarket.lt\/product\/kami-szafa-z-lustrem-ryfla-4d2s-rozne-kolory\/"},"modified":"2026-02-11T18:34:55","modified_gmt":"2026-02-11T15:34:55","slug":"kami-szafa-z-lustrem-ryfla-4d2s-rozne-kolory","status":"publish","type":"product","link":"https:\/\/baldumarket.lt\/lt\/product\/kami-szafa-z-lustrem-ryfla-4d2s-rozne-kolory\/","title":{"rendered":"KAMI spinta su veidrod\u017eiu RYFLA 4d2s \u012fvairi\u0173 spalv\u0173"},"content":{"rendered":"<p>KAMI spinta su grioveliais fasadais ir veidrod\u017eiu 4d2s<br \/>\nKeturi\u0173 dur\u0173 spinta su eleganti\u0161kais grioveliais fasadais, veidrod\u017eiu ir dviem prakti\u0161kais stal\u010diais.<br \/>\n\u0160i erdvi ir stilinga spinta yra 160 cm plo\u010dio, 205,6 cm auk\u0161\u010dio ir 53,8 cm gylio. \u0160is modelis turi keturias duris, kuri\u0173 viduryje yra veidrodis, kuris ne tik vizualiai padidina erdv\u0119, bet ir palengvina kasdienius pasiruo\u0161imus.<br \/>\nSpintos vidus suprojektuotas taip, kad b\u016bt\u0173 kuo patogiau susid\u0117ti daiktus \u2013 joje rasite pakabinimo b\u0117gel\u012f, puikiai tinkant\u012f ilgesniems drabu\u017eiams, ir prakti\u0161kas lentynas, skirtas susitvarkyti savo drabu\u017ein\u0119, aksesuarus ir tekstil\u0119. Be to, du erdv\u016bs stal\u010diai apatin\u0117je dalyje puikiai tinka apatiniams drabu\u017eiams ir smulkiems daiktams laikyti.<br \/>\nEleganti\u0161kai grioveliai fasadams suteikia baldams unikal\u0173 charakter\u012f, o modernios juodos ranken\u0117l\u0117s pary\u0161kina j\u0173 dizain\u0105.<br \/>\nDrabu\u017ein\u0117 yra \u012fvairi\u0173 spalv\u0173, tod\u0117l j\u0105 galite priderinti prie bet kokio interjero dizaino. Produkto savyb\u0117s:<br \/>\nMatmenys: plotis 160 cm, auk\u0161tis 205,6 cm, gylis 53,8 cm<br \/>\n4 durys, \u012fskaitant centrines veidrodines duris<br \/>\nPriekin\u0117s dalys su dekoratyviniais grioveliais<br \/>\nViduje: pakabinimo karnizas + prakti\u0161kos lentynos<br \/>\n2 erdv\u016bs stal\u010diai aksesuarams ir patalynei<br \/>\nModernios juodos rankenos<br \/>\nPuikiai tinka miegamajam, persirengimo kambariui ar koridoriui<\/p>","protected":false},"excerpt":{"rendered":"<p>\u016agis cm: 205,6<br \/>\nPlotis cm: 160<br \/>\nGylis cm: 53,8<br \/>\nDur\u0173 skai\u010dius: 4<br \/>\nStal\u010di\u0173 skai\u010dius: 2<br \/>\nVeidrod\u017eiai: Taip<\/p>","protected":false},"featured_media":235295,"comment_status":"open","ping_status":"open","template":"","meta":[],"product_brand":[],"product_cat":[9339,2970,1177],"product_tag":[],"class_list":{"0":"post-235294","1":"product","2":"type-product","3":"status-publish","4":"has-post-thumbnail","6":"product_cat-furniture-collection-kami","7":"product_cat-mebelbos","8":"product_cat-wardrobes","10":"first","11":"instock","12":"purchasable","13":"product-type-simple"},"_links":{"self":[{"href":"https:\/\/baldumarket.lt\/lt\/wp-json\/wp\/v2\/product\/235294","targetHints":{"allow":["GET"]}}],"collection":[{"href":"https:\/\/baldumarket.lt\/lt\/wp-json\/wp\/v2\/product"}],"about":[{"href":"https:\/\/baldumarket.lt\/lt\/wp-json\/wp\/v2\/types\/product"}],"replies":[{"embeddable":true,"href":"https:\/\/baldumarket.lt\/lt\/wp-json\/wp\/v2\/comments?post=235294"}],"wp:featuredmedia":[{"embeddable":true,"href":"https:\/\/baldumarket.lt\/lt\/wp-json\/wp\/v2\/media\/235295"}],"wp:attachment":[{"href":"https:\/\/baldumarket.lt\/lt\/wp-json\/wp\/v2\/media?parent=235294"}],"wp:term":[{"taxonomy":"product_brand","embeddable":true,"href":"https:\/\/baldumarket.lt\/lt\/wp-json\/wp\/v2\/product_brand?post=235294"},{"taxonomy":"product_cat","embeddable":true,"href":"https:\/\/baldumarket.lt\/lt\/wp-json\/wp\/v2\/product_cat?post=235294"},{"taxonomy":"product_tag","embeddable":true,"href":"https:\/\/baldumarket.lt\/lt\/wp-json\/wp\/v2\/product_tag?post=235294"}],"curies":[{"name":"wp","href":"https:\/\/api.w.org\/{rel}","templated":true}]}}