{"id":235243,"date":"2025-12-29T22:31:00","date_gmt":"2025-12-29T19:31:00","guid":{"rendered":"https:\/\/baldumarket.lt\/product\/kleo-lawa-90-taupe\/"},"modified":"2026-04-07T18:31:05","modified_gmt":"2026-04-07T15:31:05","slug":"kleo-lawa-90-taupe","status":"publish","type":"product","link":"https:\/\/baldumarket.lt\/lt\/product\/kleo-lawa-90-taupe\/","title":{"rendered":"KLEO suolas 90 pilk\u0161vai rudas"},"content":{"rendered":"<p>KLEO kavos staliukas 90 pilk\u0161vai rudas<br \/>\nSpalva: pilk\u0161va<br \/>\nPriekin\u0117s dalys: MDF plok\u0161t\u0117 su PVC folija \/ laminuota bald\u0173 plok\u0161t\u0117<br \/>\nKorpusas: laminuota bald\u0173 plok\u0161t\u0117<br \/>\nVir\u0161us: laminuota bald\u0173 plok\u0161t\u0117<br \/>\nStal\u010diai: rutuliniai guoliai, pilno i\u0161traukimo<br \/>\nKojel\u0117s: melaminu dengta plok\u0161t\u0117<br \/>\nRankenos: metalin\u0117s<br \/>\n\u00a0<br \/>\n\u201eKLEO\u201c kolekcija skirta \u0161iuolaikini\u0173 vartotoj\u0173, ie\u0161kan\u010di\u0173 bald\u0173, turin\u010di\u0173 plat\u0173 panaudojimo spektr\u0105, poreikiams. Joje yra element\u0173, leid\u017eian\u010di\u0173 sukurti eleganti\u0161k\u0105 poilsio zon\u0105, patogi\u0105 darbo viet\u0105 ir stiling\u0105 daikt\u0173 laikymo viet\u0105. Funkcionalios komodos puikiai tinka tiek svetainei, tiek miegamajam, nes jose yra vietos drabu\u017eiams, patalynei ir kitiems b\u016btiniausiems daiktams laikyti. \u201eKLEO\u201c kolekcijos ra\u0161omasis stalas yra idealus pasirinkimas nam\u0173 biurui ar jaunimo kambariui, kur \u0161is stilingas ir ergonomi\u0161kas baldas palengvins kasdien\u012f darb\u0105 ir mokym\u0105si. Spinta ir lentyn\u0173 sistema yra puikus sprendimas erdv\u0117ms, kurias reikia sutvarkyti \u2013 nuo miegamojo iki jaunimo kambario ir prie\u0161kambario. Dvi vitrinos su stikliniais fasadais leid\u017eia eksponuoti m\u0117gstamus daiktus, tokius kaip knygos, dekoracijos ar stalo \u012frankiai, ir kartu apsaugoti juos nuo dulki\u0173. Tuo tarpu televizoriaus staliukas yra esminis pramog\u0173 zonos elementas, suteikiantis vietos elektronikai ir papildomas lentynas aksesuarams, kuriuos patogu tur\u0117ti po ranka.<\/p>","protected":false},"excerpt":{"rendered":"<p>Kolekcija: KLEO<br \/>\nPlotis cm: 90<br \/>\n\u016agis cm: 41,2<br \/>\nGylis cm: 56<\/p>","protected":false},"featured_media":235244,"comment_status":"open","ping_status":"open","template":"","meta":[],"product_brand":[],"product_cat":[9340,866,2970],"product_tag":[],"class_list":{"0":"post-235243","1":"product","2":"type-product","3":"status-publish","4":"has-post-thumbnail","6":"product_cat-furniture-collection-kleo","7":"product_cat-coffee-tables","8":"product_cat-mebelbos","10":"first","11":"instock","12":"purchasable","13":"product-type-simple"},"_links":{"self":[{"href":"https:\/\/baldumarket.lt\/lt\/wp-json\/wp\/v2\/product\/235243","targetHints":{"allow":["GET"]}}],"collection":[{"href":"https:\/\/baldumarket.lt\/lt\/wp-json\/wp\/v2\/product"}],"about":[{"href":"https:\/\/baldumarket.lt\/lt\/wp-json\/wp\/v2\/types\/product"}],"replies":[{"embeddable":true,"href":"https:\/\/baldumarket.lt\/lt\/wp-json\/wp\/v2\/comments?post=235243"}],"wp:featuredmedia":[{"embeddable":true,"href":"https:\/\/baldumarket.lt\/lt\/wp-json\/wp\/v2\/media\/235244"}],"wp:attachment":[{"href":"https:\/\/baldumarket.lt\/lt\/wp-json\/wp\/v2\/media?parent=235243"}],"wp:term":[{"taxonomy":"product_brand","embeddable":true,"href":"https:\/\/baldumarket.lt\/lt\/wp-json\/wp\/v2\/product_brand?post=235243"},{"taxonomy":"product_cat","embeddable":true,"href":"https:\/\/baldumarket.lt\/lt\/wp-json\/wp\/v2\/product_cat?post=235243"},{"taxonomy":"product_tag","embeddable":true,"href":"https:\/\/baldumarket.lt\/lt\/wp-json\/wp\/v2\/product_tag?post=235243"}],"curies":[{"name":"wp","href":"https:\/\/api.w.org\/{rel}","templated":true}]}}