{"id":235239,"date":"2025-12-29T22:30:54","date_gmt":"2025-12-29T19:30:54","guid":{"rendered":"https:\/\/baldumarket.lt\/product\/lingo-biurko-1d1s-120-bialy-polysk\/"},"modified":"2026-04-07T18:31:05","modified_gmt":"2026-04-07T15:31:05","slug":"lingo-biurko-1d1s-120-bialy-polysk","status":"publish","type":"product","link":"https:\/\/baldumarket.lt\/lt\/product\/lingo-biurko-1d1s-120-bialy-polysk\/","title":{"rendered":"LINGO ra\u0161omasis stalas, 1 vnt., 120 cm, blizgi balta"},"content":{"rendered":"<p>LINGO ra\u0161omasis stalas, 1 vnt., 120 cm, blizgus baltas<br \/>\n\u0160is LINGO kolekcijos ra\u0161omasis stalas puikiai tiks biurams, darbo kambariams ir net paaugli\u0173 kambariams. Stal\u010dius ir lentynos u\u017etikrina didesn\u012f komfort\u0105, nes visus smulkius daiktus gal\u0117site laikyti po ranka, bet ne ant stalo! Klasikinis kolekcijos dizainas, universali balta spalva, si\u016blo plat\u0173 dizaino variant\u0173 pasirinkim\u0105 beveik bet kuriam j\u016bs\u0173 nam\u0173 kambariui. LINGO kolekcija patenkins kiekvien\u0105, kuris vertina nepriekai\u0161ting\u0105 paprastum\u0105 modernioje aplinkoje.<br \/>\n\u201eLingo\u201c kolekcijoje yra komodos, vitrinos ir lentynos \u2013 baldai, puikiai tinkantys svetainei ar valgomajam.<br \/>\nTaip pat galima \u012fsigyti \u201eLingo\u201c lov\u0105 ir naktinius staliukus.<br \/>\n\u017dargonas. AP\u0160VIESINA BET KOKI\u0104 TAMSUM\u0104.<br \/>\n\u00a0 Modernus ir minimalistinis.<br \/>\n\u00a0 Pla\u010dios vir\u0161utin\u0117s dalys, besit\u0119sian\u010dios iki \u012frengini\u0173 priekio, tarnauja kaip dekoratyvinis elementas.<br \/>\n\u00a0 Plat\u016bs \u0161oniniai profiliai suteikia baldams dar didesn\u012f stabilum\u0105.<br \/>\n\u00a0 Blizgi kolekcija papuo\u0161 bet kok\u012f interjer\u0105.<br \/>\n\u00a0Papildomas ap\u0161vietimas vitrinose padidina bald\u0173 patrauklum\u0105.<br \/>\nSpalva: Blizgi balta<br \/>\nPriekin\u0117 dalis: MDF plok\u0161t\u0117 su blizgia PVC folija<br \/>\nKorpusas: laminuota bald\u0173 plok\u0161t\u0117, ABS kra\u0161tai<br \/>\nVir\u0161us: laminuota bald\u0173 plok\u0161t\u0117, ABS kra\u0161tai<br \/>\nStal\u010diai: rutuliniai guoliai, pilno i\u0161traukimo<\/p>","protected":false},"excerpt":{"rendered":"<p>LINGO Desk 1d1s\/120 White Gloss This desk from the LINGO collection is the perfect addition to offices, studies, and even teenagers&#8217; rooms. The drawer and shelves ensure greater comfort, as you can keep all your small essentials close at hand, but not on the tabletop! The classic design of the collection in a versatile white [&hellip;]<\/p>","protected":false},"featured_media":235240,"comment_status":"open","ping_status":"open","template":"","meta":[],"product_brand":[],"product_cat":[9341,1312,2970],"product_tag":[],"class_list":{"0":"post-235239","1":"product","2":"type-product","3":"status-publish","4":"has-post-thumbnail","6":"product_cat-furniture-collection-lingo","7":"product_cat-desks","8":"product_cat-mebelbos","10":"first","11":"instock","12":"purchasable","13":"product-type-simple"},"_links":{"self":[{"href":"https:\/\/baldumarket.lt\/lt\/wp-json\/wp\/v2\/product\/235239","targetHints":{"allow":["GET"]}}],"collection":[{"href":"https:\/\/baldumarket.lt\/lt\/wp-json\/wp\/v2\/product"}],"about":[{"href":"https:\/\/baldumarket.lt\/lt\/wp-json\/wp\/v2\/types\/product"}],"replies":[{"embeddable":true,"href":"https:\/\/baldumarket.lt\/lt\/wp-json\/wp\/v2\/comments?post=235239"}],"wp:featuredmedia":[{"embeddable":true,"href":"https:\/\/baldumarket.lt\/lt\/wp-json\/wp\/v2\/media\/235240"}],"wp:attachment":[{"href":"https:\/\/baldumarket.lt\/lt\/wp-json\/wp\/v2\/media?parent=235239"}],"wp:term":[{"taxonomy":"product_brand","embeddable":true,"href":"https:\/\/baldumarket.lt\/lt\/wp-json\/wp\/v2\/product_brand?post=235239"},{"taxonomy":"product_cat","embeddable":true,"href":"https:\/\/baldumarket.lt\/lt\/wp-json\/wp\/v2\/product_cat?post=235239"},{"taxonomy":"product_tag","embeddable":true,"href":"https:\/\/baldumarket.lt\/lt\/wp-json\/wp\/v2\/product_tag?post=235239"}],"curies":[{"name":"wp","href":"https:\/\/api.w.org\/{rel}","templated":true}]}}